{"id":7315,"date":"2021-12-21T13:14:43","date_gmt":"2021-12-21T12:14:43","guid":{"rendered":"http:\/\/maisondebegon.com\/?page_id=7315"},"modified":"2021-12-31T16:28:06","modified_gmt":"2021-12-31T15:28:06","slug":"ptit-begon-mobile","status":"publish","type":"page","link":"https:\/\/maisondebegon.com\/index.php\/ptit-begon-mobile\/","title":{"rendered":"P&rsquo;tit B\u00e9gon mobile"},"content":{"rendered":"<div class=\"mp-row-fluid motopress-row mpce-dsbl-margin-left mpce-dsbl-margin-right\">\n<div class=\"mp-span12 motopress-clmn  mpce-dsbl-margin-left mpce-dsbl-margin-right\">\n<div class=\"mp-row-fluid motopress-row mpce-dsbl-margin-left mpce-dsbl-margin-right\">\n<div class=\"mp-span12 motopress-clmn mpce-dsbl-margin-left mpce-dsbl-margin-right motopress-margin-bottom-10\">\n<p style=\"text-align: justify;\"><span style=\"font-weight: 400;\">Le P\u2019tit B\u00e9gon mobile est une version nomade de l\u2019offre du P\u2019tit B\u00e9gon, caf\u00e9 culturel de la Maison de B\u00e9gon<\/span><b>.<\/b><\/p>\n<p style=\"text-align: justify;\"><span style=\"font-weight: 400;\">Avec un camion identifi\u00e9,\u00a0il se rendra plusieurs fois par mois dans les quartiers Nord. Il circulera dans l\u2019espace public, et l\u2019\u00e9quipe occupera des lieux d\u00e9termin\u00e9s pour aller vers la population. C\u2019est l\u2019occasion de rencontrer les habitants du quartier, de partager un moment convivial, de dire ce que l\u2019on fait et imaginer ce que l\u2019on pourrait faire.\u00a0<\/span><\/p>\n<p style=\"text-align: justify;\"><span style=\"font-weight: 400;\">A l\u2019image de son homologue, le P\u2019tit B\u00e9gon Mobile se veut une plateforme d\u2019\u00e9changes des savoirs, de croisements de dynamiques, de nouvelles initiatives qui se nourrissent mutuellement \u00e0 travers 3 axes :<\/span><\/p>\n<ol style=\"text-align: justify;\">\n<li style=\"font-weight: 400;\"><span style=\"font-weight: 400;\">L\u2019animation de l\u2019espace public : le P\u2019tit B\u00e9gon mobile\u00a0propose des interventions artistiques, culturelles et\/ou num\u00e9riques qui\u00a0peuvent prendre la forme d\u2019un atelier, d\u2019un spectacle de rue petit format, d\u2019un cours de pratique artistique en plein air, d\u2019un caf\u00e9 des langues, d\u2019un caf\u00e9 des parents, d\u2019une exposition,&#8230;<\/span><\/li>\n<li style=\"font-weight: 400;\"><span style=\"font-weight: 400;\">La concertation\u00a0des habitants : cette pr\u00e9sence a vocation \u00e0 \u00eatre un rendez-vous pour la population, de s\u2019interroger mutuellement et d\u2019imaginer ensemble des actions qui s&rsquo;inscrivent dans l\u2019actualit\u00e9 du quartier.<\/span><\/li>\n<li style=\"font-weight: 400;\"><span style=\"font-weight: 400;\">L\u2019intervention chez les partenaires : dans la perspective de nouer des relations solides de territoire, il\u00a0est indispensable de concevoir notre mobilit\u00e9 au service des partenaires.\u00a0<\/span><\/li>\n<\/ol>\n<\/div>\n<\/div>\n<div class=\"mp-row-fluid motopress-row mpce-dsbl-margin-left mpce-dsbl-margin-right\">\n<div class=\"mp-span12 motopress-clmn mpce-dsbl-margin-left mpce-dsbl-margin-right  motopress-space\">\n<div class=\"motopress-space-obj mpce-dsbl-background-image-type mpce-dsbl-background-image mpce-dsbl-background-gradient mpce-dsbl-background-position mpce-dsbl-background-position-x mpce-dsbl-background-position-y mpce-dsbl-background-repeat mpce-dsbl-background-size mpce-dsbl-background-attachment mpce-dsbl-margin-left mpce-dsbl-margin-right mpce-dsbl-background-color mpce-dsbl-border-top-width mpce-dsbl-border-bottom-width mpce-dsbl-border-left-width mpce-dsbl-border-right-width mpce-dsbl-border-top-left-radius mpce-dsbl-border-top-right-radius mpce-dsbl-border-bottom-left-radius mpce-dsbl-border-bottom-right-radius mpce-dsbl-border-style mpce-dsbl-border-color mpce-dsbl-padding-left mpce-dsbl-padding-right mpce-dsbl-margin-top mpce-dsbl-margin-bottom mpce-dsbl-color\">\n<div><\/div>\n<\/div>\n<\/div>\n<\/div>\n<\/div>\n<\/div>\n<div class=\"mp-row-fluid motopress-row mpce-dsbl-margin-left mpce-dsbl-margin-right\">\n<div class=\"mp-span12 motopress-clmn  mpce-dsbl-margin-left mpce-dsbl-margin-right\">\n<div class=\"motopress-text-obj\">\n<h4 style=\"text-align: justify;\"><span style=\"color: #c5171a;\">CALENDRIER DES SORTIES :<\/span><\/h4>\n<p style=\"color: #333333;\">Programmation en cours d&rsquo;\u00e9laboration<\/p>\n<\/div>\n<\/div>\n<\/div>\n<div class=\"mp-row-fluid motopress-row mpce-dsbl-margin-left mpce-dsbl-margin-right\">\n<div class=\"mp-span12 motopress-clmn  mpce-dsbl-margin-left mpce-dsbl-margin-right  motopress-space\" style=\"min-height: 40px;\">\n<div class=\"motopress-space-obj mpce-dsbl-background-image-type mpce-dsbl-background-image mpce-dsbl-background-gradient mpce-dsbl-background-position mpce-dsbl-background-position-x mpce-dsbl-background-position-y mpce-dsbl-background-repeat mpce-dsbl-background-size mpce-dsbl-background-attachment mpce-dsbl-margin-left mpce-dsbl-margin-right mpce-dsbl-background-color mpce-dsbl-border-top-width mpce-dsbl-border-bottom-width mpce-dsbl-border-left-width mpce-dsbl-border-right-width mpce-dsbl-border-top-left-radius mpce-dsbl-border-top-right-radius mpce-dsbl-border-bottom-left-radius mpce-dsbl-border-bottom-right-radius mpce-dsbl-border-style mpce-dsbl-border-color mpce-dsbl-padding-left mpce-dsbl-padding-right mpce-dsbl-margin-top mpce-dsbl-margin-bottom mpce-dsbl-color\">\n<div><\/div>\n<\/div>\n<\/div>\n<\/div>\n<div class=\"mp-row-fluid motopress-row mpce-dsbl-margin-left mpce-dsbl-margin-right\">\n<div class=\"mp-span12 motopress-clmn  mpce-dsbl-margin-left mpce-dsbl-margin-right\">\n<div class=\"motopress-image-obj motopress-text-align-left\"><img decoding=\"async\" src=\"https:\/\/maisondebegon.com\/wp-content\/uploads\/2020\/03\/Sans-titre-1.png\" title=\"Sans titre - 1\" alt=\"Sans titre - 1\" class=\"motopress-image-obj-basic mpce-dsbl-margin-left mpce-dsbl-margin-right mpce-dsbl-margin-top mpce-dsbl-margin-bottom\" \/><\/div>\n<\/div>\n<\/div>\n","protected":false},"excerpt":{"rendered":"","protected":false},"author":1,"featured_media":0,"parent":0,"menu_order":0,"comment_status":"closed","ping_status":"closed","template":"","meta":{"_uag_custom_page_level_css":"","_wp_convertkit_post_meta":{"form":"-1","landing_page":"0","tag":"0","restrict_content":"0"},"footnotes":""},"class_list":["post-7315","page","type-page","status-publish","czr-hentry"],"uagb_featured_image_src":{"full":false,"thumbnail":false,"medium":false,"medium_large":false,"large":false,"1536x1536":false,"2048x2048":false,"depicter-thumbnail":false,"tc-grid-full":false,"tc-grid":false,"tc-thumb":false,"slider-full":false,"slider":false,"sendpress-max":false},"uagb_author_info":{"display_name":"Maison de B\u00e9gon","author_link":"https:\/\/maisondebegon.com\/author\/maisonb\/"},"uagb_comment_info":0,"uagb_excerpt":null,"jetpack_sharing_enabled":true,"_links":{"self":[{"href":"https:\/\/maisondebegon.com\/index.php\/wp-json\/wp\/v2\/pages\/7315","targetHints":{"allow":["GET"]}}],"collection":[{"href":"https:\/\/maisondebegon.com\/index.php\/wp-json\/wp\/v2\/pages"}],"about":[{"href":"https:\/\/maisondebegon.com\/index.php\/wp-json\/wp\/v2\/types\/page"}],"author":[{"embeddable":true,"href":"https:\/\/maisondebegon.com\/index.php\/wp-json\/wp\/v2\/users\/1"}],"replies":[{"embeddable":true,"href":"https:\/\/maisondebegon.com\/index.php\/wp-json\/wp\/v2\/comments?post=7315"}],"version-history":[{"count":7,"href":"https:\/\/maisondebegon.com\/index.php\/wp-json\/wp\/v2\/pages\/7315\/revisions"}],"predecessor-version":[{"id":7407,"href":"https:\/\/maisondebegon.com\/index.php\/wp-json\/wp\/v2\/pages\/7315\/revisions\/7407"}],"wp:attachment":[{"href":"https:\/\/maisondebegon.com\/index.php\/wp-json\/wp\/v2\/media?parent=7315"}],"curies":[{"name":"wp","href":"https:\/\/api.w.org\/{rel}","templated":true}]}}