{"id":6472,"date":"2021-07-19T14:32:59","date_gmt":"2021-07-19T12:32:59","guid":{"rendered":"http:\/\/maisondebegon.com\/?page_id=6472"},"modified":"2025-01-16T18:50:04","modified_gmt":"2025-01-16T17:50:04","slug":"lassociation","status":"publish","type":"page","link":"https:\/\/maisondebegon.com\/index.php\/lassociation\/","title":{"rendered":"L&rsquo;association"},"content":{"rendered":"<div class=\"mp-row-fluid motopress-row mpce-dsbl-margin-left mpce-dsbl-margin-right\">\n<div class=\"mp-span12 motopress-clmn  mpce-dsbl-margin-left mpce-dsbl-margin-right\">\n<div class=\"mp-row-fluid motopress-row mpce-dsbl-margin-left mpce-dsbl-margin-right\">\n<div class=\"mp-span12 motopress-clmn mpce-dsbl-margin-left mpce-dsbl-margin-right\">\n<div class=\"motopress-text-obj\">\n<h2 style=\"color: #5a5a5a; text-align: center;\"><span style=\"color: #c5171a;\">SES ENGAGEMENTS\u00a0<\/span><\/h2>\n<h2 style=\"color: #5a5a5a; text-align: center;\"><span style=\"color: #c5171a;\">ET SES MODES D\u2019ACTIONS<\/span><\/h2>\n<\/div>\n<\/div>\n<\/div>\n<div class=\"mp-row-fluid motopress-row mpce-dsbl-margin-left mpce-dsbl-margin-right\">\n<div class=\"mp-span12 motopress-clmn mpce-dsbl-margin-left mpce-dsbl-margin-right\">\n<div class=\"motopress-text-obj\">\n<p style=\"margin-bottom: 0px; font-weight: normal; font-stretch: normal; font-size: 12px; line-height: normal; text-align: justify;\"><span style=\"color: #808080;\"><span style=\"font-size: 18px; font-weight: 400;\">Association d&rsquo;\u00e9ducation populaire et centre sociale, la Maison de B\u00e9gon est engag\u00e9e dans la conduite et l\u2019exp\u00e9rimentation de projets artistiques et culturels innovants dans les territoires de la Ville de Blois, en associant habitants, artistes, professionnels de la culture, associations, institutions culturelles et non culturelles autour de la r\u00e9alisation d\u2019\u0153uvres collectives \u00e0 destination de l\u2019espace public.<\/span><\/span><\/p>\n<p style=\"margin-bottom: 0px; font-weight: normal; font-stretch: normal; font-size: 12px; line-height: normal; text-align: justify;\"><span style=\"color: #808080;\"><span style=\"font-size: 18px; font-weight: 400;\">\u00a0<\/span><\/span><\/p>\n<p style=\"margin-bottom: 0px; font-weight: normal; font-stretch: normal; font-size: 12px; line-height: normal; text-align: justify;\"><span style=\"color: #808080;\"><span style=\"font-size: 18px; font-weight: 400;\">Elle impulse \u00e0 travers l&rsquo;ensemble de ses projets, des actions de m\u00e9diation et d&rsquo;accompagnement des habitants vers des offres culturelles p\u00e9rennes dans une logique de territoire.<\/span><\/span><\/p>\n<p style=\"margin-bottom: 0px; font-weight: normal; font-stretch: normal; font-size: 12px; line-height: normal; text-align: justify;\"><span style=\"color: #808080;\"><span style=\"font-size: 18px; font-weight: 400;\">\u00a0<\/span><\/span><\/p>\n<p style=\"margin-bottom: 0px; font-weight: normal; font-stretch: normal; font-size: 12px; line-height: normal; text-align: justify;\"><span style=\"color: #808080;\"><span style=\"font-size: 18px; font-weight: 400;\">L&rsquo;accessibilit\u00e9 des populations dans les quartiers Nord de Blois et la construction de nouvelles d\u00e9marches d&rsquo;action permettent l&rsquo;expression des identit\u00e9s culturelles de chacun et leur valorisation.<\/span><\/span><\/p>\n<p style=\"margin-bottom: 0px; font-weight: normal; font-stretch: normal; font-size: 12px; line-height: normal; text-align: justify;\"><span style=\"color: #808080;\"><span style=\"font-size: 18px; font-weight: 400;\">\u00a0\u00a0<\/span><\/span><\/p>\n<p style=\"margin-bottom: 0px; font-weight: normal; font-stretch: normal; font-size: 12px; line-height: normal; text-align: justify;\"><strong><span style=\"font-size: 18px; color: #808080;\">Des outils transversaux pour des actions diversifi\u00e9es :<\/span><\/strong><\/p>\n<ul style=\"text-align: justify;\">\n<li><span style=\"font-size: 18px; color: #808080;\">L&rsquo;espace public num\u00e9rique,<\/span><\/li>\n<li><span style=\"font-size: 18px; color: #808080;\">La Bobine, productions vid\u00e9os locales et participatives,<\/span><\/li>\n<li><span style=\"font-size: 18px; color: #808080;\">La Micro-Folie et son mus\u00e9e num\u00e9rique,<\/span><\/li>\n<li><span style=\"font-size: 18px; color: #808080;\">Le Fab Lab,<\/span><\/li>\n<li><span style=\"font-size: 18px; color: #808080;\">Le P&rsquo;tit B\u00e9gon, caf\u00e9 culturel, lieu de rencontres et d&rsquo;\u00e9changes,<\/span><\/li>\n<li><span style=\"font-size: 18px; color: #808080;\">Le P&rsquo;tit B\u00e9gon mobile,<\/span><\/li>\n<li><span style=\"font-size: 18px; color: #808080;\">L&rsquo;espace des initiatives artistiques et culturelles.<\/span><\/li>\n<\/ul>\n<p style=\"margin-bottom: 0px; font-weight: normal; font-stretch: normal; font-size: 12px; line-height: normal; text-align: justify;\"><strong><span style=\"font-size: 18px; color: #808080;\">Des projets \u00e0 destination de tous :<\/span><\/strong><\/p>\n<ul>\n<li style=\"text-align: justify;\"><span style=\"font-size: 18px; color: #808080;\">Une programmation de spectacles,<\/span><\/li>\n<li style=\"text-align: justify;\"><span style=\"font-size: 18px; color: #808080;\">Des r\u00e9sidences artistiques,<\/span><\/li>\n<li style=\"text-align: justify;\"><span style=\"font-size: 18px; color: #808080;\">Des ateliers artistiques, linguistiques et de bien-\u00eatre,<\/span><\/li>\n<li style=\"text-align: justify;\"><span style=\"font-size: 18px; color: #808080;\">Une action sociale et culturelle concert\u00e9e dans les quartiers Nord,<\/span><\/li>\n<li style=\"text-align: justify;\"><span style=\"color: #808080;\"><span style=\"font-size: 18px;\">La construction de projets collectifs et participatifs,<\/span><\/span><\/li>\n<li style=\"text-align: justify;\"><span style=\"color: #808080;\"><span style=\"font-size: 18px;\">Une\u00a0m\u00e9diation sociale et scolaire,<\/span><\/span><\/li>\n<li style=\"text-align: justify;\"><span style=\"color: #808080;\"><span style=\"font-size: 18px;\">Les habitants relais,<\/span><\/span><\/li>\n<li style=\"text-align: justify;\"><span style=\"color: #808080;\"><span style=\"font-size: 18px;\">Un centre de ressources des pratiques artistiques et culturelles d\u00e9di\u00e9 aux \u00e9coles, coll\u00e8ges et acteurs du territoire,<\/span><\/span><\/li>\n<li><span style=\"color: #808080;\"><span style=\"font-size: 18px;\">Des \u00e9v\u00e9nements : la Guinguette de Blois, les Renc&rsquo;Arts.<\/span><\/span><\/li>\n<\/ul>\n<\/div>\n<\/div>\n<\/div>\n<\/div>\n<\/div>\n\n\n<div class=\"mp-row-fluid motopress-row mpce-dsbl-margin-left mpce-dsbl-margin-right\">\n<div class=\"mp-span12 motopress-clmn  mpce-dsbl-margin-left mpce-dsbl-margin-right  motopress-space\" style=\"min-height: 40px;\">\n<div class=\"motopress-space-obj mpce-dsbl-background-image-type mpce-dsbl-background-image mpce-dsbl-background-gradient mpce-dsbl-background-position mpce-dsbl-background-position-x mpce-dsbl-background-position-y mpce-dsbl-background-repeat mpce-dsbl-background-size mpce-dsbl-background-attachment mpce-dsbl-margin-left mpce-dsbl-margin-right mpce-dsbl-background-color mpce-dsbl-border-top-width mpce-dsbl-border-bottom-width mpce-dsbl-border-left-width mpce-dsbl-border-right-width mpce-dsbl-border-top-left-radius mpce-dsbl-border-top-right-radius mpce-dsbl-border-bottom-left-radius mpce-dsbl-border-bottom-right-radius mpce-dsbl-border-style mpce-dsbl-border-color mpce-dsbl-padding-left mpce-dsbl-padding-right mpce-dsbl-margin-top mpce-dsbl-margin-bottom mpce-dsbl-color\">\n<div><\/div>\n<\/div>\n<\/div>\n<\/div>\n\n\n<div class=\"mp-row-fluid motopress-row mpce-dsbl-margin-left mpce-dsbl-margin-right\">\n<div class=\"mp-span12 motopress-clmn  mpce-dsbl-margin-left mpce-dsbl-margin-right\">\n<div class=\"motopress-image-obj motopress-text-align-left\"><img decoding=\"async\" src=\"https:\/\/maisondebegon.com\/wp-content\/uploads\/2021\/07\/LASSOCIATION.jpg\" title=\"L&#039;ASSOCIATION\" alt=\"L'ASSOCIATION\" class=\"motopress-image-obj-basic mpce-dsbl-margin-left mpce-dsbl-margin-right mpce-dsbl-margin-top mpce-dsbl-margin-bottom\" \/><\/div>\n<\/div>\n<\/div>\n\n\n<div class=\"mp-row-fluid motopress-row mpce-dsbl-margin-left mpce-dsbl-margin-right\">\n<div class=\"mp-span12 motopress-clmn  mpce-dsbl-margin-left mpce-dsbl-margin-right\">\n<div class=\"motopress-image-obj motopress-text-align-left\"><img decoding=\"async\" src=\"https:\/\/maisondebegon.com\/wp-content\/uploads\/2020\/03\/Sans-titre-1.png\" title=\"Sans titre - 1\" alt=\"Sans titre - 1\" class=\"motopress-image-obj-basic mpce-dsbl-margin-left mpce-dsbl-margin-right mpce-dsbl-margin-top mpce-dsbl-margin-bottom\" \/><\/div>\n<\/div>\n<\/div>\n","protected":false},"excerpt":{"rendered":"","protected":false},"author":1,"featured_media":0,"parent":0,"menu_order":0,"comment_status":"closed","ping_status":"closed","template":"","meta":{"_uag_custom_page_level_css":"","jetpack_post_was_ever_published":false,"footnotes":""},"class_list":["post-6472","page","type-page","status-publish","czr-hentry"],"uagb_featured_image_src":{"full":false,"thumbnail":false,"medium":false,"medium_large":false,"large":false,"1536x1536":false,"2048x2048":false,"depicter-thumbnail":false,"tc-grid-full":false,"tc-grid":false,"tc-thumb":false,"slider-full":false,"slider":false,"sendpress-max":false},"uagb_author_info":{"display_name":"Maison de B\u00e9gon","author_link":"https:\/\/maisondebegon.com\/author\/maisonb\/"},"uagb_comment_info":0,"uagb_excerpt":null,"jetpack_sharing_enabled":true,"jetpack_shortlink":"https:\/\/wp.me\/P7DqpT-1Go","_links":{"self":[{"href":"https:\/\/maisondebegon.com\/index.php\/wp-json\/wp\/v2\/pages\/6472","targetHints":{"allow":["GET"]}}],"collection":[{"href":"https:\/\/maisondebegon.com\/index.php\/wp-json\/wp\/v2\/pages"}],"about":[{"href":"https:\/\/maisondebegon.com\/index.php\/wp-json\/wp\/v2\/types\/page"}],"author":[{"embeddable":true,"href":"https:\/\/maisondebegon.com\/index.php\/wp-json\/wp\/v2\/users\/1"}],"replies":[{"embeddable":true,"href":"https:\/\/maisondebegon.com\/index.php\/wp-json\/wp\/v2\/comments?post=6472"}],"version-history":[{"count":10,"href":"https:\/\/maisondebegon.com\/index.php\/wp-json\/wp\/v2\/pages\/6472\/revisions"}],"predecessor-version":[{"id":9501,"href":"https:\/\/maisondebegon.com\/index.php\/wp-json\/wp\/v2\/pages\/6472\/revisions\/9501"}],"wp:attachment":[{"href":"https:\/\/maisondebegon.com\/index.php\/wp-json\/wp\/v2\/media?parent=6472"}],"curies":[{"name":"wp","href":"https:\/\/api.w.org\/{rel}","templated":true}]}}