{"id":5899,"date":"2020-11-19T16:12:56","date_gmt":"2020-11-19T15:12:56","guid":{"rendered":"http:\/\/maisondebegon.com\/?page_id=5899"},"modified":"2025-01-16T18:41:48","modified_gmt":"2025-01-16T17:41:48","slug":"presentation-4","status":"publish","type":"page","link":"https:\/\/maisondebegon.com\/index.php\/presentation-4\/","title":{"rendered":"Pr\u00e9sentation"},"content":{"rendered":"<div class=\"mp-row-fluid motopress-row mpce-dsbl-margin-left mpce-dsbl-margin-right\">\n<div class=\"mp-span12 motopress-clmn  mpce-dsbl-margin-left mpce-dsbl-margin-right\">\n<div class=\"mp-row-fluid motopress-row mpce-dsbl-margin-left mpce-dsbl-margin-right\">\n<div class=\"mp-span12 motopress-clmn mpce-dsbl-margin-left mpce-dsbl-margin-right\">\n<div class=\"motopress-text-obj\">\n<h2 style=\"color: #5a5a5a; text-align: center;\"><span style=\"color: #c5171a;\">Bienvenue sur le site de la Maison de B\u00e9gon !<\/span><\/h2>\n<\/div>\n<\/div>\n<\/div>\n<div class=\"mp-row-fluid motopress-row mpce-dsbl-margin-left mpce-dsbl-margin-right\">\n<div class=\"mp-span12 motopress-clmn mpce-dsbl-margin-left mpce-dsbl-margin-right\">\n<div class=\"motopress-text-obj\">\n<p style=\"margin-bottom: 0px; font-weight: normal; font-stretch: normal; font-size: 12px; line-height: normal; text-align: justify;\"><span style=\"font-size: 18px; color: #808080;\">Lieu d\u2019\u00e9change, de d\u00e9couverte, de pratique, la Maison de B\u00e9gon est une association culturelle et sociale situ\u00e9e dans les quartiers Nord de la ville de Blois. Cr\u00e9\u00e9e en 1972, elle met, depuis toujours, toute son \u00e9nergie \u00e0 favoriser les croisements, les rencontres et les initiatives pour promouvoir la diversit\u00e9 culturelle via la programmation de spectacles, la formation artistique, les projets d\u2019action sociale et culturelle, le soutien \u00e0 la cr\u00e9ation et l\u2019organisation d&rsquo;\u00e9v\u00e8nements.<\/span><\/p>\n<\/div>\n<\/div>\n<\/div>\n<\/div>\n<\/div>\n\n\n<div class=\"mp-row-fluid motopress-row mpce-dsbl-margin-left mpce-dsbl-margin-right\">\n<div class=\"mp-span12 motopress-clmn  mpce-dsbl-margin-left mpce-dsbl-margin-right  motopress-space\" style=\"min-height: 40px;\">\n<div class=\"motopress-space-obj mpce-dsbl-background-image-type mpce-dsbl-background-image mpce-dsbl-background-gradient mpce-dsbl-background-position mpce-dsbl-background-position-x mpce-dsbl-background-position-y mpce-dsbl-background-repeat mpce-dsbl-background-size mpce-dsbl-background-attachment mpce-dsbl-margin-left mpce-dsbl-margin-right mpce-dsbl-background-color mpce-dsbl-border-top-width mpce-dsbl-border-bottom-width mpce-dsbl-border-left-width mpce-dsbl-border-right-width mpce-dsbl-border-top-left-radius mpce-dsbl-border-top-right-radius mpce-dsbl-border-bottom-left-radius mpce-dsbl-border-bottom-right-radius mpce-dsbl-border-style mpce-dsbl-border-color mpce-dsbl-padding-left mpce-dsbl-padding-right mpce-dsbl-margin-top mpce-dsbl-margin-bottom mpce-dsbl-color\">\n<div><\/div>\n<\/div>\n<\/div>\n<\/div>\n\n\n<div class=\"mp-row-fluid motopress-row mpce-dsbl-margin-left mpce-dsbl-margin-right\">\n<div class=\"mp-span12 motopress-clmn  mpce-dsbl-margin-left mpce-dsbl-margin-right\">\n<div class=\"motopress-code-obj mpce-prvt-5899-5ea1b6efeba78\">\n<div class=\"motopress-text-obj\">\n\t\t\t\t<div class=\"row image-hover-page-container\">\r\n\t\t\t\t \t\t\t\t\t\t\t\t\t\t\t\t\t\t\t\t\t\t\t\t\t\t\t\t\t\t\t\t\t\t\t\t\t\t\t\t\t\t\t\t\t\t\t\t\t\t\t\t\t\t\t\t\t\t\t\t\t\t\t\t\t\t\t\t\t\t\t\t\t\t\t\t\t\t\t\t\t\t\t\t\t\t\t\t\t\t\t\t\t\t\t\t\t\t\t\t\t\t\t\t\t\t\t\t\t\t\t\t\t\t\t\t\t\t\t\t\t\t\t\t\t\t\t\t\t\t\t\t\t\t\t\t\t\t\t\t\t\t\t\t\t\t\t\t\t\t\t\t\t\t\t\t\t\t\t\t\t\t\t\t\t\t\t\t\t\t\t\t\t\t\t\t\t\t\t\t\t\t\t\t\t\t\t\t\t\t\t\t\t\t\t\t\t\t\t\t\t\t\t\t\t\t\t\t\t\t\t\t\t\t\t\t\t\t\t\t\t\t\t\t\t\t\t\t\t\t\t\t\t\t\t\t\t\t\t\t\t\t\t\t\t\t\t\t\t\t\t\t\t\t\t\t\t\t\t\t\t\t\t\t\t\t\t\t\t\t\t\t\t\t\t\t\t\t\t\t\t\t\t\t\t\t\t\t\t\t\t\t\t\t\t\t\t\t\t\t\t\t\t\t\t\t\t\t\t\t\t\t\t\t\t\t\t\t\t\t\t\t\t\t\t\t\t\t\t\t\t\t\t\t\t\t\t\t\t\t\t\t\t\t\t\t\t\t\t\t\t\t\t\t\t\t\t\t\t\t\t\t\t\t\t\t\t\t\t\t\t\t\t\t\t\t\t\t\t\t\t\t\t\t\t\t\t\t\t\t\t\t\t\t\t\t\t\t\t\t\t\t\t\t\t\t\t\t\t\t\t\t\t\t\t\t\t\t\t\t\t\t\t\t\t\t\t\t\t\t\t\t\t\t\t\t\t\t\t\t\t\t\t\t\t\t\t\t\t\t\t\t\t\t\t\t\t\t\t\t\t\t\t\t\t\t\t\t\t\t\t\t\t\t\t\t\t\t\t\t\t\t\t\t\t\t\t\t\t\t\t\t\t\t\t\t\t\t\t\t\t\t\t\t\t\t\t\t\t\t\t\t\t\t\t\t\t\t\t\t\t\t\t\t\t\t\t\t\t\t\t\t\t\t\t\t\t\t\t\t\t\t\t\t\t\t\t\t\t\t\t\t\t\t\t\t\t\t\t\t\t\t\t\t\t\t\t\t\t\t\t\t\t\t\t\t\t\t\t\t\t\t\t\t\t\t\t\t\t\t\t\t\t\t\t\t\t\t\t\t\t\t\t\t\t\t\t\t\t\t\t\t\t\t\t\t\t\t\t\t\t\t\t\t\t\t\t\t\t\t\t\t\t\t\t\t\t\t\t\t\t\t\t\t\t\t\t\t\t\t\t\t\t\t\t\t\t\t\t\t\t\t\t\t\t\t\t\t\t\t\t\t\t\t\t\t\t\t\t\t\t\t\t\t\t\t\t\t\t\t\t\t\t\t\t\t\t\t\t\t\t\t\t\t\t\t\t\t\t\t\t\t\t\t\t\t\t\t\t\t\t\t\t\t\t\t\t\t\t\t\t\t\t\t\t\t\t\t\t\t\t\t\t\t\t\t\t\t\t\t\t\t\t\t\t\t\t\t\t\t\t\t\t\t\t\t\t\t\t\t\t\t\t\t\t\t\t\t\t\t\t\t\t\t\t\t\t\t\t\t\t\t\t\t\t\t\t\t\t\t\t\t\t\t\t\t\t\t\t\t\t\t\t\t\t\t\t\t\t\t\t\t\t\t\t\t\t\t\t\t\t\t\t\t\t\t\t\t\t\t\t\t\t\t\t\t\t\t\t\t\t\t\t\t\t\t\t\t\t\t\t\t\t\t\t\t\t\t\t\t\t\t\t\t\t\t\t\t\t\t\t\t\t\t\t\t\t\t\t\t\t\t\t\t\t\t\t\t\t\t\t\t\t\t\t\t\t\t\t\t\t\t\t\t\t\t\t\t\t\t\t\t\t\t\t\t\t\t\t\t\t\t\t\t\t\t\t\t\t\t\t\t\t\t\t\t\t\t\t\t\t\t\t\t\t\t\t\t\t\t\t\t\t\t\t\t\t\t\t\t\t\t\t\t\t\t\t\t\t\t\t\t\t\t\t\t\t\t\t\t\t\t\t\t\t\t\t\t\t\t\t\t\t\t\t\t\t\t\t\t\t\t\t\t\t\t\t\t\t\t\t\t\t\t\t\t\t\t\t\t\t\t\t\t\t\t\t\t\t\t\t\t\t\t\t\t\t\t\t\t\t\t\t\t\t\t\t\t\t\t\t\t\r\n\t\t\t\t                <div class=\"col-lg-3 col-md-3 col-sm-6 col-xs-12\">\r\n\t\t\t\t                <div class=\"la-hover-plugin\">\r\n\t\t\t\t                  <!-- normal -->\r\n\t\t\t\t                  <div class=\"ih-item  square effect6 left_to_right\" style=\"width:100%;height:100%;border:0px solid ;\">\r\n\t\t\t\t\t                   <a href=\"http:\/\/maisondebegon.com\/index.php\/lassociation\/\" >\r\n\t\t\t\t\t\t                   \t\t<br \/>\n<b>Warning<\/b>:  A non-numeric value encountered in <b>\/home\/maisondek\/www\/wordpress\/wp-content\/plugins\/image-hover-effects-pro\/plugin.class.php<\/b> on line <b>855<\/b><br \/>\n<br \/>\n<b>Warning<\/b>:  A non-numeric value encountered in <b>\/home\/maisondek\/www\/wordpress\/wp-content\/plugins\/image-hover-effects-pro\/plugin.class.php<\/b> on line <b>855<\/b><br \/>\n\t\t\t\t\t\t                   \t\t\r\n\t\t\t\t\t\t                      <div class=\"img\" style=\"height:100%;width:100%;\"><img decoding=\"async\" style=\"height:100%;\" src=\"http:\/\/maisondebegon.com\/wp-content\/uploads\/2020\/11\/1-LASSO.jpg\" alt=\"img\"><\/div>\r\n\r\n\t\t\t\t\t\t                       \r\n\t\t\t\t\t\t                       \r\n\t\t\t\t\t\t                       \t\t\t\t\t\t\t\t\t\t\t\t<div class=\"info\" style=\"background:url(http:\/\/maisondebegon.com\/wp-content\/uploads\/2020\/11\/photo-LASSO.jpg);\">\r\n\t\t\t\t\t\t\t                        <h3 style=\"color:;font-size:10px;padding:;background:\">\r\n\t\t\t\t\t\t\t\t                        L'ASSOCIATION\t\t\t\t\t\t\t                         <\/h3>\r\n\t\t\t\t\t\t\t                        <p style=\"color:;font-size:10px;border-top: !important;\">\r\n\t\t\t\t\t\t\t\t                        \t\t\t\t\t\t\t                         <\/p>\r\n\t\t\t\t\t\t                      <\/div>\r\n\r\n\r\n\t\t\t\t\t\t                      \t\t\t\t\t\t                      \r\n\t\t\t\t\t                      <\/a>\r\n\t\t\t\t                      <\/div>\r\n\t\t\t\t                  <!-- end normal -->\r\n\t\t\t\t                  <\/div>\r\n\t\t\t\t                <\/div>\r\n\t\t\t\t            \r\n\t\t\t\t\t\t\t\t\t\r\n\t\t\t \r\n\t\t\t\t\t\t\t\t\t\t\t\t\t\t\t\r\n\t\t\t\t                <div class=\"col-lg-3 col-md-3 col-sm-6 col-xs-12\">\r\n\t\t\t\t                <div class=\"la-hover-plugin\">\r\n\t\t\t\t                  <!-- normal -->\r\n\t\t\t\t                  <div class=\"ih-item  square effect6 left_to_right\" style=\"width:100%;height:100%;border:0px solid ;\">\r\n\t\t\t\t\t                   <a href=\"http:\/\/maisondebegon.com\/index.php\/lequipe\/\" >\r\n\t\t\t\t\t\t                   \t\t<br \/>\n<b>Warning<\/b>:  A non-numeric value encountered in <b>\/home\/maisondek\/www\/wordpress\/wp-content\/plugins\/image-hover-effects-pro\/plugin.class.php<\/b> on line <b>855<\/b><br \/>\n<br \/>\n<b>Warning<\/b>:  A non-numeric value encountered in <b>\/home\/maisondek\/www\/wordpress\/wp-content\/plugins\/image-hover-effects-pro\/plugin.class.php<\/b> on line <b>855<\/b><br \/>\n\t\t\t\t\t\t                   \t\t\r\n\t\t\t\t\t\t                      <div class=\"img\" style=\"height:100%;width:100%;\"><img decoding=\"async\" style=\"height:100%;\" src=\"http:\/\/maisondebegon.com\/wp-content\/uploads\/2020\/11\/LEQUIPE.jpg\" alt=\"img\"><\/div>\r\n\r\n\t\t\t\t\t\t                       \r\n\t\t\t\t\t\t                       \r\n\t\t\t\t\t\t                       \t\t\t\t\t\t\t\t\t\t\t\t<div class=\"info\" style=\"background:url(http:\/\/maisondebegon.com\/wp-content\/uploads\/2020\/11\/LEQUIPE-1.jpg);\">\r\n\t\t\t\t\t\t\t                        <h3 style=\"color:;font-size:10px;padding:;background:\">\r\n\t\t\t\t\t\t\t\t                        L\u2019\u00c9QUIPE\t\t\t\t\t\t\t                         <\/h3>\r\n\t\t\t\t\t\t\t                        <p style=\"color:;font-size:10px;border-top: !important;\">\r\n\t\t\t\t\t\t\t\t                        \t\t\t\t\t\t\t                         <\/p>\r\n\t\t\t\t\t\t                      <\/div>\r\n\r\n\r\n\t\t\t\t\t\t                      \t\t\t\t\t\t                      \r\n\t\t\t\t\t                      <\/a>\r\n\t\t\t\t                      <\/div>\r\n\t\t\t\t                  <!-- end normal -->\r\n\t\t\t\t                  <\/div>\r\n\t\t\t\t                <\/div>\r\n\t\t\t\t            \r\n\t\t\t\t\t\t\t\t\t\r\n\t\t\t \r\n\t\t\t\t\t\t\t\t\t\t\t\t\t\t\t\r\n\t\t\t\t                <div class=\"col-lg-3 col-md-3 col-sm-6 col-xs-12\">\r\n\t\t\t\t                <div class=\"la-hover-plugin\">\r\n\t\t\t\t                  <!-- normal -->\r\n\t\t\t\t                  <div class=\"ih-item  square effect6 left_to_right\" style=\"width:100%;height:100%;border:0px solid ;\">\r\n\t\t\t\t\t                   <a href=\"http:\/\/maisondebegon.com\/index.php\/nos-locaux\/\" >\r\n\t\t\t\t\t\t                   \t\t<br \/>\n<b>Warning<\/b>:  A non-numeric value encountered in <b>\/home\/maisondek\/www\/wordpress\/wp-content\/plugins\/image-hover-effects-pro\/plugin.class.php<\/b> on line <b>855<\/b><br \/>\n<br \/>\n<b>Warning<\/b>:  A non-numeric value encountered in <b>\/home\/maisondek\/www\/wordpress\/wp-content\/plugins\/image-hover-effects-pro\/plugin.class.php<\/b> on line <b>855<\/b><br \/>\n\t\t\t\t\t\t                   \t\t\r\n\t\t\t\t\t\t                      <div class=\"img\" style=\"height:100%;width:100%;\"><img decoding=\"async\" style=\"height:100%;\" src=\"http:\/\/maisondebegon.com\/wp-content\/uploads\/2020\/11\/3-LES-LOCAUX.jpg\" alt=\"img\"><\/div>\r\n\r\n\t\t\t\t\t\t                       \r\n\t\t\t\t\t\t                       \r\n\t\t\t\t\t\t                       \t\t\t\t\t\t\t\t\t\t\t\t<div class=\"info\" style=\"background:url(http:\/\/maisondebegon.com\/wp-content\/uploads\/2021\/10\/ptitBegon.jpg);\">\r\n\t\t\t\t\t\t\t                        <h3 style=\"color:;font-size:10px;padding:;background:\">\r\n\t\t\t\t\t\t\t\t                        LES LOCAUX\t\t\t\t\t\t\t                         <\/h3>\r\n\t\t\t\t\t\t\t                        <p style=\"color:;font-size:10px;border-top: !important;\">\r\n\t\t\t\t\t\t\t\t                        \t\t\t\t\t\t\t                         <\/p>\r\n\t\t\t\t\t\t                      <\/div>\r\n\r\n\r\n\t\t\t\t\t\t                      \t\t\t\t\t\t                      \r\n\t\t\t\t\t                      <\/a>\r\n\t\t\t\t                      <\/div>\r\n\t\t\t\t                  <!-- end normal -->\r\n\t\t\t\t                  <\/div>\r\n\t\t\t\t                <\/div>\r\n\t\t\t\t            \r\n\t\t\t\t\t\t\t\t\t\r\n\t\t\t \r\n\t\t\t\t\t\t\t\t\t\t\t\t\t\t\t\r\n\t\t\t\t                <div class=\"col-lg-3 col-md-3 col-sm-6 col-xs-12\">\r\n\t\t\t\t                <div class=\"la-hover-plugin\">\r\n\t\t\t\t                  <!-- normal -->\r\n\t\t\t\t                  <div class=\"ih-item  square effect6 left_to_right\" style=\"width:100%;height:100%;border:0px solid ;\">\r\n\t\t\t\t\t                   <a href=\"http:\/\/maisondebegon.com\/index.php\/partenaires\/\" >\r\n\t\t\t\t\t\t                   \t\t<br \/>\n<b>Warning<\/b>:  A non-numeric value encountered in <b>\/home\/maisondek\/www\/wordpress\/wp-content\/plugins\/image-hover-effects-pro\/plugin.class.php<\/b> on line <b>855<\/b><br \/>\n<br \/>\n<b>Warning<\/b>:  A non-numeric value encountered in <b>\/home\/maisondek\/www\/wordpress\/wp-content\/plugins\/image-hover-effects-pro\/plugin.class.php<\/b> on line <b>855<\/b><br \/>\n\t\t\t\t\t\t                   \t\t\r\n\t\t\t\t\t\t                      <div class=\"img\" style=\"height:100%;width:100%;\"><img decoding=\"async\" style=\"height:100%;\" src=\"http:\/\/maisondebegon.com\/wp-content\/uploads\/2020\/11\/4-LES-PARTENAIRES.jpg\" alt=\"img\"><\/div>\r\n\r\n\t\t\t\t\t\t                       \r\n\t\t\t\t\t\t                       \r\n\t\t\t\t\t\t                       \t\t\t\t\t\t\t\t\t\t\t\t<div class=\"info\" style=\"background:url(http:\/\/maisondebegon.com\/wp-content\/uploads\/2020\/11\/PARTENAIRES.jpg);\">\r\n\t\t\t\t\t\t\t                        <h3 style=\"color:;font-size:10px;padding:;background:\">\r\n\t\t\t\t\t\t\t\t                        LES PARTENAIRES\t\t\t\t\t\t\t                         <\/h3>\r\n\t\t\t\t\t\t\t                        <p style=\"color:;font-size:10px;border-top: !important;\">\r\n\t\t\t\t\t\t\t\t                        \t\t\t\t\t\t\t                         <\/p>\r\n\t\t\t\t\t\t                      <\/div>\r\n\r\n\r\n\t\t\t\t\t\t                      \t\t\t\t\t\t                      \r\n\t\t\t\t\t                      <\/a>\r\n\t\t\t\t                      <\/div>\r\n\t\t\t\t                  <!-- end normal -->\r\n\t\t\t\t                  <\/div>\r\n\t\t\t\t                <\/div>\r\n\t\t\t\t            \r\n\t\t\t\t\t\t\t\t\t\r\n\t\t\t \r\n\t\t\t\t\t\t\t\t\t\t\t\t\t\t\t\t\t\t\t\t\t\t\t\t\t\t\t\t\t\t\t\t\t\t\t\t\t\t\t\t\t\t\t\t\t\t\t\t\t\t\t\t\t\t\t\t\t\t\t\t\t\t\t\t\t\t\t\t\t\t\t\t\t\t\t\t\t\t\t\t\t\t\t\t\t\t\t\t\t\t\t\t\t\t\t\t\t\t\t\t\t\t\t\t\t\t\t\t\t\t\t\t\t\t\t\t\t\t\t\t\t\t\t\t\t\t\t\t\t\t\t\t\t\t\t\t\t\t\t\t\t\t\t\t\t\t\t\t\t\t\t\t\t\t\t\t\t\t\t\t\t\t\t\t\t\t\t\t\t\t\t\t\t\t\t\t\t\t\t\t\t\t\t\t\t\t\t\t\t\t\t\t\t\t\t\t\t\t\t\t<\/div>\n<\/div>\n<\/div>\n<\/div>\n<\/div>\n\n\n\n\n\n<p><\/p>\n","protected":false},"excerpt":{"rendered":"","protected":false},"author":1,"featured_media":0,"parent":0,"menu_order":0,"comment_status":"closed","ping_status":"closed","template":"","meta":{"_uag_custom_page_level_css":"","_wp_convertkit_post_meta":{"form":"-1","landing_page":"0","tag":"0","restrict_content":"0"},"jetpack_post_was_ever_published":false,"footnotes":""},"class_list":["post-5899","page","type-page","status-publish","czr-hentry"],"uagb_featured_image_src":{"full":false,"thumbnail":false,"medium":false,"medium_large":false,"large":false,"1536x1536":false,"2048x2048":false,"depicter-thumbnail":false,"tc-grid-full":false,"tc-grid":false,"tc-thumb":false,"slider-full":false,"slider":false,"sendpress-max":false},"uagb_author_info":{"display_name":"Maison de B\u00e9gon","author_link":"https:\/\/maisondebegon.com\/author\/maisonb\/"},"uagb_comment_info":0,"uagb_excerpt":null,"jetpack_sharing_enabled":true,"jetpack_shortlink":"https:\/\/wp.me\/P7DqpT-1x9","_links":{"self":[{"href":"https:\/\/maisondebegon.com\/index.php\/wp-json\/wp\/v2\/pages\/5899","targetHints":{"allow":["GET"]}}],"collection":[{"href":"https:\/\/maisondebegon.com\/index.php\/wp-json\/wp\/v2\/pages"}],"about":[{"href":"https:\/\/maisondebegon.com\/index.php\/wp-json\/wp\/v2\/types\/page"}],"author":[{"embeddable":true,"href":"https:\/\/maisondebegon.com\/index.php\/wp-json\/wp\/v2\/users\/1"}],"replies":[{"embeddable":true,"href":"https:\/\/maisondebegon.com\/index.php\/wp-json\/wp\/v2\/comments?post=5899"}],"version-history":[{"count":22,"href":"https:\/\/maisondebegon.com\/index.php\/wp-json\/wp\/v2\/pages\/5899\/revisions"}],"predecessor-version":[{"id":9497,"href":"https:\/\/maisondebegon.com\/index.php\/wp-json\/wp\/v2\/pages\/5899\/revisions\/9497"}],"wp:attachment":[{"href":"https:\/\/maisondebegon.com\/index.php\/wp-json\/wp\/v2\/media?parent=5899"}],"curies":[{"name":"wp","href":"https:\/\/api.w.org\/{rel}","templated":true}]}}