{"id":4952,"date":"2019-06-21T15:40:17","date_gmt":"2019-06-21T13:40:17","guid":{"rendered":"http:\/\/maisondebegon.com\/?page_id=4952"},"modified":"2019-06-21T16:07:22","modified_gmt":"2019-06-21T14:07:22","slug":"chorale-arbo-andalouse","status":"publish","type":"page","link":"https:\/\/maisondebegon.com\/index.php\/chorale-arbo-andalouse\/","title":{"rendered":"Chorale Arbo Andalouse"},"content":{"rendered":"<div class=\"mp-row-fluid motopress-row mpce-dsbl-margin-left mpce-dsbl-margin-right\">\n<div class=\"mp-span12 motopress-clmn  mpce-dsbl-margin-left mpce-dsbl-margin-right\">\n<div class=\"motopress-text-obj\">\n<h2 class=\"MsoNormal\" style=\"text-align: center;\"><span style=\"color: #c5171a; font-size: 18px;\"><span style=\"background-color: inherit;\">la chorale arabo-andalouse accueille musiciens confirm\u00e9s et d\u00e9butants.<\/span><\/span><\/h2>\n<\/div>\n<\/div>\n<\/div>\n<div class=\"mp-row-fluid motopress-row mpce-dsbl-margin-left mpce-dsbl-margin-right\">\n<div class=\"mp-span12 motopress-clmn  mpce-dsbl-margin-left mpce-dsbl-margin-right\">\n<div class=\"motopress-text-obj\">\n<p><span style=\"color: #ff6600; text-align: center;\">Par\u00a0l&rsquo;Association ZERYAB<\/span><\/p>\n<p style=\"text-align: justify;\"><span style=\"color: #808080;\">Depuis la rentr\u00e9e, ils sont une dizaine \u00e0 fr\u00e9quenter ce nouvel atelier, curieux de d\u00e9couvrir un genre musical \u00e0 la fois classique et traditionnel. Son histoire aussi. \u00ab Nous avons droit \u00e0 chaque fois \u00e0 nos cinq minutes historiques \u00bb appr\u00e9cie V\u00e9ronique, l\u2019un des participantes, soulignant que \u00ab la chorale, ce n\u2019est pas juste chanter \u00bb. Jo\u00eblle, elle, est musicienne, et elle s\u2019adonne depuis longtemps au chant, notamment \u00ab celui des autres pays. C\u2019est bien, car c\u2019est une activit\u00e9 que l\u2019on peut pratiquer \u00e0 deux avec son conjoint \u00bb. Dans le silence feutr\u00e9 de la salle de musique de la Maison de B\u00e9gon, Rosa Boudris accompagne les voix au piano laissant \u00e0 son \u00e9poux Moussa le soin de diriger. Tous deux interviennent dans le cadre de leur association, Zeyab. \u00ab Nous, on est l\u00e0 avant tout pour le partage, la convivialit\u00e9, la joie d\u2019\u00eatre ensemble \u00bb insistent les deux musiciens. \u00ab On reste dans la pure tradition avec notamment des morceaux mythiques de Zyriab, le fondateur de la musique arabo-andalouse au 9e si\u00e8cle. On cherche les textes, on les retravaille et on les partage. \u00bb Le cours est accessible \u00e0 tous, m\u00eame si on ne lit pas l\u2019arabe, les partitions \u00e9tant \u00e9crites en phon\u00e9tique. \u00ab Il y a moyen de bosser sa voix quand on suit la partition \u00bb reprend Jo\u00eblle, enthousiaste. Tout en pr\u00e9cisant que chacun peut s\u2019y retrouver, du d\u00e9butant au plus confirm\u00e9. A l\u2019avenir, d\u2019autres instruments d\u2019accompagnement sont pr\u00e9vus, comme le violon, le violoncelle et la darbouka. Moussa invite d\u2019ailleurs les musiciens \u00e0 rejoindre le groupe, quel que soit l\u2019instrument pratiqu\u00e9. \u00ab On leur pr\u00e9parera une partition et ils pourront prendre le cours en route sans souci \u00bb. Les enfants sont \u00e9galement les bienvenus. Le couple de musiciens a d\u2019ailleurs d\u00e9j\u00e0 mis en place en 2003, et avec succ\u00e8s, une chorale d\u2019enfants pour l\u2019Ann\u00e9e de l\u2019Alg\u00e9rie en France. \u00ab On les acceptera d\u00e8s l\u2019\u00e2ge de 6 ans. La seule condition, c\u2019est qu\u2019ils sachent lire. \u00bb<\/span><\/p>\n<\/div>\n<\/div>\n<\/div>\n<div class=\"mp-row-fluid motopress-row mpce-dsbl-margin-left mpce-dsbl-margin-right\">\n<div class=\"mp-span12 motopress-clmn  mpce-dsbl-margin-left mpce-dsbl-margin-right\">\n<div class=\"motopress-text-obj\">\n<p style=\"text-align: center;\"><span style=\"color: #808080;\"><span style=\"background-color: inherit;\">Informations au\u00a0<span style=\"color: #ff6600;\">02 54 43 35 36<\/span><\/span><br \/>\n<\/span><\/p>\n<p style=\"text-align: center;\"><span style=\"color: #808080;\">ou par mail \u00e0\u00a0<a style=\"color: #5a5a5a;\" href=\"mailto:accueil@maisondebegon.com\"><span style=\"color: #ff6600;\">accueil@maisondebegon.com<\/span><\/a><\/span><\/p>\n<p style=\"text-align: center;\"><span style=\"color: #808080;\">Inscriptions sur place toute l\u2019ann\u00e9e.<\/span><\/p>\n<\/div>\n<\/div>\n<\/div>\n<div class=\"mp-row-fluid motopress-row mpce-dsbl-margin-left mpce-dsbl-margin-right\">\n<div class=\"mp-span12 motopress-clmn  mpce-dsbl-margin-left mpce-dsbl-margin-right\">\n<div class=\"motopress-tabs-obj motopress-tabs-no-vertical motopress-tabs-padding-20 motopress-tabs-basic\" id=\"tabs69e0a739c6327\">\n<ul>\n<li data-tab-no=\"0\" class=\"ui-tabs-nav-item\"><a href=\"#5d0cdf00cd74e\"><span class=\"tab-text\">Calendrier<\/span><\/a><\/li>\n<li data-tab-no=\"1\" class=\"ui-tabs-nav-item\"><a href=\"#5d0cdf00cd74f\"><span class=\"tab-text\">Saison 2019 \/ 2020<\/span><\/a><\/li>\n<li data-tab-no=\"2\" class=\"ui-tabs-nav-item\"><a href=\"#5d0cdf9dcd77b\"><span class=\"tab-text\">Niveaux<\/span><\/a><\/li>\n<\/ul>\n<div class=\"motopress-tab\" id=\"5d0cdf00cd74e\">\n<p>La reprise des cours se fera \u00e0 partir du 16 septembre 2019.<\/p>\n<p>Les activit\u00e9s se termineront le 19 juin 2020.<\/p>\n<p>Il n\u2019y aura pas de cours pendant les vacances scolaires.<\/p>\n<\/div>\n<div class=\"motopress-tab\" id=\"5d0cdf00cd74f\">\n<p>Il est n\u00e9cessaire d\u2019\u00eatre adh\u00e9rent \u00e0 la Maison de B\u00e9gon pour s\u2019inscrire aux cours et aux stages pr\u00e9sent\u00e9s.<\/p>\n<p>L\u2019adh\u00e9sion est valable jusqu\u2019au 31 ao\u00fbt 2018 :<\/p>\n<ul>\n<li>Familiale : 15\u20ac<\/li>\n<li>Moins de 25 ans individuelle : 10\u20ac<\/li>\n<li>Association : 50\u20ac<\/li>\n<\/ul>\n<p><span style=\"font-weight: inherit;\">Toute adh\u00e9sion souscrite \u00e0 l&rsquo;ALCV, l&rsquo;ALEP, la Maison des Provinces et la Maison de B\u00e9gon est valable dans ces 4 structures uniquement pour les inscriptions aux cours de pratiques artistiques et de langues vivantes.<\/span><\/p>\n<p><span style=\"font-weight: inherit;\">Pour toutes les pratiques de danses et sportives, il est obligatoire de nous fournir un certificat m\u00e9dical. Vous pouvez essayer les cours du 16 au 27 septembre 2019.<\/span><\/p>\n<\/div>\n<div class=\"motopress-tab\" id=\"5d0cdf9dcd77b\">\n<p>Ouvert \u00e0 tous<\/p>\n<p>Vendredi de 19h15 \u00e0 20h45<\/p>\n<p>176\u20ac la saison<\/p>\n<\/div>\n<p class=\"motopress-hide-script\"><script type=\"text\/javascript\">\n                    var mpTabs69e0a739c6327 = jQuery(\"#tabs69e0a739c6327\");\n                    jQuery(document).ready(function($) {\n                        if ($(\"base\").length) {\n\t\t\t                mpTabs69e0a739c6327.find(\"ul li a\").each(function() {\n\t\t\t\t\t\t\t    $(this).attr(\"href\", location.href.toString() + $(this).attr(\"href\"));\n\t\t\t\t\t\t\t});\n\t\t\t\t\t\t}\n                        if (mpTabs69e0a739c6327.data(\"uiTabs\")) {\n                            mpTabs69e0a739c6327.tabs(\"destroy\");\n                        }\n                        mpTabs69e0a739c6327.tabs({\n                            active: 0\n                        });\n                        ;\n                        ;\n                    });\n                    jQuery(window).load(function() {\n                        ;\n                    });\n                     <\/script><\/p>\n<\/div>\n<\/div>\n<\/div>\n","protected":false},"excerpt":{"rendered":"","protected":false},"author":1,"featured_media":0,"parent":0,"menu_order":0,"comment_status":"closed","ping_status":"closed","template":"","meta":{"_uag_custom_page_level_css":"","jetpack_post_was_ever_published":false,"footnotes":""},"class_list":["post-4952","page","type-page","status-publish","czr-hentry"],"uagb_featured_image_src":{"full":false,"thumbnail":false,"medium":false,"medium_large":false,"large":false,"1536x1536":false,"2048x2048":false,"depicter-thumbnail":false,"tc-grid-full":false,"tc-grid":false,"tc-thumb":false,"slider-full":false,"slider":false,"sendpress-max":false},"uagb_author_info":{"display_name":"Maison de B\u00e9gon","author_link":"https:\/\/maisondebegon.com\/author\/maisonb\/"},"uagb_comment_info":0,"uagb_excerpt":null,"jetpack_sharing_enabled":true,"jetpack_shortlink":"https:\/\/wp.me\/P7DqpT-1hS","_links":{"self":[{"href":"https:\/\/maisondebegon.com\/index.php\/wp-json\/wp\/v2\/pages\/4952","targetHints":{"allow":["GET"]}}],"collection":[{"href":"https:\/\/maisondebegon.com\/index.php\/wp-json\/wp\/v2\/pages"}],"about":[{"href":"https:\/\/maisondebegon.com\/index.php\/wp-json\/wp\/v2\/types\/page"}],"author":[{"embeddable":true,"href":"https:\/\/maisondebegon.com\/index.php\/wp-json\/wp\/v2\/users\/1"}],"replies":[{"embeddable":true,"href":"https:\/\/maisondebegon.com\/index.php\/wp-json\/wp\/v2\/comments?post=4952"}],"version-history":[{"count":4,"href":"https:\/\/maisondebegon.com\/index.php\/wp-json\/wp\/v2\/pages\/4952\/revisions"}],"predecessor-version":[{"id":4954,"href":"https:\/\/maisondebegon.com\/index.php\/wp-json\/wp\/v2\/pages\/4952\/revisions\/4954"}],"wp:attachment":[{"href":"https:\/\/maisondebegon.com\/index.php\/wp-json\/wp\/v2\/media?parent=4952"}],"curies":[{"name":"wp","href":"https:\/\/api.w.org\/{rel}","templated":true}]}}