{"id":281,"date":"2016-06-23T17:35:18","date_gmt":"2016-06-23T16:35:18","guid":{"rendered":"http:\/\/maisondebegon.com\/wordpress\/?page_id=281"},"modified":"2025-07-09T16:39:04","modified_gmt":"2025-07-09T14:39:04","slug":"flamenco","status":"publish","type":"page","link":"https:\/\/maisondebegon.com\/index.php\/flamenco\/","title":{"rendered":"Flamenco"},"content":{"rendered":"<div class=\"mp-row-fluid motopress-row mpce-dsbl-margin-left mpce-dsbl-margin-right\">\n<div class=\"mp-span12 motopress-clmn  mpce-dsbl-margin-left mpce-dsbl-margin-right\">\n<div class=\"motopress-text-obj\">\n<h2 class=\"MsoNormal\" style=\"text-align: center;\"><span style=\"color: #c5171a; font-size: 18px;\"><span style=\"background-color: inherit;\">Bien plus qu\u2019une danse c\u2019est un art de vivre !<\/span><\/span><\/h2>\n<\/div>\n<\/div>\n<\/div>\n<div class=\"mp-row-fluid motopress-row mpce-dsbl-margin-left mpce-dsbl-margin-right\">\n<div class=\"mp-span12 motopress-clmn  mpce-dsbl-margin-left mpce-dsbl-margin-right\">\n<div class=\"motopress-image-obj motopress-text-align-left\"><img decoding=\"async\" src=\"https:\/\/maisondebegon.com\/wp-content\/uploads\/2016\/06\/Flammenco-Header.jpg\" title=\"Flammenco 2\" alt=\"La Maison de B\u00e9gon propose des cours de Flamenco\" class=\"motopress-image-obj-basic mpce-dsbl-margin-left mpce-dsbl-margin-right mpce-dsbl-margin-top mpce-dsbl-margin-bottom\" \/><\/div>\n<\/div>\n<\/div>\n<div class=\"mp-row-fluid motopress-row mpce-dsbl-margin-left mpce-dsbl-margin-right\">\n<div class=\"mp-span12 motopress-clmn  mpce-dsbl-margin-left mpce-dsbl-margin-right\">\n<div class=\"mp-row-fluid motopress-row mpce-dsbl-margin-left mpce-dsbl-margin-right\">\n<div class=\"mp-span6 motopress-clmn mpce-dsbl-margin-left mpce-dsbl-margin-right motopress-margin-top-10 motopress-margin-bottom-10\">\n<div class=\"motopress-text-obj\">\n<p style=\"text-align: center;\"><span style=\"color: #808080;\"><span style=\"background-color: inherit;\">Informations au\u00a0<span style=\"color: #ff6600;\">02 54 43 35 36<\/span><\/span><br \/>\n<\/span><\/p>\n<p style=\"text-align: center;\"><span style=\"color: #808080;\">ou par mail \u00e0\u00a0<a style=\"color: #5a5a5a; outline: 0px;\" href=\"mailto:accueil@maisondebegon.com\"><span style=\"color: #ff6600;\">accueil@maisondebegon.com<\/span><\/a><\/span><\/p>\n<p style=\"text-align: center;\"><span style=\"color: #808080;\">Inscriptions sur place toute l\u2019ann\u00e9e.<\/span><\/p>\n<\/div>\n<\/div>\n<div class=\"mp-span6 motopress-clmn mpce-dsbl-margin-left mpce-dsbl-margin-right motopress-margin-top-10 motopress-margin-bottom-10\">\n<div class=\"motopress-text-obj\">\n<p class=\"MsoNormal\" style=\"text-align: center;\">Par <span style=\"color: #ff6600;\">L\u00e9a Carlosema et Caroline Justino<\/span><\/p>\n<p class=\"MsoNormal\" style=\"text-align: center;\">Danseuse<\/p>\n<\/div>\n<\/div>\n<\/div>\n<\/div>\n<\/div>\n<div class=\"mp-row-fluid motopress-row mpce-dsbl-margin-left mpce-dsbl-margin-right\">\n<div class=\"mp-span12 motopress-clmn  mpce-dsbl-margin-left mpce-dsbl-margin-right\">\n<div class=\"motopress-video-obj\"><iframe src=\"\/\/www.youtube.com\/embed\/JdMv9p7cTk8?wmode=opaque\" class=\" mpce-dsbl-margin-left mpce-dsbl-margin-right mpce-dsbl-margin-top mpce-dsbl-margin-bottom\" frameborder=\"0\" webkitallowfullscreen mozallowfullscreen allowfullscreen><\/iframe><\/div>\n<\/div>\n<\/div>\n<div class=\"mp-row-fluid motopress-row mpce-dsbl-margin-left mpce-dsbl-margin-right\">\n<div class=\"mp-span12 motopress-clmn  mpce-dsbl-margin-left mpce-dsbl-margin-right motopress-margin-top-10 motopress-margin-bottom-10\">\n<div class=\"motopress-text-obj motopress-margin-top-10 motopress-margin-bottom-10\">\n<p class=\"MsoNormal\" style=\"text-align: left;\"><span style=\"color: #808080;\"><span style=\"background-color: inherit;\">Venez le d\u00e9couvrir en pratiquant les diff\u00e9rents rythmes et styles du flamenco et de la danse espagnole.<\/span><br \/>\n<\/span><\/p>\n<p class=\"MsoNormal\" style=\"text-align: left;\"><span style=\"color: #808080;\">Vous travaillerez votre coordination corporelle par la technique des pieds et des bras et retrouverez ces mouvements dans une chor\u00e9graphie de groupe. Une tenue sera \u00e0 commander aupr\u00e8s du professeur (non compris dans le prix de la cotisation annuelle).<\/span><\/p>\n<\/div>\n<\/div>\n<\/div>\n<div class=\"mp-row-fluid motopress-row mpce-dsbl-margin-left mpce-dsbl-margin-right\">\n<div class=\"mp-span12 motopress-clmn  mpce-dsbl-margin-left mpce-dsbl-margin-right\">\n<div class=\"motopress-tabs-obj motopress-tabs-no-vertical motopress-tabs-padding-20 motopress-tabs-basic\" id=\"tabs69de302ec9157\">\n<ul>\n<li data-tab-no=\"0\" class=\"ui-tabs-nav-item\"><a href=\"#5808c66208df9\"><i class=\"fa fa-user\"  style=\" color: inherit; padding-left: 5px; padding-right: 5px; padding-top: 0px; padding-bottom: 0px;\"><\/i><span class=\"tab-text\">Niveaux<\/span><\/a><\/li>\n<li data-tab-no=\"1\" class=\"ui-tabs-nav-item\"><a href=\"#5808c66208dfa\"><i class=\"fa fa-calendar\"  style=\" color: inherit; padding-left: 5px; padding-right: 5px; padding-top: 0px; padding-bottom: 0px;\"><\/i><span class=\"tab-text\">Calendrier<\/span><\/a><\/li>\n<li data-tab-no=\"2\" class=\"ui-tabs-nav-item\"><a href=\"#5808c6bb08e26\"><i class=\"fa fa-print\"  style=\" color: inherit; padding-left: 5px; padding-right: 5px; padding-top: 0px; padding-bottom: 0px;\"><\/i><span class=\"tab-text\">Adh\u00e9sion 2025 \/ 2026<\/span><\/a><\/li>\n<li data-tab-no=\"3\" class=\"ui-tabs-nav-item\"><a href=\"#5808c6d908e60\"><i class=\"fa fa-euro\"  style=\" color: inherit; padding-left: 5px; padding-right: 5px; padding-top: 0px; padding-bottom: 0px;\"><\/i><span class=\"tab-text\">Tarifs d\u00e9gressifs<\/span><\/a><\/li>\n<\/ul>\n<div class=\"motopress-tab\" id=\"5808c66208df9\">\n<p><span style=\"color: #333333;\"><span style=\"font-family: 'Josefin Sans';\"><span style=\"font-size: small;\"><b><strong>FLAMENCO &#8211; Ados\/Adultes\u00a0&#8211; D\u00e9butant\/Moyen<\/strong><\/b><\/span><\/span><\/span><\/p>\n<p><span style=\"color: #333333;\"><span style=\"font-family: 'Josefin Sans';\"><span style=\"font-size: small;\"><b>Lundi de 18h15 \u00e0 19h30<\/b><\/span><\/span><\/span><\/p>\n<p><span style=\"color: #333333;\"><span style=\"font-family: 'Josefin Sans';\"><span style=\"font-size: small;\"><b>195\u20ac<\/b><\/span><\/span><\/span><\/p>\n<p><strong><span style=\"color: #333333;\"><span style=\"font-family: 'Josefin Sans';\"><span style=\"font-size: small;\"><b>FLAMENCO &#8211; Ados\/Adultes &#8211; Moyen\/Avanc\u00e9<\/b><\/span><\/span><\/span><\/strong><\/p>\n<p><span style=\"color: #333333;\"><span style=\"font-family: 'Josefin Sans';\"><span style=\"font-size: small;\"><b>Lundi de 19h30 \u00e0 20h45<\/b><\/span><\/span><\/span><\/p>\n<p><span style=\"color: #333333;\"><span style=\"font-family: 'Josefin Sans';\"><span style=\"font-size: small;\"><b>195\u20ac<\/b><\/span><\/span><\/span><\/p>\n<\/div>\n<div class=\"motopress-tab\" id=\"5808c66208dfa\">\n<p align=\"justify\"><span style=\"color: #333333;\"><span style=\"font-family: 'Josefin Sans';\"><span style=\"font-size: small;\"><b>La reprise des cours se fera \u00e0 partir du 15 septembre 2025.<\/b><\/span><\/span><\/span><\/p>\n<p><span style=\"color: #333333;\"><span style=\"font-family: 'Josefin Sans';\"><span style=\"font-size: small;\"><b>Les activit\u00e9s se termineront le 19 juin 2026.<\/b><\/span><\/span><\/span><\/p>\n<p><span style=\"color: #333333;\"><span style=\"font-family: 'Josefin Sans';\"><span style=\"font-size: small;\"><b>Il n\u2019y aura pas de cours pendant les vacances scolaires.<\/b><\/span><\/span><\/span><\/p>\n<\/div>\n<div class=\"motopress-tab\" id=\"5808c6bb08e26\">\n<p align=\"justify\"><span style=\"color: #333333;\"><span style=\"font-family: 'Josefin Sans';\"><span style=\"font-size: small;\"><b>Il est n\u00e9cessaire d\u2019\u00eatre adh\u00e9rent \u00e0 la Maison de B\u00e9gon pour s\u2019inscrire aux cours et aux stages pr\u00e9sent\u00e9s.<\/b><\/span><\/span><\/span><\/p>\n<p><span style=\"color: #333333;\"><span style=\"font-family: 'Josefin Sans';\"><span style=\"font-size: small;\"><b>L\u2019adh\u00e9sion est valable jusqu\u2019au 31 ao\u00fbt 2026 :<\/b><\/span><\/span><\/span><\/p>\n<ul>\n<li><span style=\"color: #333333;\"><span style=\"font-family: 'Josefin Sans';\"><span style=\"font-size: small;\"><b>Familiale : 15\u20ac<\/b><\/span><\/span><\/span><\/li>\n<li><span style=\"color: #333333;\"><span style=\"font-family: 'Josefin Sans';\"><span style=\"font-size: small;\"><b>Moins de 25 ans individuelle : 10\u20ac<\/b><\/span><\/span><\/span><\/li>\n<li><span style=\"color: #333333;\"><span style=\"font-family: 'Josefin Sans';\"><span style=\"font-size: small;\"><b>Association : 50\u20ac<\/b><\/span><\/span><\/span><\/li>\n<\/ul>\n<p><span style=\"color: #333333;\"><span style=\"font-family: 'Josefin Sans';\"><span style=\"font-size: small;\"><b>Toute adh\u00e9sion souscrite \u00e0 l&rsquo;ALCV, l&rsquo;ALEP, la Maison des Provinces,\u00a0l\u2019espace Mirabeau, l\u2019espace Quini\u00e8re Rosa Parks et la Maison de B\u00e9gon est valable dans ces 6 structures uniquement pour les inscriptions aux cours, aux stages et aux projets divers.<\/b><\/span><\/span><\/span><\/p>\n<p><span style=\"color: #333333;\"><span style=\"font-family: 'Josefin Sans';\"><span style=\"font-size: small;\"><b>Vous pouvez essayer les cours du 16 au 30 septembre 2024.<\/b><\/span><\/span><\/span><\/p>\n<\/div>\n<div class=\"motopress-tab\" id=\"5808c6d908e60\">\n<p><span style=\"color: #333333;\"><span style=\"font-family: 'Josefin Sans';\"><span style=\"font-size: small;\"><b>Nous vous proposons des tarifs d\u00e9gressifs en fonction du nombre d\u2019activit\u00e9s pratiqu\u00e9es :<\/b><\/span><\/span><\/span><\/p>\n<ul>\n<li><span style=\"color: #333333;\"><span style=\"font-family: 'Josefin Sans';\"><span style=\"font-size: small;\"><b>-10% pour la 2<sup>\u00e8me<\/sup><\/b><\/span><\/span><\/span><\/li>\n<li><span style=\"color: #333333;\"><span style=\"font-family: 'Josefin Sans';\"><span style=\"font-size: small;\"><b>-20% \u00e0 partir de la 3<sup>\u00e8me<\/sup><\/b><\/span><\/span><\/span><\/li>\n<\/ul>\n<p><span style=\"color: #333333;\"><span style=\"font-family: 'Josefin Sans';\"><span style=\"font-size: small;\"><b>Les cotisations sont payables pour l\u2019ann\u00e9e enti\u00e8re au d\u00e9marrage de l\u2019activit\u00e9.<\/b><\/span><\/span><\/span><\/p>\n<p><span style=\"color: #333333;\"><span style=\"font-family: 'Josefin Sans';\"><span style=\"font-size: small;\"><b>Au-del\u00e0 de 60\u20ac, le paiement peut se faire par ch\u00e8que bancaire en quatre fois.<\/b><\/span><\/span><\/span><\/p>\n<p><span style=\"color: #333333;\"><span style=\"font-family: 'Josefin Sans';\"><span style=\"font-size: small;\"><b>Nous acceptons l\u2019ensemble des aides : Comit\u00e9 d\u2019Entreprise, Ch\u00e8ques Vacances, Passeport Temps Libre de la CAF, tarifs sociaux&#8230;<\/b><\/span><\/span><\/span><\/p>\n<\/div>\n<p class=\"motopress-hide-script\"><script type=\"text\/javascript\">\n                    var mpTabs69de302ec9157 = jQuery(\"#tabs69de302ec9157\");\n                    jQuery(document).ready(function($) {\n                        if ($(\"base\").length) {\n\t\t\t                mpTabs69de302ec9157.find(\"ul li a\").each(function() {\n\t\t\t\t\t\t\t    $(this).attr(\"href\", location.href.toString() + $(this).attr(\"href\"));\n\t\t\t\t\t\t\t});\n\t\t\t\t\t\t}\n                        if (mpTabs69de302ec9157.data(\"uiTabs\")) {\n                            mpTabs69de302ec9157.tabs(\"destroy\");\n                        }\n                        mpTabs69de302ec9157.tabs({\n                            active: 0\n                        });\n                        ;\n                        ;\n                    });\n                    jQuery(window).load(function() {\n                        ;\n                    });\n                     <\/script><\/p>\n<\/div>\n<\/div>\n<\/div>\n","protected":false},"excerpt":{"rendered":"","protected":false},"author":1,"featured_media":0,"parent":0,"menu_order":0,"comment_status":"closed","ping_status":"closed","template":"","meta":{"_uag_custom_page_level_css":"","jetpack_post_was_ever_published":false,"footnotes":""},"class_list":["post-281","page","type-page","status-publish","czr-hentry"],"uagb_featured_image_src":{"full":false,"thumbnail":false,"medium":false,"medium_large":false,"large":false,"1536x1536":false,"2048x2048":false,"depicter-thumbnail":false,"tc-grid-full":false,"tc-grid":false,"tc-thumb":false,"slider-full":false,"slider":false,"sendpress-max":false},"uagb_author_info":{"display_name":"Maison de B\u00e9gon","author_link":"https:\/\/maisondebegon.com\/author\/maisonb\/"},"uagb_comment_info":0,"uagb_excerpt":null,"jetpack_sharing_enabled":true,"jetpack_shortlink":"https:\/\/wp.me\/P7DqpT-4x","_links":{"self":[{"href":"https:\/\/maisondebegon.com\/index.php\/wp-json\/wp\/v2\/pages\/281","targetHints":{"allow":["GET"]}}],"collection":[{"href":"https:\/\/maisondebegon.com\/index.php\/wp-json\/wp\/v2\/pages"}],"about":[{"href":"https:\/\/maisondebegon.com\/index.php\/wp-json\/wp\/v2\/types\/page"}],"author":[{"embeddable":true,"href":"https:\/\/maisondebegon.com\/index.php\/wp-json\/wp\/v2\/users\/1"}],"replies":[{"embeddable":true,"href":"https:\/\/maisondebegon.com\/index.php\/wp-json\/wp\/v2\/comments?post=281"}],"version-history":[{"count":28,"href":"https:\/\/maisondebegon.com\/index.php\/wp-json\/wp\/v2\/pages\/281\/revisions"}],"predecessor-version":[{"id":10156,"href":"https:\/\/maisondebegon.com\/index.php\/wp-json\/wp\/v2\/pages\/281\/revisions\/10156"}],"wp:attachment":[{"href":"https:\/\/maisondebegon.com\/index.php\/wp-json\/wp\/v2\/media?parent=281"}],"curies":[{"name":"wp","href":"https:\/\/api.w.org\/{rel}","templated":true}]}}