{"id":2800,"date":"2017-03-30T14:57:07","date_gmt":"2017-03-30T12:57:07","guid":{"rendered":"http:\/\/maisondebegon.com\/?page_id=2800"},"modified":"2019-04-08T17:11:02","modified_gmt":"2019-04-08T15:11:02","slug":"devenir-benevole","status":"publish","type":"page","link":"https:\/\/maisondebegon.com\/index.php\/devenir-benevole\/","title":{"rendered":"Devenir b\u00e9n\u00e9vole"},"content":{"rendered":"<div class=\"mp-row-fluid motopress-row mpce-dsbl-margin-left mpce-dsbl-margin-right\">\n<div class=\"mp-span12 motopress-clmn  mpce-dsbl-margin-left mpce-dsbl-margin-right\">\n<div class=\"motopress-image-obj motopress-text-align-left\"><img decoding=\"async\" src=\"https:\/\/maisondebegon.com\/wp-content\/uploads\/2019\/04\/DEVENEZ-BENEVOLES-VISUEL_1920x1080.jpg\" title=\"DEVENEZ BENEVOLES VISUEL_1920x1080\" alt=\"DEVENEZ BENEVOLES VISUEL_1920x1080\" class=\"motopress-image-obj-basic mpce-dsbl-margin-left mpce-dsbl-margin-right mpce-dsbl-margin-top mpce-dsbl-margin-bottom\" \/><\/div>\n<\/div>\n<\/div>\n<div class=\"mp-row-fluid motopress-row mpce-dsbl-margin-left mpce-dsbl-margin-right\">\n<div class=\"mp-span12 motopress-clmn  mpce-dsbl-margin-left mpce-dsbl-margin-right\">\n<div class=\"motopress-text-obj\">\n<p>&nbsp;<\/p>\n<p>Tous les ans, ce sont pr\u00e8s de 130 b\u00e9n\u00e9voles qui participent \u00e0 faire vivre Mix\u2019Terres, prenez part \u00e0 l\u2019aventure en nous contactant !<\/p>\n<h3><span style=\"color: #ff6600;\">Sachez tout d\u2019abord\u2026<\/span><\/h3>\n<p>\u2013 Qu\u2019il faut avoir 14 ans ou plus pour devenir b\u00e9n\u00e9vole<br \/>\n\u2013 Que les personnes entre 14 et 16 ans ne pourront participer en soir\u00e9e apr\u00e8s 22h<br \/>\n\u2013 Que les mineurs devront fournir l\u2019original d\u2019une autorisation parentale \u00e0 la Maison de B\u00e9gon, rue Pierre et Marie Curie, 41000 Blois. Elle peut \u00eatre faite sur papier libre ou en remplissant le <a href=\"http:\/\/maisondebegon.com\/wp-content\/uploads\/2019\/04\/MT2019_autorisation-parentale.pdf\" target=\"_blank\">formulaire t\u00e9l\u00e9chargeable<\/a>.<\/p>\n<h3><span style=\"color: #ff6600;\">Puis pour devenir b\u00e9n\u00e9vole :<\/span><\/h3>\n<p>\u2013 En vous aidant du r\u00e9capitulatif des <a href=\"http:\/\/maisondebegon.com\/wp-content\/uploads\/2019\/04\/MT2019_besoins-be\u0301ne\u0301voles.pdf\">besoins b\u00e9n\u00e9voles<\/a>, remplissez le formulaire en ligne (ci-dessous) ou <a href=\"http:\/\/maisondebegon.com\/wp-content\/uploads\/2019\/04\/MT2019_Formulaire-be\u0301ne\u0301vole.pdf\" target=\"_blank\">le formulaire papier.<\/a><\/p>\n<p>Si vous n\u2019avez pas de quoi imprimer les documents de b\u00e9n\u00e9volat, vous pouvez les retirer \u00e0 la Maison de B\u00e9gon, rue Pierre et Marie Curie, 41000 Blois.<\/p>\n<p><i>Si vous rencontrez un probl\u00e8me lors des t\u00e9l\u00e9chargements ou de l\u2019envoi du formulaire en ligne, n\u2019h\u00e9sitez \u00e0 contacter la Maison de B\u00e9gon pour nous en faire part <a href=\"mailto:contact@maisondebegon.com\">contact@maisondebegon.com<\/a><i><\/i><\/i><\/p>\n<\/div>\n<p><iframe loading=\"lazy\" src=\"https:\/\/docs.google.com\/forms\/d\/e\/1FAIpQLScXHfYMP_u5fWQ4FHvxcXd2b47taTbKvhJYNAYZ2JZvf3g93w\/viewform?embedded=true\" width=\"770\" height=\"700\" frameborder=\"0\" marginwidth=\"0\" marginheight=\"0\">Chargement en cours&#8230;<\/iframe><\/p>\n<\/div>\n<\/div>\n","protected":false},"excerpt":{"rendered":"","protected":false},"author":1,"featured_media":0,"parent":0,"menu_order":0,"comment_status":"closed","ping_status":"closed","template":"","meta":{"_uag_custom_page_level_css":"","jetpack_post_was_ever_published":false,"footnotes":""},"class_list":["post-2800","page","type-page","status-publish","czr-hentry"],"uagb_featured_image_src":{"full":false,"thumbnail":false,"medium":false,"medium_large":false,"large":false,"1536x1536":false,"2048x2048":false,"depicter-thumbnail":false,"tc-grid-full":false,"tc-grid":false,"tc-thumb":false,"slider-full":false,"slider":false,"sendpress-max":false},"uagb_author_info":{"display_name":"Maison de B\u00e9gon","author_link":"https:\/\/maisondebegon.com\/author\/maisonb\/"},"uagb_comment_info":0,"uagb_excerpt":null,"jetpack_sharing_enabled":true,"jetpack_shortlink":"https:\/\/wp.me\/P7DqpT-Ja","_links":{"self":[{"href":"https:\/\/maisondebegon.com\/index.php\/wp-json\/wp\/v2\/pages\/2800","targetHints":{"allow":["GET"]}}],"collection":[{"href":"https:\/\/maisondebegon.com\/index.php\/wp-json\/wp\/v2\/pages"}],"about":[{"href":"https:\/\/maisondebegon.com\/index.php\/wp-json\/wp\/v2\/types\/page"}],"author":[{"embeddable":true,"href":"https:\/\/maisondebegon.com\/index.php\/wp-json\/wp\/v2\/users\/1"}],"replies":[{"embeddable":true,"href":"https:\/\/maisondebegon.com\/index.php\/wp-json\/wp\/v2\/comments?post=2800"}],"version-history":[{"count":19,"href":"https:\/\/maisondebegon.com\/index.php\/wp-json\/wp\/v2\/pages\/2800\/revisions"}],"predecessor-version":[{"id":3684,"href":"https:\/\/maisondebegon.com\/index.php\/wp-json\/wp\/v2\/pages\/2800\/revisions\/3684"}],"wp:attachment":[{"href":"https:\/\/maisondebegon.com\/index.php\/wp-json\/wp\/v2\/media?parent=2800"}],"curies":[{"name":"wp","href":"https:\/\/api.w.org\/{rel}","templated":true}]}}