{"id":1401,"date":"2016-10-28T10:27:50","date_gmt":"2016-10-28T08:27:50","guid":{"rendered":"http:\/\/maisondebegon.com\/wordpress\/?page_id=1401"},"modified":"2016-11-18T18:49:16","modified_gmt":"2016-11-18T17:49:16","slug":"anciennes-editions","status":"publish","type":"page","link":"https:\/\/maisondebegon.com\/index.php\/anciennes-editions\/","title":{"rendered":"Les Anciennes \u00c9ditions Wanted"},"content":{"rendered":"<div class=\"mp-row-fluid motopress-row mpce-dsbl-margin-left mpce-dsbl-margin-right\">\n<div class=\"mp-span12 motopress-clmn  mpce-dsbl-margin-left mpce-dsbl-margin-right\">\n<div class=\"motopress-text-obj\">\n<p style=\"text-align: center;\">Les Wanted c&rsquo;est un projet humain unique qui appartient \u00e0 tous et qui emm\u00e8ne entre 100 et 200 personnes dans une aventure musicale passionnante.<\/p>\n<p style=\"text-align: center;\">D\u00e9couvrez ou revivez les anciennes \u00e9ditions : 4 cr\u00e9ations ont eu lieu entre 2003 et 2009 !<\/p>\n<\/div>\n<\/div>\n<\/div>\n<div class=\"mp-row-fluid motopress-row mpce-dsbl-margin-left mpce-dsbl-margin-right\">\n<div class=\"mp-span12 motopress-clmn  mpce-dsbl-margin-left mpce-dsbl-margin-right motopress-margin-bottom-10\">\n<div class=\"motopress-text-obj\">\n<p style=\"text-align: center;\">\t\t\t\t<div class=\"row image-hover-page-container\">\r\n\t\t\t\t \t\t\t\t\t\t\t\t\t\t\t\t\t\t\t\t\t\t\t\t\t\t\t\t\t\t\t\t\t\t\t\t\t\t\t\t\t\t\t\t\t\t\t\t\t\t\t\t\t\t\t\t\t\t\t\t\t\t\t\t\t\t\t\t\t\t\t\t\t\t\t\t\t\t\t\t\t\t\t\t\t\t\t\t\t\t\t\t\t\t\t\t\t\t\t\t\t\t\t\t\t\t\t\t\t\t\t\t\t\t\t\t\t\t\t\t\t\t\t\t\t\t\t\t\t\t\t\t\t\t\t\t\t\t\t\t\t\t\t\t\t\t\t\t\t\t\t\t\t\t\t\t\t\t\t\t\t\t\t\t\t\t\t\t\t\t\t\t\t\t\t\t\t\t\t\t\t\t\t\t\t\t\t\t\t\t\t\t\t\t\t\t\t\t\t\t\t\t\t\t\t\t\t\t\t\t\t\t\t\t\r\n\t\t\t\t                <div class=\"col-lg-6 col-md-6 col-sm-6 col-xs-12\">\r\n\t\t\t\t                <div class=\"la-hover-plugin\">\r\n\t\t\t\t                  <!-- normal -->\r\n\t\t\t\t                  <div class=\"ih-item  square effect6 left_to_right\" style=\"width:100%;height:100%;border:0px solid ;\">\r\n\t\t\t\t\t                   <a href=\"http:\/\/maisondebegon.com\/index.php\/2009-re-repercussions\/\" >\r\n\t\t\t\t\t\t                   \t\t<br \/>\n<b>Warning<\/b>:  A non-numeric value encountered in <b>\/home\/maisondek\/www\/wordpress\/wp-content\/plugins\/image-hover-effects-pro\/plugin.class.php<\/b> on line <b>855<\/b><br \/>\n<br \/>\n<b>Warning<\/b>:  A non-numeric value encountered in <b>\/home\/maisondek\/www\/wordpress\/wp-content\/plugins\/image-hover-effects-pro\/plugin.class.php<\/b> on line <b>855<\/b><br \/>\n\t\t\t\t\t\t                   \t\t\r\n\t\t\t\t\t\t                      <div class=\"img\" style=\"height:100%;width:100%;\"><img decoding=\"async\" style=\"height:100%;\" src=\"http:\/\/maisondebegon.com\/wp-content\/uploads\/2016\/10\/Wanted-Mix-Terres-2010-5.jpg\" alt=\"img\"><\/div>\r\n\r\n\t\t\t\t\t\t                       \r\n\t\t\t\t\t\t                       \r\n\t\t\t\t\t\t                       \t\t\t\t\t\t\t\t\t\t\t\t<div class=\"info\" style=\"background:rgba(0, 0, 0, 0.62);\">\r\n\t\t\t\t\t\t\t                        <h3 style=\"color:#ffffff;font-size:22px;padding:;background:#e10707\">\r\n\t\t\t\t\t\t\t\t                        2009 \/ 2011 - R\u00e9 R\u00e9 Percussions\t\t\t\t\t\t\t                         <\/h3>\r\n\t\t\t\t\t\t\t                        <p style=\"color:#ffffff;font-size:16px;border-top: !important;\">\r\n\t\t\t\t\t\t\t\t                        \t\t\t\t\t\t\t                         <\/p>\r\n\t\t\t\t\t\t                      <\/div>\r\n\r\n\r\n\t\t\t\t\t\t                      \t\t\t\t\t\t                      \r\n\t\t\t\t\t                      <\/a>\r\n\t\t\t\t                      <\/div>\r\n\t\t\t\t                  <!-- end normal -->\r\n\t\t\t\t                  <\/div>\r\n\t\t\t\t                <\/div>\r\n\t\t\t\t            \r\n\t\t\t\t\t\t\t\t\t\r\n\t\t\t \r\n\t\t\t\t\t\t\t\t\t\t\t\t\t\t\t\r\n\t\t\t\t                <div class=\"col-lg-6 col-md-6 col-sm-6 col-xs-12\">\r\n\t\t\t\t                <div class=\"la-hover-plugin\">\r\n\t\t\t\t                  <!-- normal -->\r\n\t\t\t\t                  <div class=\"ih-item  square effect6 left_to_right\" style=\"width:100%;height:100%;border:0px solid ;\">\r\n\t\t\t\t\t                   <a href=\"http:\/\/maisondebegon.com\/index.php\/2006-delhiz-delight\/\" >\r\n\t\t\t\t\t\t                   \t\t<br \/>\n<b>Warning<\/b>:  A non-numeric value encountered in <b>\/home\/maisondek\/www\/wordpress\/wp-content\/plugins\/image-hover-effects-pro\/plugin.class.php<\/b> on line <b>855<\/b><br \/>\n<br \/>\n<b>Warning<\/b>:  A non-numeric value encountered in <b>\/home\/maisondek\/www\/wordpress\/wp-content\/plugins\/image-hover-effects-pro\/plugin.class.php<\/b> on line <b>855<\/b><br \/>\n\t\t\t\t\t\t                   \t\t\r\n\t\t\t\t\t\t                      <div class=\"img\" style=\"height:100%;width:100%;\"><img decoding=\"async\" style=\"height:100%;\" src=\"http:\/\/maisondebegon.com\/wp-content\/uploads\/2016\/11\/Wanted-2006-Deliz-Delight-1.jpg\" alt=\"img\"><\/div>\r\n\r\n\t\t\t\t\t\t                       \r\n\t\t\t\t\t\t                       \r\n\t\t\t\t\t\t                       \t\t\t\t\t\t\t\t\t\t\t\t<div class=\"info\" style=\"background:rgba(0, 0, 0, 0.62);\">\r\n\t\t\t\t\t\t\t                        <h3 style=\"color:#ffffff;font-size:22px;padding:;background:#dd9933\">\r\n\t\t\t\t\t\t\t\t                        2006 \/ 2007 - Deliz Delight\t\t\t\t\t\t\t                         <\/h3>\r\n\t\t\t\t\t\t\t                        <p style=\"color:#ffffff;font-size:16px;border-top: !important;\">\r\n\t\t\t\t\t\t\t\t                        \t\t\t\t\t\t\t                         <\/p>\r\n\t\t\t\t\t\t                      <\/div>\r\n\r\n\r\n\t\t\t\t\t\t                      \t\t\t\t\t\t                      \r\n\t\t\t\t\t                      <\/a>\r\n\t\t\t\t                      <\/div>\r\n\t\t\t\t                  <!-- end normal -->\r\n\t\t\t\t                  <\/div>\r\n\t\t\t\t                <\/div>\r\n\t\t\t\t            \r\n\t\t\t\t\t\t\t\t\t\r\n\t\t\t \r\n\t\t\t\t\t\t\t\t\t\t\t\t\t\t\t\t\t\t\t\t\t\t\t\t\t\t\t\t\t\t\t\t\t\t\t\t\t\t\t\t\t\t\t\t\t\t\t\t\t\t\t\t\t\t\t\t\t\t\t\t\t\t\t\t\t\t\t\t\t\t\t\t\t\t\t\t\t\t\t\t\t\t\t\t\t\t\t\t\t\t\t\t\t\t\t\t\t\t\t\t\t\t\t\t\t\t\t\t\t\t\t\t\t\t\t\t\t\t\t\t\t\t\t\t\t\t\t\t\t\t\t\t\t\t\t\t\t\t\t\t\t\t\t\t\t\t\t\t\t\t\t\t\t\t\t\t\t\t\t\t\t\t\t\t\t\t\t\t\t\t\t\t\t\t\t\t\t\t\t\t\t\t\t\t\t\t\t\t\t\t\t\t\t\t\t\t\t\t\t\t\t\t\t\t\t\t\t\t\t\t\t\t\t\t\t\t\t\t\t\t\t\t\t\t\t\t\t\t\t\t\t\t\t\t\t\t\t\t\t\t\t\t\t\t\t\t\t\t\t\t\t\t\t\t\t\t\t\t\t\t\t\t\t\t\t\t\t\t\t\t\t\t\t\t\t\t\t\t\t\t\t\t\t\t\t\t\t\t\t\t\t\t\t\t\t\t\t\t\t\t\t\t\t\t\t\t\t\t\t\t\t\t\t\t\t\t\t\t\t\t\t\t\t\t\t\t\t\t\t\t\t\t\t\t\t\t\t\t\t\t\t\t\t\t\t\t\t\t\t\t\t\t\t\t\t\t\t\t\t\t\t\t\t\t\t\t\t\t\t\t\t\t\t\t\t\t\t\t\t\t\t\t\t\t\t\t\t\t\t\t\t\t\t\t\t\t\t\t\t\t\t\t\t\t\t\t\t\t\t\t\t\t\t\t\t\t\t\t\t\t\t\t\t\t\t\t\t\t\t\t\t\t\t\t\t\t\t\t\t\t\t\t\t\t\t\t\t\t\t\t\t\t\t\t\t\t\t\t\t\t\t\t\t\t\t\t\t\t\t\t\t\t\t\t\t\t\t\t\t\t\t\t\t\t\t\t\t\t\t\t\t\t\t\t\t\t\t\t\t\t\t\t\t\t\t\t\t\t\t\t\t\t\t\t\t\t\t\t\t\t\t\t\t\t\t\t\t\t\t\t\t\t\t\t\t\t\t\t\t\t\t\t\t\t\t\t\t\t\t\t\t\t\t\t\t\t\t\t\t\t\t\t\t\t\t\t\t\t\t\t\t\t\t\t\t\t\t\t\t\t\t\t\t\t\t\t\t\t\t\t\t\t\t\t\t\t\t\t\t\t\t\t\t\t\t\t\t\t\t\t\t\t\t\t\t\t\t\t\t\t\t\t\t\t\t\t\t\t\t\t\t\t\t\t\t\t\t\t\t\t\t\t\t\t\t\t\t\t\t\t\t\t\t\t\t\t\t\t\t\t\t\t\t\t\t\t\t\t\t\t\t\t\t\t\t\t\t\t\t\t\t\t\t\t\t\t\t\t\t\t\t\t\t\t\t\t\t\t\t\t\t\t\t\t\t\t\t\t\t\t\t\t\t\t\t\t\t\t\t\t\t\t\t\t\t\t\t\t\t\t\t\t\t\t\t\t\t\t\t\t\t\t\t\t\t\t\t\t\t\t\t\t\t\t\t\t\t\t\t\t\t\t\t\t\t\t\t\t\t\t\t\t\t\t\t\t\t\t\t\t\t\t\t\t\t\t\t\t\t\t\t\t\t\t\t\t\t\t\t\t\t\t\t\t\t\t\t\t\t\t\t\t\t\t\t\t\t\t\t\t\t\t\t\t\t\t\t\t\t\t\t\t\t\t\t\t\t\t\t\t\t\t\t\t\t\t\t\t\t\t\t\t\t\t\t\t\t\t\t\t\t\t\t\t\t\t\t\t\t\t\t\t\t\t\t\t\t\t\t\t\t\t\t\t\t\t\t\t\t\t\t\t\t\t\t\t\t\t\t\t\t\t\t\t\t\t\t\t\t\t\t\t\t\t\t\t\t\t\t\t\t\t\t\t\t\t\t\t\t\t\t\t\t\t\t\t\t\t\t\t\t\t\t\t\t\t\t\t\t\t\t\t\t\t\t\t\t\t\t\t\t\t\t\t\t\t\t\t\t\t\t\t\t\t\t\t\t\t\t\t\t\t\t\t\t\t\t\t\t\t\t\t\t\t\t\t\t\t\t\t\t\t\t\t\t\t\t\t\t\t\t\t\t\t\t\t\t\t\t\t\t\t\t\t\t\t\t\t\t\t\t\t\t\t\t\t\t\t\t\t\t\t\t\t\t\t\t\t\t\t\t\t\t\t\t\t\t\t\t\t<\/div><\/p>\n<\/div>\n<\/div>\n<\/div>\n<div class=\"mp-row-fluid motopress-row mpce-dsbl-margin-left mpce-dsbl-margin-right\">\n<div class=\"mp-span12 motopress-clmn  mpce-dsbl-margin-left mpce-dsbl-margin-right\">\n<div class=\"motopress-text-obj\">\n<p style=\"text-align: center;\">\t\t\t\t<div class=\"row image-hover-page-container\">\r\n\t\t\t\t \t\t\t\t\t\t\t\t\t\t\t\t\t\t\t\t\t\t\t\t\t\t\t\t\t\t\t\t\t\t\t\t\t\t\t\t\t\t\t\t\t\t\t\t\t\t\t\t\t\t\t\t\t\t\t\t\t\t\t\t\t\t\t\t\t\t\t\t\t\t\t\t\t\t\t\t\t\t\t\t\t\t\t\t\t\t\t\t\t\t\t\t\t\t\t\t\t\t\t\t\t\t\t\t\t\t\t\t\t\t\t\t\t\t\t\t\t\t\t\t\t\t\t\t\t\t\t\t\t\t\t\t\t\t\t\t\t\t\t\t\t\t\t\t\t\t\t\t\t\t\t\t\t\t\t\t\t\t\t\t\t\t\t\t\t\t\t\t\t\t\t\t\t\t\t\t\t\t\t\t\t\t\t\t\t\t\t\t\t\t\t\t\t\t\t\t\t\t\t\t\t\t\t\t\t\t\t\t\t\t\t\t\t\t\t\t\t\t\t\t\t\t\t\t\t\t\t\r\n\t\t\t\t                <div class=\"col-lg-6 col-md-6 col-sm-6 col-xs-12\">\r\n\t\t\t\t                <div class=\"la-hover-plugin\">\r\n\t\t\t\t                  <!-- normal -->\r\n\t\t\t\t                  <div class=\"ih-item  square effect6 left_to_right\" style=\"width:100%;height:100%;border:0px solid ;\">\r\n\t\t\t\t\t                   <a href=\"http:\/\/maisondebegon.com\/index.php\/2004-o-mains-festival-pont\/\" >\r\n\t\t\t\t\t\t                   \t\t<br \/>\n<b>Warning<\/b>:  A non-numeric value encountered in <b>\/home\/maisondek\/www\/wordpress\/wp-content\/plugins\/image-hover-effects-pro\/plugin.class.php<\/b> on line <b>855<\/b><br \/>\n<br \/>\n<b>Warning<\/b>:  A non-numeric value encountered in <b>\/home\/maisondek\/www\/wordpress\/wp-content\/plugins\/image-hover-effects-pro\/plugin.class.php<\/b> on line <b>855<\/b><br \/>\n\t\t\t\t\t\t                   \t\t\r\n\t\t\t\t\t\t                      <div class=\"img\" style=\"height:100%;width:100%;\"><img decoding=\"async\" style=\"height:100%;\" src=\"http:\/\/maisondebegon.com\/wp-content\/uploads\/2016\/11\/Wanted-2004-5.jpg\" alt=\"img\"><\/div>\r\n\r\n\t\t\t\t\t\t                       \r\n\t\t\t\t\t\t                       \r\n\t\t\t\t\t\t                       \t\t\t\t\t\t\t\t\t\t\t\t<div class=\"info\" style=\"background:rgba(0, 0, 0, 0.62);\">\r\n\t\t\t\t\t\t\t                        <h3 style=\"color:#ffffff;font-size:22px;padding:;background:#dd9933\">\r\n\t\t\t\t\t\t\t\t                        2004 \/ 2005 - \u00d4 Les Mains\t\t\t\t\t\t\t                         <\/h3>\r\n\t\t\t\t\t\t\t                        <p style=\"color:#ffffff;font-size:16px;border-top: !important;\">\r\n\t\t\t\t\t\t\t\t                        \t\t\t\t\t\t\t                         <\/p>\r\n\t\t\t\t\t\t                      <\/div>\r\n\r\n\r\n\t\t\t\t\t\t                      \t\t\t\t\t\t                      \r\n\t\t\t\t\t                      <\/a>\r\n\t\t\t\t                      <\/div>\r\n\t\t\t\t                  <!-- end normal -->\r\n\t\t\t\t                  <\/div>\r\n\t\t\t\t                <\/div>\r\n\t\t\t\t            \r\n\t\t\t\t\t\t\t\t\t\r\n\t\t\t \r\n\t\t\t\t\t\t\t\t\t\t\t\t\t\t\t\r\n\t\t\t\t                <div class=\"col-lg-6 col-md-6 col-sm-6 col-xs-12\">\r\n\t\t\t\t                <div class=\"la-hover-plugin\">\r\n\t\t\t\t                  <!-- normal -->\r\n\t\t\t\t                  <div class=\"ih-item  square effect6 left_to_right\" style=\"width:100%;height:100%;border:0px solid ;\">\r\n\t\t\t\t\t                   <a href=\"http:\/\/maisondebegon.com\/index.php\/2003-a-feria-de-blois\/\" >\r\n\t\t\t\t\t\t                   \t\t<br \/>\n<b>Warning<\/b>:  A non-numeric value encountered in <b>\/home\/maisondek\/www\/wordpress\/wp-content\/plugins\/image-hover-effects-pro\/plugin.class.php<\/b> on line <b>855<\/b><br \/>\n<br \/>\n<b>Warning<\/b>:  A non-numeric value encountered in <b>\/home\/maisondek\/www\/wordpress\/wp-content\/plugins\/image-hover-effects-pro\/plugin.class.php<\/b> on line <b>855<\/b><br \/>\n\t\t\t\t\t\t                   \t\t\r\n\t\t\t\t\t\t                      <div class=\"img\" style=\"height:100%;width:100%;\"><img decoding=\"async\" style=\"height:100%;\" src=\"http:\/\/maisondebegon.com\/wp-content\/uploads\/2016\/11\/Wanted-2003-1.jpg\" alt=\"img\"><\/div>\r\n\r\n\t\t\t\t\t\t                       \r\n\t\t\t\t\t\t                       \r\n\t\t\t\t\t\t                       \t\t\t\t\t\t\t\t\t\t\t\t<div class=\"info\" style=\"background:rgba(0, 0, 0, 0.62);\">\r\n\t\t\t\t\t\t\t                        <h3 style=\"color:#ffffff;font-size:22px;padding:;background:#e10707\">\r\n\t\t\t\t\t\t\t\t                        2003 \u00e0 la F\u00e9ria de Blois\t\t\t\t\t\t\t                         <\/h3>\r\n\t\t\t\t\t\t\t                        <p style=\"color:#ffffff;font-size:16px;border-top: !important;\">\r\n\t\t\t\t\t\t\t\t                        \t\t\t\t\t\t\t                         <\/p>\r\n\t\t\t\t\t\t                      <\/div>\r\n\r\n\r\n\t\t\t\t\t\t                      \t\t\t\t\t\t                      \r\n\t\t\t\t\t                      <\/a>\r\n\t\t\t\t                      <\/div>\r\n\t\t\t\t                  <!-- end normal -->\r\n\t\t\t\t                  <\/div>\r\n\t\t\t\t                <\/div>\r\n\t\t\t\t            \r\n\t\t\t\t\t\t\t\t\t\r\n\t\t\t \r\n\t\t\t\t\t\t\t\t\t\t\t\t\t\t\t\t\t\t\t\t\t\t\t\t\t\t\t\t\t\t\t\t\t\t\t\t\t\t\t\t\t\t\t\t\t\t\t\t\t\t\t\t\t\t\t\t\t\t\t\t\t\t\t\t\t\t\t\t\t\t\t\t\t\t\t\t\t\t\t\t\t\t\t\t\t\t\t\t\t\t\t\t\t\t\t\t\t\t\t\t\t\t\t\t\t\t\t\t\t\t\t\t\t\t\t\t\t\t\t\t\t\t\t\t\t\t\t\t\t\t\t\t\t\t\t\t\t\t\t\t\t\t\t\t\t\t\t\t\t\t\t\t\t\t\t\t\t\t\t\t\t\t\t\t\t\t\t\t\t\t\t\t\t\t\t\t\t\t\t\t\t\t\t\t\t\t\t\t\t\t\t\t\t\t\t\t\t\t\t\t\t\t\t\t\t\t\t\t\t\t\t\t\t\t\t\t\t\t\t\t\t\t\t\t\t\t\t\t\t\t\t\t\t\t\t\t\t\t\t\t\t\t\t\t\t\t\t\t\t\t\t\t\t\t\t\t\t\t\t\t\t\t\t\t\t\t\t\t\t\t\t\t\t\t\t\t\t\t\t\t\t\t\t\t\t\t\t\t\t\t\t\t\t\t\t\t\t\t\t\t\t\t\t\t\t\t\t\t\t\t\t\t\t\t\t\t\t\t\t\t\t\t\t\t\t\t\t\t\t\t\t\t\t\t\t\t\t\t\t\t\t\t\t\t\t\t\t\t\t\t\t\t\t\t\t\t\t\t\t\t\t\t\t\t\t\t\t\t\t\t\t\t\t\t\t\t\t\t\t\t\t\t\t\t\t\t\t\t\t\t\t\t\t\t\t\t\t\t\t\t\t\t\t\t\t\t\t\t\t\t\t\t\t\t\t\t\t\t\t\t\t\t\t\t\t\t\t\t\t\t\t\t\t\t\t\t\t\t\t\t\t\t\t\t\t\t\t\t\t\t\t\t\t\t\t\t\t\t\t\t\t\t\t\t\t\t\t\t\t\t\t\t\t\t\t\t\t\t\t\t\t\t\t\t\t\t\t\t\t\t\t\t\t\t\t\t\t\t\t\t\t\t\t\t\t\t\t\t\t\t\t\t\t\t\t\t\t\t\t\t\t\t\t\t\t\t\t\t\t\t\t\t\t\t\t\t\t\t\t\t\t\t\t\t\t\t\t\t\t\t\t\t\t\t\t\t\t\t\t\t\t\t\t\t\t\t\t\t\t\t\t\t\t\t\t\t\t\t\t\t\t\t\t\t\t\t\t\t\t\t\t\t\t\t\t\t\t\t\t\t\t\t\t\t\t\t\t\t\t\t\t\t\t\t\t\t\t\t\t\t\t\t\t\t\t\t\t\t\t\t\t\t\t\t\t\t\t\t\t\t\t\t\t\t\t\t\t\t\t\t\t\t\t\t\t\t\t\t\t\t\t\t\t\t\t\t\t\t\t\t\t\t\t\t\t\t\t\t\t\t\t\t\t\t\t\t\t\t\t\t\t\t\t\t\t\t\t\t\t\t\t\t\t\t\t\t\t\t\t\t\t\t\t\t\t\t\t\t\t\t\t\t\t\t\t\t\t\t\t\t\t\t\t\t\t\t\t\t\t\t\t\t\t\t\t\t\t\t\t\t\t\t\t\t\t\t\t\t\t\t\t\t\t\t\t\t\t\t\t\t\t\t\t\t\t\t\t\t\t\t\t\t\t\t\t\t\t\t\t\t\t\t\t\t\t\t\t\t\t\t\t\t\t\t\t\t\t\t\t\t\t\t\t\t\t\t\t\t\t\t\t\t\t\t\t\t\t\t\t\t\t\t\t\t\t\t\t\t\t\t\t\t\t\t\t\t\t\t\t\t\t\t\t\t\t\t\t\t\t\t\t\t\t\t\t\t\t\t\t\t\t\t\t\t\t\t\t\t\t\t\t\t\t\t\t\t\t\t\t\t\t\t\t\t\t\t\t\t\t\t\t\t\t\t\t\t\t\t\t\t\t\t\t\t\t\t\t\t\t\t\t\t\t\t\t\t\t\t\t\t\t\t\t\t\t\t\t\t\t\t\t\t\t\t\t\t\t\t\t\t\t\t\t\t\t\t\t\t\t\t\t\t\t\t\t\t\t\t\t\t\t\t\t\t\t\t\t\t\t\t\t\t\t\t\t\t\t\t\t\t\t\t\t\t\t\t\t\t\t\t\t\t\t\t\t\t\t\t\t\t\t\t\t\t\t\t\t\t\t\t\t\t\t\t\t\t\t\t\t\t\t\t\t\t\t\t\t\t\t\t\t\t\t<\/div><\/p>\n<\/div>\n<\/div>\n<\/div>\n","protected":false},"excerpt":{"rendered":"","protected":false},"author":1,"featured_media":0,"parent":0,"menu_order":0,"comment_status":"closed","ping_status":"closed","template":"","meta":{"_uag_custom_page_level_css":"","_wp_convertkit_post_meta":{"form":"-1","landing_page":"0","tag":"0","restrict_content":"0"},"footnotes":""},"class_list":["post-1401","page","type-page","status-publish","czr-hentry"],"uagb_featured_image_src":{"full":false,"thumbnail":false,"medium":false,"medium_large":false,"large":false,"1536x1536":false,"2048x2048":false,"depicter-thumbnail":false,"tc-grid-full":false,"tc-grid":false,"tc-thumb":false,"slider-full":false,"slider":false,"sendpress-max":false},"uagb_author_info":{"display_name":"Maison de B\u00e9gon","author_link":"https:\/\/maisondebegon.com\/author\/maisonb\/"},"uagb_comment_info":0,"uagb_excerpt":null,"jetpack_sharing_enabled":true,"_links":{"self":[{"href":"https:\/\/maisondebegon.com\/index.php\/wp-json\/wp\/v2\/pages\/1401","targetHints":{"allow":["GET"]}}],"collection":[{"href":"https:\/\/maisondebegon.com\/index.php\/wp-json\/wp\/v2\/pages"}],"about":[{"href":"https:\/\/maisondebegon.com\/index.php\/wp-json\/wp\/v2\/types\/page"}],"author":[{"embeddable":true,"href":"https:\/\/maisondebegon.com\/index.php\/wp-json\/wp\/v2\/users\/1"}],"replies":[{"embeddable":true,"href":"https:\/\/maisondebegon.com\/index.php\/wp-json\/wp\/v2\/comments?post=1401"}],"version-history":[{"count":6,"href":"https:\/\/maisondebegon.com\/index.php\/wp-json\/wp\/v2\/pages\/1401\/revisions"}],"predecessor-version":[{"id":1886,"href":"https:\/\/maisondebegon.com\/index.php\/wp-json\/wp\/v2\/pages\/1401\/revisions\/1886"}],"wp:attachment":[{"href":"https:\/\/maisondebegon.com\/index.php\/wp-json\/wp\/v2\/media?parent=1401"}],"curies":[{"name":"wp","href":"https:\/\/api.w.org\/{rel}","templated":true}]}}