{"id":1341,"date":"2016-10-26T14:44:42","date_gmt":"2016-10-26T12:44:42","guid":{"rendered":"http:\/\/maisondebegon.com\/wordpress\/?page_id=1341"},"modified":"2025-02-07T11:53:39","modified_gmt":"2025-02-07T10:53:39","slug":"fle","status":"publish","type":"page","link":"https:\/\/maisondebegon.com\/index.php\/fle\/","title":{"rendered":"Fran\u00e7ais Langue \u00c9trang\u00e8re"},"content":{"rendered":"<div class=\"mp-row-fluid motopress-row mpce-dsbl-margin-left mpce-dsbl-margin-right\">\n<div class=\"mp-span12 motopress-clmn  mpce-dsbl-margin-left mpce-dsbl-margin-right motopress-margin-bottom-10\">\n<div class=\"motopress-text-obj\">\n<h3 style=\"text-align: center;\"><span style=\"color: #c5171a;\"><strong>DES ATELIERS SOCIO-LINGUISTIQUES EN FRAN\u00c7AIS LANGUE \u00c9TRANG\u00c8RE<\/strong><\/span><\/h3>\n<\/div>\n<\/div>\n<\/div>\n<div class=\"mp-row-fluid motopress-row mpce-dsbl-margin-left mpce-dsbl-margin-right\">\n<div class=\"mp-span12 motopress-clmn  mpce-dsbl-margin-left mpce-dsbl-margin-right motopress-margin-top-10 motopress-margin-bottom-10\">\n<div class=\"motopress-text-obj\">\n<p style=\"text-align: center;\"><span id=\"docs-internal-guid-2bebf3a0-7fff-f236-d4cd-3e33d0ea3b36\">La Maison de B\u00e9gon a pour vocation d\u2019inscrire l\u2019apprentissage de la langue fran\u00e7aise dans une vis\u00e9e interculturelle, citoyenne et professionnelle. Ainsi, elle propose un parcours socio-linguistique qui s\u2019articule autour de l\u2019apprentissage de la langue, de la d\u00e9couverte artistique, et du monde professionnel. Les diff\u00e9rents ateliers sont compl\u00e9mentaires et visent \u00e0 renforcer l\u2019appropriation du fran\u00e7ais et de la culture fran\u00e7aise et \u00e0 des fins professionnelles. <\/span><\/p>\n<\/div>\n<\/div>\n<\/div>\n<div class=\"mp-row-fluid motopress-row mpce-dsbl-margin-left mpce-dsbl-margin-right\">\n<div class=\"mp-span12 motopress-clmn  mpce-dsbl-margin-left mpce-dsbl-margin-right  motopress-space\">\n<div class=\"motopress-space-obj mpce-dsbl-background-image-type mpce-dsbl-background-image mpce-dsbl-background-gradient mpce-dsbl-background-position mpce-dsbl-background-position-x mpce-dsbl-background-position-y mpce-dsbl-background-repeat mpce-dsbl-background-size mpce-dsbl-background-attachment mpce-dsbl-margin-left mpce-dsbl-margin-right mpce-dsbl-background-color mpce-dsbl-border-top-width mpce-dsbl-border-bottom-width mpce-dsbl-border-left-width mpce-dsbl-border-right-width mpce-dsbl-border-top-left-radius mpce-dsbl-border-top-right-radius mpce-dsbl-border-bottom-left-radius mpce-dsbl-border-bottom-right-radius mpce-dsbl-border-style mpce-dsbl-border-color mpce-dsbl-padding-left mpce-dsbl-padding-right mpce-dsbl-margin-top mpce-dsbl-margin-bottom mpce-dsbl-color\">\n<div><\/div>\n<\/div>\n<\/div>\n<\/div>\n<div class=\"mp-row-fluid motopress-row mpce-dsbl-margin-left mpce-dsbl-margin-right\">\n<div class=\"mp-span12 motopress-clmn  mpce-dsbl-margin-left mpce-dsbl-margin-right\">\n<div class=\"mp-row-fluid motopress-row mpce-dsbl-margin-left mpce-dsbl-margin-right\">\n<div class=\"mp-span4 motopress-clmn mpce-dsbl-margin-left mpce-dsbl-margin-right\">\n<div class=\"motopress-image-obj motopress-text-align-left motopress-margin-left-25\"><img decoding=\"async\" src=\"https:\/\/maisondebegon.com\/wp-content\/uploads\/2016\/10\/FLE.jpg\" title=\"FLE\" alt=\"FLE\" class=\"motopress-image-obj-basic mpce-dsbl-margin-left mpce-dsbl-margin-right mpce-dsbl-margin-top mpce-dsbl-margin-bottom\" \/><\/div>\n<\/div>\n<div class=\"mp-span8 motopress-clmn mpce-dsbl-margin-left mpce-dsbl-margin-right motopress-margin-top-15\">\n<div class=\"motopress-text-obj\">\n<p><span style=\"color: #c5171a;\">L\u2019APPRENTISSAGE DU FRAN\u00c7AIS<\/span><\/p>\n<p style=\"text-align: justify;\">Cours de Fran\u00e7ais Langue \u00c9trang\u00e8re, du niveau A2 \u00e0 B2.<\/p>\n<p><span style=\"color: #c5171a;\">LES ATELIERS INSERTION PROFESSIONNELLE<\/span><\/p>\n<ul>\n<li style=\"text-align: justify;\">Valorisation du parcours de l\u2019apprenant<\/li>\n<li style=\"text-align: justify;\">D\u00e9couverte de monde du travail fran\u00e7ais<\/li>\n<li style=\"text-align: justify;\">\u00c9changes avec des salari\u00e9s et des dirigeants<\/li>\n<li style=\"text-align: justify;\">Ateliers dans l\u2019espace public num\u00e9rique<\/li>\n<\/ul>\n<\/div>\n<\/div>\n<\/div>\n<div class=\"mp-row-fluid motopress-row mpce-dsbl-margin-left mpce-dsbl-margin-right\">\n<div class=\"mp-span12 motopress-clmn mpce-dsbl-margin-left mpce-dsbl-margin-right  motopress-space\" style=\"min-height: 20px;\">\n<div class=\"motopress-space-obj mpce-dsbl-background-image-type mpce-dsbl-background-image mpce-dsbl-background-gradient mpce-dsbl-background-position mpce-dsbl-background-position-x mpce-dsbl-background-position-y mpce-dsbl-background-repeat mpce-dsbl-background-size mpce-dsbl-background-attachment mpce-dsbl-margin-left mpce-dsbl-margin-right mpce-dsbl-background-color mpce-dsbl-border-top-width mpce-dsbl-border-bottom-width mpce-dsbl-border-left-width mpce-dsbl-border-right-width mpce-dsbl-border-top-left-radius mpce-dsbl-border-top-right-radius mpce-dsbl-border-bottom-left-radius mpce-dsbl-border-bottom-right-radius mpce-dsbl-border-style mpce-dsbl-border-color mpce-dsbl-padding-left mpce-dsbl-padding-right mpce-dsbl-margin-top mpce-dsbl-margin-bottom mpce-dsbl-color\">\n<div><\/div>\n<\/div>\n<\/div>\n<\/div>\n<div class=\"mp-row-fluid motopress-row mpce-dsbl-margin-left mpce-dsbl-margin-right\">\n<div class=\"mp-span12 motopress-clmn mpce-dsbl-margin-left mpce-dsbl-margin-right\">\n<div class=\"motopress-text-obj\">\n<p><span style=\"color: #c5171a;\">LES ATELIERS INSERTION\u00a0SOCIALE ET CULTURELLE<\/span><\/p>\n<ul>\n<li style=\"text-align: justify;\">Gestion de la vie quotidienne : aide et initiation \u00e0 l&rsquo;acc\u00e8s des divers sites administratifs<\/li>\n<li style=\"text-align: justify;\">Visite des institutions fran\u00e7aises : Mairie, Pr\u00e9fecture, Tribunal,&#8230;<\/li>\n<li style=\"text-align: justify;\">Visite des espaces de loisirs et culturels locaux : m\u00e9diath\u00e8que, biblioth\u00e8que, mus\u00e9es, ch\u00e2teaux, maison de la Magie, mus\u00e9um,&#8230;<\/li>\n<li style=\"text-align: justify;\">Ateliers\u00a0droits des femmes<\/li>\n<li style=\"text-align: justify;\">Ateliers\u00a0cr\u00e9ations collectives<\/li>\n<li style=\"text-align: justify;\">Rencontres artistiques avec les artistes programm\u00e9s ou en r\u00e9sidence \u00e0 la Maison de B\u00e9gon<\/li>\n<li style=\"text-align: justify;\">Visites du mus\u00e9e num\u00e9rique de la Micro Folie<\/li>\n<\/ul>\n<\/div>\n<\/div>\n<\/div>\n<\/div>\n<\/div>\n<div class=\"mp-row-fluid motopress-row mpce-dsbl-margin-left mpce-dsbl-margin-right\">\n<div class=\"mp-span12 motopress-clmn  mpce-dsbl-margin-left mpce-dsbl-margin-right  motopress-space\">\n<div class=\"motopress-space-obj mpce-dsbl-background-image-type mpce-dsbl-background-image mpce-dsbl-background-gradient mpce-dsbl-background-position mpce-dsbl-background-position-x mpce-dsbl-background-position-y mpce-dsbl-background-repeat mpce-dsbl-background-size mpce-dsbl-background-attachment mpce-dsbl-margin-left mpce-dsbl-margin-right mpce-dsbl-background-color mpce-dsbl-border-top-width mpce-dsbl-border-bottom-width mpce-dsbl-border-left-width mpce-dsbl-border-right-width mpce-dsbl-border-top-left-radius mpce-dsbl-border-top-right-radius mpce-dsbl-border-bottom-left-radius mpce-dsbl-border-bottom-right-radius mpce-dsbl-border-style mpce-dsbl-border-color mpce-dsbl-padding-left mpce-dsbl-padding-right mpce-dsbl-margin-top mpce-dsbl-margin-bottom mpce-dsbl-color\">\n<div><\/div>\n<\/div>\n<\/div>\n<\/div>\n<div class=\"mp-row-fluid motopress-row mpce-dsbl-margin-left mpce-dsbl-margin-right\">\n<div class=\"mp-span6 motopress-clmn  mpce-dsbl-margin-left mpce-dsbl-margin-right motopress-margin-top-10\">\n<div class=\"motopress-text-obj\">\n<address>\n<p style=\"text-align: center;\">Informations\u00a0au <span style=\"color: #ff6600;\">02 54 43 35 36<\/span> ou <span style=\"color: #ff6600;\"><a href=\"mailto:contact@maisondebegon.com\"><span style=\"color: #ff6600;\">contact@maisondebegon.com<\/span><\/a><\/span><\/p>\n<p style=\"text-align: center;\">Inscription sur place en juin.<\/p>\n<\/address>\n<\/div>\n<\/div>\n<div class=\"mp-span6 motopress-clmn  mpce-dsbl-margin-left mpce-dsbl-margin-right motopress-margin-top-10\">\n<div class=\"motopress-text-obj motopress-margin-top-10\">\n<p style=\"text-align: center;\"><span style=\"color: #ff6600;\">Les jeudis et vendredis<\/span><\/p>\n<p style=\"text-align: center;\">Par Sarah MORETTI et Giovanna MOREAU<\/p>\n<\/div>\n<\/div>\n<\/div>\n<div class=\"mp-row-fluid motopress-row mpce-dsbl-margin-left mpce-dsbl-margin-right\">\n<div class=\"mp-span12 motopress-clmn  mpce-dsbl-margin-left mpce-dsbl-margin-right\">\n<div class=\"mp-row-fluid motopress-row mpce-dsbl-margin-left mpce-dsbl-margin-right\">\n<div class=\"mp-span6 motopress-clmn mpce-dsbl-margin-left mpce-dsbl-margin-right\">\n<div class=\"motopress-video-obj\"><iframe src=\"\/\/www.youtube.com\/embed\/1DGlF_QOAf0?wmode=opaque\" class=\" mpce-dsbl-margin-left mpce-dsbl-margin-right mpce-dsbl-margin-top mpce-dsbl-margin-bottom\" frameborder=\"0\" webkitallowfullscreen mozallowfullscreen allowfullscreen><\/iframe><\/div>\n<\/div>\n<div class=\"mp-span6 motopress-clmn mpce-dsbl-margin-left mpce-dsbl-margin-right\">\n<div class=\"motopress-video-obj\"><iframe src=\"\/\/www.youtube.com\/embed\/FQKSlsU1aKU?wmode=opaque\" class=\" mpce-dsbl-margin-left mpce-dsbl-margin-right mpce-dsbl-margin-top mpce-dsbl-margin-bottom\" frameborder=\"0\" webkitallowfullscreen mozallowfullscreen allowfullscreen><\/iframe><\/div>\n<\/div>\n<\/div>\n<div class=\"mp-row-fluid motopress-row mpce-dsbl-margin-left mpce-dsbl-margin-right\">\n<div class=\"mp-span12 motopress-clmn mpce-dsbl-margin-left mpce-dsbl-margin-right  motopress-space\">\n<div class=\"motopress-space-obj mpce-dsbl-background-image-type mpce-dsbl-background-image mpce-dsbl-background-gradient mpce-dsbl-background-position mpce-dsbl-background-position-x mpce-dsbl-background-position-y mpce-dsbl-background-repeat mpce-dsbl-background-size mpce-dsbl-background-attachment mpce-dsbl-margin-left mpce-dsbl-margin-right mpce-dsbl-background-color mpce-dsbl-border-top-width mpce-dsbl-border-bottom-width mpce-dsbl-border-left-width mpce-dsbl-border-right-width mpce-dsbl-border-top-left-radius mpce-dsbl-border-top-right-radius mpce-dsbl-border-bottom-left-radius mpce-dsbl-border-bottom-right-radius mpce-dsbl-border-style mpce-dsbl-border-color mpce-dsbl-padding-left mpce-dsbl-padding-right mpce-dsbl-margin-top mpce-dsbl-margin-bottom mpce-dsbl-color\">\n<div><\/div>\n<\/div>\n<\/div>\n<\/div>\n<\/div>\n<\/div>\n","protected":false},"excerpt":{"rendered":"","protected":false},"author":1,"featured_media":0,"parent":0,"menu_order":0,"comment_status":"closed","ping_status":"closed","template":"","meta":{"_uag_custom_page_level_css":"","jetpack_post_was_ever_published":false,"footnotes":""},"class_list":["post-1341","page","type-page","status-publish","czr-hentry"],"uagb_featured_image_src":{"full":false,"thumbnail":false,"medium":false,"medium_large":false,"large":false,"1536x1536":false,"2048x2048":false,"depicter-thumbnail":false,"tc-grid-full":false,"tc-grid":false,"tc-thumb":false,"slider-full":false,"slider":false,"sendpress-max":false},"uagb_author_info":{"display_name":"Maison de B\u00e9gon","author_link":"https:\/\/maisondebegon.com\/author\/maisonb\/"},"uagb_comment_info":0,"uagb_excerpt":null,"jetpack_sharing_enabled":true,"jetpack_shortlink":"https:\/\/wp.me\/P7DqpT-lD","_links":{"self":[{"href":"https:\/\/maisondebegon.com\/index.php\/wp-json\/wp\/v2\/pages\/1341","targetHints":{"allow":["GET"]}}],"collection":[{"href":"https:\/\/maisondebegon.com\/index.php\/wp-json\/wp\/v2\/pages"}],"about":[{"href":"https:\/\/maisondebegon.com\/index.php\/wp-json\/wp\/v2\/types\/page"}],"author":[{"embeddable":true,"href":"https:\/\/maisondebegon.com\/index.php\/wp-json\/wp\/v2\/users\/1"}],"replies":[{"embeddable":true,"href":"https:\/\/maisondebegon.com\/index.php\/wp-json\/wp\/v2\/comments?post=1341"}],"version-history":[{"count":19,"href":"https:\/\/maisondebegon.com\/index.php\/wp-json\/wp\/v2\/pages\/1341\/revisions"}],"predecessor-version":[{"id":9795,"href":"https:\/\/maisondebegon.com\/index.php\/wp-json\/wp\/v2\/pages\/1341\/revisions\/9795"}],"wp:attachment":[{"href":"https:\/\/maisondebegon.com\/index.php\/wp-json\/wp\/v2\/media?parent=1341"}],"curies":[{"name":"wp","href":"https:\/\/api.w.org\/{rel}","templated":true}]}}