{"id":7328,"date":"2021-12-21T13:28:16","date_gmt":"2021-12-21T12:28:16","guid":{"rendered":"http:\/\/maisondebegon.com\/?page_id=7328"},"modified":"2022-01-06T17:11:43","modified_gmt":"2022-01-06T16:11:43","slug":"espace-public-numerique","status":"publish","type":"page","link":"http:\/\/maisondebegon.com\/index.php\/espace-public-numerique\/","title":{"rendered":"Espace public num\u00e9rique"},"content":{"rendered":"<div class=\"mp-row-fluid motopress-row mpce-dsbl-margin-left mpce-dsbl-margin-right\">\n<div class=\"mp-span12 motopress-clmn  mpce-dsbl-margin-left mpce-dsbl-margin-right\">\n<div class=\"mp-row-fluid motopress-row mpce-dsbl-margin-left mpce-dsbl-margin-right\">\n<div class=\"mp-span12 motopress-clmn mpce-dsbl-margin-left mpce-dsbl-margin-right motopress-margin-bottom-10\">\n<p style=\"text-align: justify;\">L\u2019EPN\u00a0de la Maison de B\u00e9gon est un lieu accessible \u00e0 un large public. Il est en partie destin\u00e9 \u00e0 des personnes les plus \u00e9loign\u00e9es de l\u2019outil informatique afin de les initier \u00e0 l&rsquo;apprentissage des diff\u00e9rents usages num\u00e9riques de base.<\/p>\n<p style=\"text-align: justify;\">Au-del\u00e0 de cet usage, et en consid\u00e9rant le num\u00e9rique comme un vrai outil en faveur de l\u2019insertion sociale, cet espace multim\u00e9dia permet \u00e9galement de d\u00e9couvrir et d\u2019acc\u00e9der \u00e0 l\u2019outil informatique, \u00e0 Internet et \u00e0 l\u2019audiovisuel.\u00a0Ce lieu est \u00e9quip\u00e9 en vue d&rsquo;\u00eatre exploit\u00e9 dans le cadre de projet collectif (type art num\u00e9rique, audiovisuel\u2026).<\/p>\n<p>&nbsp;<\/p>\n<p>&nbsp;<\/p>\n<p><span style=\"color: #c5171a;\">HORAIRES D&rsquo;OUVERTURE :<\/span><\/p>\n<p>Du mardi au vendredi de 15h \u00e0 20h (18h lors des vacances scolaires)<\/p>\n<\/div>\n<\/div>\n<\/div>\n<\/div>\n<div class=\"mp-row-fluid motopress-row mpce-dsbl-margin-left mpce-dsbl-margin-right\">\n<div class=\"mp-span12 motopress-clmn  mpce-dsbl-margin-left mpce-dsbl-margin-right  motopress-space\" style=\"min-height: 40px;\">\n<div class=\"motopress-space-obj mpce-dsbl-background-image-type mpce-dsbl-background-image mpce-dsbl-background-gradient mpce-dsbl-background-position mpce-dsbl-background-position-x mpce-dsbl-background-position-y mpce-dsbl-background-repeat mpce-dsbl-background-size mpce-dsbl-background-attachment mpce-dsbl-margin-left mpce-dsbl-margin-right mpce-dsbl-background-color mpce-dsbl-border-top-width mpce-dsbl-border-bottom-width mpce-dsbl-border-left-width mpce-dsbl-border-right-width mpce-dsbl-border-top-left-radius mpce-dsbl-border-top-right-radius mpce-dsbl-border-bottom-left-radius mpce-dsbl-border-bottom-right-radius mpce-dsbl-border-style mpce-dsbl-border-color mpce-dsbl-padding-left mpce-dsbl-padding-right mpce-dsbl-margin-top mpce-dsbl-margin-bottom mpce-dsbl-color\">\n<div><\/div>\n<\/div>\n<\/div>\n<\/div>\n<div class=\"mp-row-fluid motopress-row mpce-dsbl-margin-left mpce-dsbl-margin-right\">\n<div class=\"mp-span12 motopress-clmn  mpce-dsbl-margin-left mpce-dsbl-margin-right\">\n<div class=\"motopress-image-obj motopress-text-align-left\"><img decoding=\"async\" src=\"http:\/\/maisondebegon.com\/wp-content\/uploads\/2020\/03\/Sans-titre-1.png\" title=\"Sans titre - 1\" alt=\"Sans titre - 1\" class=\"motopress-image-obj-basic mpce-dsbl-margin-left mpce-dsbl-margin-right mpce-dsbl-margin-top mpce-dsbl-margin-bottom\" \/><\/div>\n<\/div>\n<\/div>\n","protected":false},"excerpt":{"rendered":"","protected":false},"author":1,"featured_media":0,"parent":0,"menu_order":0,"comment_status":"closed","ping_status":"closed","template":"","meta":{"_uag_custom_page_level_css":"","jetpack_post_was_ever_published":false,"footnotes":""},"class_list":["post-7328","page","type-page","status-publish","czr-hentry"],"uagb_featured_image_src":{"full":false,"thumbnail":false,"medium":false,"medium_large":false,"large":false,"1536x1536":false,"2048x2048":false,"depicter-thumbnail":false,"tc-grid-full":false,"tc-grid":false,"tc-thumb":false,"slider-full":false,"slider":false,"sendpress-max":false},"uagb_author_info":{"display_name":"Maison de B\u00e9gon","author_link":"http:\/\/maisondebegon.com\/author\/maisonb\/"},"uagb_comment_info":0,"uagb_excerpt":null,"jetpack_sharing_enabled":true,"jetpack_shortlink":"https:\/\/wp.me\/P7DqpT-1Uc","_links":{"self":[{"href":"http:\/\/maisondebegon.com\/index.php\/wp-json\/wp\/v2\/pages\/7328","targetHints":{"allow":["GET"]}}],"collection":[{"href":"http:\/\/maisondebegon.com\/index.php\/wp-json\/wp\/v2\/pages"}],"about":[{"href":"http:\/\/maisondebegon.com\/index.php\/wp-json\/wp\/v2\/types\/page"}],"author":[{"embeddable":true,"href":"http:\/\/maisondebegon.com\/index.php\/wp-json\/wp\/v2\/users\/1"}],"replies":[{"embeddable":true,"href":"http:\/\/maisondebegon.com\/index.php\/wp-json\/wp\/v2\/comments?post=7328"}],"version-history":[{"count":5,"href":"http:\/\/maisondebegon.com\/index.php\/wp-json\/wp\/v2\/pages\/7328\/revisions"}],"predecessor-version":[{"id":7444,"href":"http:\/\/maisondebegon.com\/index.php\/wp-json\/wp\/v2\/pages\/7328\/revisions\/7444"}],"wp:attachment":[{"href":"http:\/\/maisondebegon.com\/index.php\/wp-json\/wp\/v2\/media?parent=7328"}],"curies":[{"name":"wp","href":"https:\/\/api.w.org\/{rel}","templated":true}]}}