{"id":718,"date":"2016-07-26T16:20:28","date_gmt":"2016-07-26T15:20:28","guid":{"rendered":"http:\/\/maisondebegon.com\/wordpress\/?page_id=718"},"modified":"2025-07-09T15:56:58","modified_gmt":"2025-07-09T13:56:58","slug":"theatre","status":"publish","type":"page","link":"http:\/\/maisondebegon.com\/index.php\/theatre\/","title":{"rendered":"Th\u00e9\u00e2tre"},"content":{"rendered":"<div class=\"mp-row-fluid motopress-row mpce-dsbl-margin-left mpce-dsbl-margin-right\">\n<div class=\"mp-span12 motopress-clmn  mpce-dsbl-margin-left mpce-dsbl-margin-right motopress-margin-bottom-10\">\n<div class=\"motopress-text-obj\">\n<h3 style=\"text-align: center;\"><span style=\"color: #e10707;\"><strong>En collaboration avec <\/strong><\/span><span style=\"text-decoration: underline;\"><a href=\"https:\/\/www.labencompagnie.fr\/\" rel=\"nofollow noopener\" target=\"_blank\">la Ben Compagnie<\/a><\/span><span style=\"color: #e10707;\"><strong>, par\u00a0St\u00e9phanie Thimonnier<\/strong><\/span><\/h3>\n<h3 style=\"text-align: center;\"><span style=\"color: #e10707;\"><strong>Que les planches soient avec vous !<\/strong><\/span><\/h3>\n<\/div>\n<\/div>\n<\/div>\n<div class=\"mp-row-fluid motopress-row mpce-dsbl-margin-left mpce-dsbl-margin-right\">\n<div class=\"mp-span12 motopress-clmn  mpce-dsbl-margin-left mpce-dsbl-margin-right\">\n<div class=\"motopress-image-obj motopress-text-align-left\"><img decoding=\"async\" src=\"http:\/\/maisondebegon.com\/wp-content\/uploads\/2016\/07\/The\u0301a\u0302tre-Header.jpg\" title=\"Th\u00e9\u00e2tre 3\" alt=\"Improvisation, r\u00e9cit... il en faut pour tous !\" class=\"motopress-image-obj-basic mpce-dsbl-margin-left mpce-dsbl-margin-right mpce-dsbl-margin-top mpce-dsbl-margin-bottom\" \/><\/div>\n<\/div>\n<\/div>\n<div class=\"mp-row-fluid motopress-row mpce-dsbl-margin-left mpce-dsbl-margin-right\">\n<div class=\"mp-span12 motopress-clmn  mpce-dsbl-margin-left mpce-dsbl-margin-right motopress-margin-top-10 motopress-margin-bottom-10\">\n<div class=\"motopress-text-obj\">\n<p class=\"MsoNormal\" style=\"text-align: center;\"><span style=\"color: #333333;\"><span style=\"background-color: inherit;\"><span style=\"color: #808080;\">Informations au<\/span> <span style=\"color: #ff6600;\">02 54 43 35 36<\/span> <span style=\"color: #808080;\">ou<\/span> <a href=\"mailto:accueil@maisondebegon.com\">accueil@maisondebegon.com<\/a><\/span><\/span><\/p>\n<p class=\"MsoNormal\" style=\"text-align: center;\"><span style=\"color: #808080;\">Inscriptions sur place toute l\u2019ann\u00e9e.<\/span><\/p>\n<\/div>\n<\/div>\n<\/div>\n<div class=\"mp-row-fluid motopress-row mpce-dsbl-margin-left mpce-dsbl-margin-right\">\n<div class=\"mp-span12 motopress-clmn  mpce-dsbl-margin-left mpce-dsbl-margin-right motopress-margin-top-0 motopress-margin-bottom-10\">\n<div class=\"motopress-video-obj\"><iframe src=\"\/\/www.youtube.com\/embed\/-1cNaMHCLn0?wmode=opaque\" class=\" mpce-dsbl-margin-left mpce-dsbl-margin-right mpce-dsbl-margin-top mpce-dsbl-margin-bottom\" frameborder=\"0\" webkitallowfullscreen mozallowfullscreen allowfullscreen><\/iframe><\/div>\n<\/div>\n<\/div>\n<div class=\"mp-row-fluid motopress-row mpce-dsbl-margin-left mpce-dsbl-margin-right\">\n<div class=\"mp-span12 motopress-clmn  mpce-dsbl-margin-left mpce-dsbl-margin-right\">\n<div class=\"mp-row-fluid motopress-row mpce-dsbl-margin-left mpce-dsbl-margin-right\">\n<div class=\"mp-span12 motopress-clmn mpce-dsbl-margin-left mpce-dsbl-margin-right motopress-margin-bottom-10\">\n<div class=\"motopress-text-obj\">\n<h4 style=\"text-align: center;\"><span style=\"color: #ff6600;\">Atelier Spectacle<\/span><\/h4>\n<\/div>\n<\/div>\n<\/div>\n<div class=\"mp-row-fluid motopress-row mpce-dsbl-margin-left mpce-dsbl-margin-right\">\n<div class=\"mp-span3 motopress-clmn mpce-dsbl-margin-left mpce-dsbl-margin-right\">\n<div class=\"motopress-text-obj\">\n<p><span style=\"color: #808080;\"><span style=\"background-color: inherit; color: #ff6600;\">\u00e0 partir de 15 ans, tout niveau<\/span><br \/>\n<\/span><\/p>\n<p><span style=\"color: #808080;\">Lundi de 18h30 \u00e0 20h<\/span><\/p>\n<p><span style=\"color: #808080;\">et de 20h15 \u00e0 21h45<\/span><\/p>\n<p><span style=\"color: #808080;\">205\u20ac pour la saison<\/span><\/p>\n<\/div>\n<\/div>\n<div class=\"mp-span9 motopress-clmn mpce-dsbl-margin-left mpce-dsbl-margin-right\">\n<div class=\"motopress-text-obj\">\n<p style=\"text-align: justify;\"><span style=\"color: #808080;\"><span style=\"background-color: inherit;\">Pour ceux dont l\u2019appel des planches est une \u00e9vidence et qui souhaitent se confronter au public le plus possible, nous leur proposons un atelier spectacle.<\/span><br \/>\n<\/span><\/p>\n<p style=\"text-align: justify;\"><span style=\"color: #808080;\">\u00c0 chaque trimestre, soit 3 fois par an, dans le \u00ab Cabaret de la Maison de B\u00e9gon \u00bb, vous pr\u00e9senterez un spectacle sur un th\u00e8me ou un auteur choisi en complicit\u00e9 avec Benjamin Kerautret.<\/span><\/p>\n<\/div>\n<\/div>\n<\/div>\n<\/div>\n<\/div>\n<div class=\"mp-row-fluid motopress-row mpce-dsbl-margin-left mpce-dsbl-margin-right\">\n<div class=\"mp-span12 motopress-clmn  mpce-dsbl-margin-left mpce-dsbl-margin-right motopress-margin-bottom-10\">\n<div class=\"motopress-text-obj\">\n<h4 class=\"MsoNormal\" style=\"text-align: center;\"><span style=\"color: #808080;\">En collaboration avec <a href=\"http:\/\/www.labencompagnie.sitew.com\/#Actualite.F\" target=\"_blank\" rel=\"noopener\">la Ben Compagnie<\/a>, par St\u00e9phanie THIMONNIER<\/span><\/h4>\n<\/div>\n<\/div>\n<\/div>\n<div class=\"mp-row-fluid motopress-row mpce-dsbl-margin-left mpce-dsbl-margin-right\">\n<div class=\"mp-span6 motopress-clmn  mpce-dsbl-margin-left mpce-dsbl-margin-right\">\n<div class=\"motopress-text-obj\">\n<\/div>\n<\/div>\n<div class=\"mp-span6 motopress-clmn  mpce-dsbl-margin-left mpce-dsbl-margin-right\">\n<\/div>\n<\/div>\n<div class=\"mp-row-fluid motopress-row mpce-dsbl-margin-left mpce-dsbl-margin-right\">\n<div class=\"mp-span12 motopress-clmn  mpce-dsbl-margin-left mpce-dsbl-margin-right motopress-margin-top-10\">\n<div class=\"motopress-tabs-obj motopress-tabs-no-vertical motopress-tabs-padding-20 motopress-tabs-basic\" id=\"tabs6a099b92d09dc\">\n<ul>\n<li data-tab-no=\"0\" class=\"ui-tabs-nav-item\"><a href=\"#5819b08e096bd\"><i class=\"fa fa-calendar\"  style=\" color: inherit; padding-left: 5px; padding-right: 5px; padding-top: 0px; padding-bottom: 0px;\"><\/i><span class=\"tab-text\">Calendrier<\/span><\/a><\/li>\n<li data-tab-no=\"1\" class=\"ui-tabs-nav-item\"><a href=\"#5819b08e096be\"><i class=\"fa fa-print\"  style=\" color: inherit; padding-left: 5px; padding-right: 5px; padding-top: 0px; padding-bottom: 0px;\"><\/i><span class=\"tab-text\">Adh\u00e9sion 2025 \/ 2026<\/span><\/a><\/li>\n<li data-tab-no=\"2\" class=\"ui-tabs-nav-item\"><a href=\"#5819b0cc096ea\"><i class=\"fa fa-euro\"  style=\" color: inherit; padding-left: 5px; padding-right: 5px; padding-top: 0px; padding-bottom: 0px;\"><\/i><span class=\"tab-text\">Tarifs d\u00e9gressifs<\/span><\/a><\/li>\n<\/ul>\n<div class=\"motopress-tab\" id=\"5819b08e096bd\">\n<p align=\"justify\"><span style=\"color: #333333;\"><span style=\"font-family: 'Josefin Sans';\"><span style=\"font-size: small;\"><b>La reprise des cours se fera \u00e0 partir du 15 septembre 2025.<\/b><\/span><\/span><\/span><\/p>\n<p><span style=\"color: #333333;\"><span style=\"font-family: 'Josefin Sans';\"><span style=\"font-size: small;\"><b>Les activit\u00e9s se termineront le 19 juin 2026.<\/b><\/span><\/span><\/span><\/p>\n<p><span style=\"color: #333333;\"><span style=\"font-family: 'Josefin Sans';\"><span style=\"font-size: small;\"><b>Il n\u2019y aura pas de cours pendant les vacances scolaires.<\/b><\/span><\/span><\/span><\/p>\n<\/div>\n<div class=\"motopress-tab\" id=\"5819b08e096be\">\n<p align=\"justify\"><span style=\"color: #333333;\"><span style=\"font-family: 'Josefin Sans';\"><span style=\"font-size: small;\"><b>Il est n\u00e9cessaire d\u2019\u00eatre adh\u00e9rent \u00e0 la Maison de B\u00e9gon pour s\u2019inscrire aux cours et aux stages pr\u00e9sent\u00e9s.<\/b><\/span><\/span><\/span><\/p>\n<p><span style=\"color: #333333;\"><span style=\"font-family: 'Josefin Sans';\"><span style=\"font-size: small;\"><b>L\u2019adh\u00e9sion est valable jusqu\u2019au 31 ao\u00fbt 2025 :<\/b><\/span><\/span><\/span><\/p>\n<ul>\n<li><span style=\"color: #333333;\"><span style=\"font-family: 'Josefin Sans';\"><span style=\"font-size: small;\"><b>Familiale : 15\u20ac<\/b><\/span><\/span><\/span><\/li>\n<li><span style=\"color: #333333;\"><span style=\"font-family: 'Josefin Sans';\"><span style=\"font-size: small;\"><b>Moins de 25 ans individuelle : 10\u20ac<\/b><\/span><\/span><\/span><\/li>\n<li><span style=\"color: #333333;\"><span style=\"font-family: 'Josefin Sans';\"><span style=\"font-size: small;\"><b>Association : 50\u20ac<\/b><\/span><\/span><\/span><\/li>\n<\/ul>\n<p><span style=\"color: #333333;\"><span style=\"font-family: 'Josefin Sans';\"><span style=\"font-size: small;\"><b>Toute adh\u00e9sion souscrite \u00e0 l&rsquo;ALCV, l&rsquo;ALEP, la Maison des Provinces,\u00a0l\u2019espace Mirabeau, l\u2019espace Quini\u00e8re Rosa Parks et la Maison de B\u00e9gon est valable dans ces 6 structures uniquement pour les inscriptions aux cours, aux stages et aux projets divers.<\/b><\/span><\/span><\/span><\/p>\n<p><span style=\"color: #333333;\"><span style=\"font-family: 'Josefin Sans';\"><span style=\"font-size: small;\"><b>Vous pouvez essayer les cours du 16 au 30 septembre 2024.<\/b><\/span><\/span><\/span><\/p>\n<\/div>\n<div class=\"motopress-tab\" id=\"5819b0cc096ea\">\n<p><span style=\"color: #333333;\"><span style=\"font-family: 'Josefin Sans';\"><span style=\"font-size: small;\"><b>Nous vous proposons des tarifs d\u00e9gressifs en fonction du nombre d\u2019activit\u00e9s pratiqu\u00e9es :<\/b><\/span><\/span><\/span><\/p>\n<ul>\n<li><span style=\"color: #333333;\"><span style=\"font-family: 'Josefin Sans';\"><span style=\"font-size: small;\"><b>-10% pour la 2<sup>\u00e8me<\/sup><\/b><\/span><\/span><\/span><\/li>\n<li><span style=\"color: #333333;\"><span style=\"font-family: 'Josefin Sans';\"><span style=\"font-size: small;\"><b>-20% \u00e0 partir de la 3<sup>\u00e8me<\/sup><\/b><\/span><\/span><\/span><\/li>\n<\/ul>\n<p><span style=\"color: #333333;\"><span style=\"font-family: 'Josefin Sans';\"><span style=\"font-size: small;\"><b>Les cotisations sont payables pour l\u2019ann\u00e9e enti\u00e8re au d\u00e9marrage de l\u2019activit\u00e9.<\/b><\/span><\/span><\/span><\/p>\n<p><span style=\"color: #333333;\"><span style=\"font-family: 'Josefin Sans';\"><span style=\"font-size: small;\"><b>Au-del\u00e0 de 60\u20ac, le paiement peut se faire par ch\u00e8que bancaire en quatre fois.<\/b><\/span><\/span><\/span><\/p>\n<p><span style=\"color: #333333;\"><span style=\"font-family: 'Josefin Sans';\"><span style=\"font-size: small;\"><b>Nous acceptons l\u2019ensemble des aides : Comit\u00e9 d\u2019Entreprise, Ch\u00e8ques Vacances, Passeport Temps Libre de la CAF, tarifs sociaux&#8230;<\/b><\/span><\/span><\/span><\/p>\n<\/div>\n<p class=\"motopress-hide-script\"><script type=\"text\/javascript\">\n                    var mpTabs6a099b92d09dc = jQuery(\"#tabs6a099b92d09dc\");\n                    jQuery(document).ready(function($) {\n                        if ($(\"base\").length) {\n\t\t\t                mpTabs6a099b92d09dc.find(\"ul li a\").each(function() {\n\t\t\t\t\t\t\t    $(this).attr(\"href\", location.href.toString() + $(this).attr(\"href\"));\n\t\t\t\t\t\t\t});\n\t\t\t\t\t\t}\n                        if (mpTabs6a099b92d09dc.data(\"uiTabs\")) {\n                            mpTabs6a099b92d09dc.tabs(\"destroy\");\n                        }\n                        mpTabs6a099b92d09dc.tabs({\n                            active: 0\n                        });\n                        ;\n                        ;\n                    });\n                    jQuery(window).load(function() {\n                        ;\n                    });\n                     <\/script><\/p>\n<\/div>\n<\/div>\n<\/div>\n","protected":false},"excerpt":{"rendered":"","protected":false},"author":1,"featured_media":0,"parent":0,"menu_order":0,"comment_status":"closed","ping_status":"closed","template":"","meta":{"_uag_custom_page_level_css":"","_wp_convertkit_post_meta":{"form":"-1","landing_page":"0","tag":"0","restrict_content":"0"},"footnotes":""},"class_list":["post-718","page","type-page","status-publish","czr-hentry"],"uagb_featured_image_src":{"full":false,"thumbnail":false,"medium":false,"medium_large":false,"large":false,"1536x1536":false,"2048x2048":false,"depicter-thumbnail":false,"tc-grid-full":false,"tc-grid":false,"tc-thumb":false,"slider-full":false,"slider":false,"sendpress-max":false},"uagb_author_info":{"display_name":"Maison de B\u00e9gon","author_link":"http:\/\/maisondebegon.com\/author\/maisonb\/"},"uagb_comment_info":0,"uagb_excerpt":null,"jetpack_sharing_enabled":true,"_links":{"self":[{"href":"http:\/\/maisondebegon.com\/index.php\/wp-json\/wp\/v2\/pages\/718","targetHints":{"allow":["GET"]}}],"collection":[{"href":"http:\/\/maisondebegon.com\/index.php\/wp-json\/wp\/v2\/pages"}],"about":[{"href":"http:\/\/maisondebegon.com\/index.php\/wp-json\/wp\/v2\/types\/page"}],"author":[{"embeddable":true,"href":"http:\/\/maisondebegon.com\/index.php\/wp-json\/wp\/v2\/users\/1"}],"replies":[{"embeddable":true,"href":"http:\/\/maisondebegon.com\/index.php\/wp-json\/wp\/v2\/comments?post=718"}],"version-history":[{"count":33,"href":"http:\/\/maisondebegon.com\/index.php\/wp-json\/wp\/v2\/pages\/718\/revisions"}],"predecessor-version":[{"id":10145,"href":"http:\/\/maisondebegon.com\/index.php\/wp-json\/wp\/v2\/pages\/718\/revisions\/10145"}],"wp:attachment":[{"href":"http:\/\/maisondebegon.com\/index.php\/wp-json\/wp\/v2\/media?parent=718"}],"curies":[{"name":"wp","href":"https:\/\/api.w.org\/{rel}","templated":true}]}}