{"id":711,"date":"2016-07-26T16:19:30","date_gmt":"2016-07-26T15:19:30","guid":{"rendered":"http:\/\/maisondebegon.com\/wordpress\/?page_id=711"},"modified":"2025-07-09T15:58:21","modified_gmt":"2025-07-09T13:58:21","slug":"arts-plastiques","status":"publish","type":"page","link":"http:\/\/maisondebegon.com\/index.php\/arts-plastiques\/","title":{"rendered":"Arts Plastiques"},"content":{"rendered":"<div class=\"mp-span12 motopress-clmn  mpce-dsbl-margin-left mpce-dsbl-margin-right  motopress-space\" style=\"min-height: 20px;\">\n<div class=\"motopress-space-obj mpce-dsbl-background-image-type mpce-dsbl-background-image mpce-dsbl-background-gradient mpce-dsbl-background-position mpce-dsbl-background-position-x mpce-dsbl-background-position-y mpce-dsbl-background-repeat mpce-dsbl-background-size mpce-dsbl-background-attachment mpce-dsbl-margin-left mpce-dsbl-margin-right mpce-dsbl-background-color mpce-dsbl-border-top-width mpce-dsbl-border-bottom-width mpce-dsbl-border-left-width mpce-dsbl-border-right-width mpce-dsbl-border-top-left-radius mpce-dsbl-border-top-right-radius mpce-dsbl-border-bottom-left-radius mpce-dsbl-border-bottom-right-radius mpce-dsbl-border-style mpce-dsbl-border-color mpce-dsbl-padding-left mpce-dsbl-padding-right mpce-dsbl-margin-top mpce-dsbl-margin-bottom mpce-dsbl-color\">\n<div><\/div>\n<\/div>\n<\/div>\n<p>[\/mp_row]<\/p>\n<div class=\"mp-row-fluid motopress-row mpce-dsbl-margin-left mpce-dsbl-margin-right\">\n<div class=\"mp-span12 motopress-clmn  mpce-dsbl-margin-left mpce-dsbl-margin-right\">\n<div class=\"motopress-tabs-obj motopress-tabs-no-vertical motopress-tabs-padding-20 motopress-tabs-basic\" id=\"tabs69dfa5839a3d1\">\n<ul>\n<li data-tab-no=\"0\" class=\"ui-tabs-nav-item\"><a href=\"#5808b6f42feae\"><i class=\"fa fa-calendar\"  style=\" color: inherit; padding-left: 5px; padding-right: 5px; padding-top: 0px; padding-bottom: 0px;\"><\/i><span class=\"tab-text\">Calendrier<\/span><\/a><\/li>\n<li data-tab-no=\"1\" class=\"ui-tabs-nav-item\"><a href=\"#5808b73c2fef6\"><i class=\"fa fa-print\"  style=\" color: inherit; padding-left: 5px; padding-right: 5px; padding-top: 0px; padding-bottom: 0px;\"><\/i><span class=\"tab-text\">Adh\u00e9sion 2025 \/ 2026<\/span><\/a><\/li>\n<li data-tab-no=\"2\" class=\"ui-tabs-nav-item\"><a href=\"#5808b74d2ff4c\"><i class=\"fa fa-euro\"  style=\" color: inherit; padding-left: 5px; padding-right: 5px; padding-top: 0px; padding-bottom: 0px;\"><\/i><span class=\"tab-text\">Tarifs d\u00e9gressifs<\/span><\/a><\/li>\n<\/ul>\n<p>[\/mp_tab]<\/p>\n<div class=\"motopress-tab\" id=\"5808b6f42feae\">\n<p align=\"justify\"><span style=\"color: #333333;\"><span style=\"font-family: 'Josefin Sans';\"><span style=\"font-size: small;\"><b>La reprise des cours se fera \u00e0 partir du 15 septembre 2025.<\/b><\/span><\/span><\/span><\/p>\n<p><span style=\"color: #333333;\"><span style=\"font-family: 'Josefin Sans';\"><span style=\"font-size: small;\"><b>Les activit\u00e9s se termineront le 19 juin 2026.<\/b><\/span><\/span><\/span><\/p>\n<p align=\"justify\"><span style=\"color: #333333;\"><span style=\"font-family: 'Josefin Sans';\"><span style=\"font-size: small;\"><b>Il n\u2019y aura pas de cours pendant les vacances scolaires.<\/b><\/span><\/span><\/span><\/p>\n<\/div>\n<div class=\"motopress-tab\" id=\"5808b73c2fef6\">\n<p align=\"justify\"><span style=\"color: #333333;\"><span style=\"font-family: 'Josefin Sans';\"><span style=\"font-size: small;\"><b>Il est n\u00e9cessaire d\u2019\u00eatre adh\u00e9rent \u00e0 la Maison de B\u00e9gon pour s\u2019inscrire aux cours et aux stages pr\u00e9sent\u00e9s.<\/b><\/span><\/span><\/span><\/p>\n<p><span style=\"color: #333333;\"><span style=\"font-family: 'Josefin Sans';\"><span style=\"font-size: small;\"><b>L\u2019adh\u00e9sion est valable jusqu\u2019au 31 ao\u00fbt 2026 :<\/b><\/span><\/span><\/span><\/p>\n<ul>\n<li><span style=\"color: #333333;\"><span style=\"font-family: 'Josefin Sans';\"><span style=\"font-size: small;\"><b>Individuelle +25ans et Familiale : 15\u20ac<\/b><\/span><\/span><\/span><\/li>\n<li><span style=\"color: #333333;\"><span style=\"font-family: 'Josefin Sans';\"><span style=\"font-size: small;\"><b>Moins de 25 ans individuelle : 10\u20ac<\/b><\/span><\/span><\/span><\/li>\n<li><span style=\"color: #333333;\"><span style=\"font-family: 'Josefin Sans';\"><span style=\"font-size: small;\"><b>Association : 50\u20ac<\/b><\/span><\/span><\/span><\/li>\n<\/ul>\n<p><span style=\"color: #333333;\"><span style=\"font-family: 'Josefin Sans';\"><span style=\"font-size: small;\"><b>Toute adh\u00e9sion souscrite \u00e0 l&rsquo;ALCV, l&rsquo;ALEP, la Maison des Provinces,\u00a0l\u2019espace Mirabeau, l\u2019espace Quini\u00e8re Rosa Parks et la Maison de B\u00e9gon est valable dans ces 6 structures uniquement pour les inscriptions aux cours, aux stages et aux projets divers.<\/b><\/span><\/span><\/span><\/p>\n<p><span style=\"color: #333333;\"><span style=\"font-family: 'Josefin Sans';\"><span style=\"font-size: small;\"><b>Vous pouvez essayer les cours du 16 au 26 septembre 2025.<\/b><\/span><\/span><\/span><\/p>\n<\/div>\n<div class=\"motopress-tab\" id=\"5808b74d2ff4c\">\n<p><span style=\"color: #333333;\"><span style=\"font-family: 'Josefin Sans';\"><span style=\"font-size: small;\"><b>Nous vous proposons des tarifs d\u00e9gressifs en fonction du nombre d\u2019activit\u00e9s pratiqu\u00e9es :<\/b><\/span><\/span><\/span><\/p>\n<ul>\n<li><span style=\"color: #333333;\"><span style=\"font-family: 'Josefin Sans';\"><span style=\"font-size: small;\"><b>-10% pour la 2<sup>\u00e8me<\/sup><\/b><\/span><\/span><\/span><\/li>\n<li><span style=\"color: #333333;\"><span style=\"font-family: 'Josefin Sans';\"><span style=\"font-size: small;\"><b>-20% \u00e0 partir de la 3<sup>\u00e8me<\/sup><\/b><\/span><\/span><\/span><\/li>\n<\/ul>\n<p><span style=\"color: #333333;\"><span style=\"font-family: 'Josefin Sans';\"><span style=\"font-size: small;\"><b>Les cotisations sont payables pour l\u2019ann\u00e9e enti\u00e8re au d\u00e9marrage de l\u2019activit\u00e9.<\/b><\/span><\/span><\/span><\/p>\n<p><span style=\"color: #333333;\"><span style=\"font-family: 'Josefin Sans';\"><span style=\"font-size: small;\"><b>Au-del\u00e0 de 60\u20ac, le paiement peut se faire par ch\u00e8que bancaire en quatre fois.<\/b><\/span><\/span><\/span><\/p>\n<p><span style=\"color: #333333;\"><b><span style=\"font-family: 'Josefin Sans';\"><span style=\"font-size: small;\">Nous acceptons l\u2019ensemble des aides : Comit\u00e9 d\u2019Entreprise, Ch\u00e8ques Vacances, Passeport Temps Libre de la CAF, tarifs sociaux\u2026<\/span><\/span><\/b><\/span><\/p>\n<\/div>\n<p class=\"motopress-hide-script\"><script type=\"text\/javascript\">\n                    var mpTabs69dfa5839a3d1 = jQuery(\"#tabs69dfa5839a3d1\");\n                    jQuery(document).ready(function($) {\n                        if ($(\"base\").length) {\n\t\t\t                mpTabs69dfa5839a3d1.find(\"ul li a\").each(function() {\n\t\t\t\t\t\t\t    $(this).attr(\"href\", location.href.toString() + $(this).attr(\"href\"));\n\t\t\t\t\t\t\t});\n\t\t\t\t\t\t}\n                        if (mpTabs69dfa5839a3d1.data(\"uiTabs\")) {\n                            mpTabs69dfa5839a3d1.tabs(\"destroy\");\n                        }\n                        mpTabs69dfa5839a3d1.tabs({\n                            active: 0\n                        });\n                        ;\n                        ;\n                    });\n                    jQuery(window).load(function() {\n                        ;\n                    });\n                     <\/script><\/p>\n<\/div>\n<\/div>\n<\/div>\n","protected":false},"excerpt":{"rendered":"[\/mp_row]","protected":false},"author":1,"featured_media":0,"parent":0,"menu_order":0,"comment_status":"closed","ping_status":"closed","template":"","meta":{"_uag_custom_page_level_css":"","jetpack_post_was_ever_published":false,"footnotes":""},"class_list":["post-711","page","type-page","status-publish","czr-hentry"],"uagb_featured_image_src":{"full":false,"thumbnail":false,"medium":false,"medium_large":false,"large":false,"1536x1536":false,"2048x2048":false,"depicter-thumbnail":false,"tc-grid-full":false,"tc-grid":false,"tc-thumb":false,"slider-full":false,"slider":false,"sendpress-max":false},"uagb_author_info":{"display_name":"Maison de B\u00e9gon","author_link":"http:\/\/maisondebegon.com\/author\/maisonb\/"},"uagb_comment_info":0,"uagb_excerpt":"[\/mp_row]","jetpack_sharing_enabled":true,"jetpack_shortlink":"https:\/\/wp.me\/P7DqpT-bt","_links":{"self":[{"href":"http:\/\/maisondebegon.com\/index.php\/wp-json\/wp\/v2\/pages\/711","targetHints":{"allow":["GET"]}}],"collection":[{"href":"http:\/\/maisondebegon.com\/index.php\/wp-json\/wp\/v2\/pages"}],"about":[{"href":"http:\/\/maisondebegon.com\/index.php\/wp-json\/wp\/v2\/types\/page"}],"author":[{"embeddable":true,"href":"http:\/\/maisondebegon.com\/index.php\/wp-json\/wp\/v2\/users\/1"}],"replies":[{"embeddable":true,"href":"http:\/\/maisondebegon.com\/index.php\/wp-json\/wp\/v2\/comments?post=711"}],"version-history":[{"count":52,"href":"http:\/\/maisondebegon.com\/index.php\/wp-json\/wp\/v2\/pages\/711\/revisions"}],"predecessor-version":[{"id":10146,"href":"http:\/\/maisondebegon.com\/index.php\/wp-json\/wp\/v2\/pages\/711\/revisions\/10146"}],"wp:attachment":[{"href":"http:\/\/maisondebegon.com\/index.php\/wp-json\/wp\/v2\/media?parent=711"}],"curies":[{"name":"wp","href":"https:\/\/api.w.org\/{rel}","templated":true}]}}