{"id":703,"date":"2016-07-26T16:18:36","date_gmt":"2016-07-26T15:18:36","guid":{"rendered":"http:\/\/maisondebegon.com\/wordpress\/?page_id=703"},"modified":"2025-07-09T16:41:43","modified_gmt":"2025-07-09T14:41:43","slug":"new-style","status":"publish","type":"page","link":"http:\/\/maisondebegon.com\/index.php\/new-style\/","title":{"rendered":"New Style"},"content":{"rendered":"<div class=\"mp-row-fluid motopress-row mpce-dsbl-margin-left mpce-dsbl-margin-right\">\n<div class=\"mp-span12 motopress-clmn  mpce-dsbl-margin-left mpce-dsbl-margin-right motopress-margin-bottom-10\">\n<div class=\"motopress-text-obj\">\n<h3 style=\"text-align: center;\"><span style=\"color: #e10707; font-size: 24px;\"><strong>Une danse hybride pour que chacun puisse s\u2019exprimer !<\/strong><\/span><\/h3>\n<\/div>\n<\/div>\n<\/div>\n<div class=\"mp-row-fluid motopress-row mpce-dsbl-margin-left mpce-dsbl-margin-right\">\n<div class=\"mp-span12 motopress-clmn  mpce-dsbl-margin-left mpce-dsbl-margin-right\">\n<div class=\"motopress-image-obj motopress-text-align-left\"><img decoding=\"async\" src=\"http:\/\/maisondebegon.com\/wp-content\/uploads\/2016\/07\/New-Style-Header.jpg\" title=\"New Style 2\" alt=\"La Maison de B\u00e9gon propose des cours de Danse New Style avec Jimmy Grand\u2019Homme\" class=\"motopress-image-obj-basic mpce-dsbl-margin-left mpce-dsbl-margin-right mpce-dsbl-margin-top mpce-dsbl-margin-bottom\" \/><\/div>\n<\/div>\n<\/div>\n<div class=\"mp-row-fluid motopress-row mpce-dsbl-margin-left mpce-dsbl-margin-right\">\n<div class=\"mp-span5 motopress-clmn  mpce-dsbl-margin-left mpce-dsbl-margin-right motopress-margin-top-10 motopress-margin-bottom-10\">\n<div class=\"motopress-text-obj\">\n<p style=\"text-align: center;\"><span style=\"color: #808080;\"><span style=\"background-color: inherit;\">Informations au\u00a0<span style=\"color: #ff6600;\">02 54 43 35 36<\/span><\/span><br \/>\n<\/span><\/p>\n<p style=\"text-align: center;\"><span style=\"color: #808080;\">ou par mail \u00e0\u00a0<a href=\"mailto:accueil@maisondebegon.com\"><span style=\"color: #ff6600;\">accueil@maisondebegon.com<\/span><\/a><\/span><\/p>\n<p style=\"text-align: center;\"><span style=\"color: #808080;\">Inscriptions sur place toute l\u2019ann\u00e9e.<\/span><\/p>\n<\/div>\n<\/div>\n<div class=\"mp-span7 motopress-clmn  mpce-dsbl-margin-left mpce-dsbl-margin-right motopress-margin-top-10 motopress-margin-bottom-10\">\n<div class=\"motopress-text-obj\">\n<p class=\"MsoNormal\" style=\"text-align: center;\"><span style=\"color: #808080;\"><span style=\"background-color: inherit;\">Par <span style=\"color: #ff6600;\">Jimmy Grand\u2019Homme<\/span><\/span><br \/>\n<\/span><\/p>\n<p class=\"MsoNormal\" style=\"text-align: center;\"><span style=\"color: #808080;\">Form\u00e9 avec Max-Laure Bourjolly et Alex Benth (Cie Boogie Sa\u00ee) pour le Hip Hop et avec Dominique Lesdema pour le Modern Jazz, danseur de la Cie Georges Momboye et la Cie Jean-Claude Marginale, professeur \u00e0 l\u2019\u00e9cole et au festival DARC, chor\u00e9graphe de la Cie Irony.<\/span><\/p>\n<\/div>\n<\/div>\n<\/div>\n<div class=\"mp-row-fluid motopress-row mpce-dsbl-margin-left mpce-dsbl-margin-right\">\n<div class=\"mp-span12 motopress-clmn  mpce-dsbl-margin-left mpce-dsbl-margin-right\">\n<\/div>\n<\/div>\n<div class=\"mp-row-fluid motopress-row mpce-dsbl-margin-left mpce-dsbl-margin-right\">\n<div class=\"mp-span12 motopress-clmn  mpce-dsbl-margin-left mpce-dsbl-margin-right motopress-margin-top-10 motopress-margin-bottom-10\">\n<div class=\"motopress-text-obj\">\n<p class=\"MsoNormal\" style=\"text-align: left;\"><span style=\"background-color: inherit;\"><span style=\"color: #808080;\">N\u00e9 au milieu des ann\u00e9es 90 aux \u00c9tats-Unis et arriv\u00e9 en France en 2000, le New Style est aujourd\u2019hui tr\u00e8s populaire et tr\u00e8s repr\u00e9sent\u00e9 dans l\u2019univers Hip Hop \/ R\u2019n\u2019B. V\u00e9ritable danse hybride o\u00f9 chacun peut s\u2019exprimer librement et \u00e0 sa fa\u00e7on, vous danserez sur des rythmes m\u00e9langeant Popping, Hip Hop, House et Modern Jazz.<\/span><\/span><\/p>\n<\/div>\n<\/div>\n<\/div>\n<div class=\"mp-row-fluid motopress-row mpce-dsbl-margin-left mpce-dsbl-margin-right\">\n<div class=\"mp-span12 motopress-clmn  mpce-dsbl-margin-left mpce-dsbl-margin-right\">\n<div class=\"motopress-tabs-obj motopress-tabs-no-vertical motopress-tabs-padding-20 motopress-tabs-basic\" id=\"tabs6a098c3025a34\">\n<ul>\n<li data-tab-no=\"0\" class=\"ui-tabs-nav-item\"><a href=\"#5808d238a457b\"><i class=\"fa fa-user\"  style=\" color: inherit; padding-left: 5px; padding-right: 5px; padding-top: 0px; padding-bottom: 0px;\"><\/i><span class=\"tab-text\">Niveaux<\/span><\/a><\/li>\n<li data-tab-no=\"1\" class=\"ui-tabs-nav-item\"><a href=\"#5808d238a457c\"><i class=\"fa fa-calendar\"  style=\" color: inherit; padding-left: 5px; padding-right: 5px; padding-top: 0px; padding-bottom: 0px;\"><\/i><span class=\"tab-text\">Calendrier<\/span><\/a><\/li>\n<li data-tab-no=\"2\" class=\"ui-tabs-nav-item\"><a href=\"#5808d287a45a8\"><i class=\"fa fa-print\"  style=\" color: inherit; padding-left: 5px; padding-right: 5px; padding-top: 0px; padding-bottom: 0px;\"><\/i><span class=\"tab-text\">Adh\u00e9sion 2024 \/ 2025<\/span><\/a><\/li>\n<li data-tab-no=\"3\" class=\"ui-tabs-nav-item\"><a href=\"#5808d29fa45e2\"><i class=\"fa fa-euro\"  style=\" color: inherit; padding-left: 5px; padding-right: 5px; padding-top: 0px; padding-bottom: 0px;\"><\/i><span class=\"tab-text\">Tarifs d\u00e9gressifs<\/span><\/a><\/li>\n<\/ul>\n<div class=\"motopress-tab\" id=\"5808d238a457b\">\n<p><span style=\"color: #333333;\"><span style=\"font-family: 'Josefin Sans';\"><span style=\"font-size: small;\"><b><strong>D\u00e8s 17 ans et adultes &#8211; Atelier chor\u00e9graphique<\/strong><\/b><\/span><\/span><\/span><\/p>\n<p><span style=\"color: #333333;\"><span style=\"font-family: 'Josefin Sans';\"><span style=\"font-size: small;\"><b><strong>Niveau interm\u00e9diaire \/ avanc\u00e9<\/strong><\/b><\/span><\/span><\/span><\/p>\n<p><span style=\"color: #333333;\"><span style=\"font-family: 'Josefin Sans';\"><span style=\"font-size: small;\"><b>Lundi de 19h15 \u00e0 21h15 toutes les deux semaines<\/b><\/span><\/span><\/span><\/p>\n<p><span style=\"color: #333333;\"><span style=\"font-family: 'Josefin Sans';\"><span style=\"font-size: small;\"><b>Reprise des cours le 22 Septembre, un calendrier sera donn\u00e9 \u00e0 l&rsquo;inscription<\/b><\/span><\/span><\/span><\/p>\n<p><span style=\"color: #333333;\"><span style=\"font-family: 'Josefin Sans';\"><span style=\"font-size: small;\"><b>150\u20ac<\/b><\/span><\/span><\/span><\/p>\n<\/div>\n<div class=\"motopress-tab\" id=\"5808d238a457c\">\n<p align=\"justify\"><span style=\"color: #333333;\"><span style=\"font-family: 'Josefin Sans';\"><span style=\"font-size: small;\"><b>La reprise des cours se fera \u00e0 partir du 16 septembre 2024.<\/b><\/span><\/span><\/span><\/p>\n<p><span style=\"color: #333333;\"><span style=\"font-family: 'Josefin Sans';\"><span style=\"font-size: small;\"><b>Les activit\u00e9s se termineront le 20 juin 2025.<\/b><\/span><\/span><\/span><\/p>\n<p align=\"justify\"><span style=\"color: #333333;\"><span style=\"font-family: 'Josefin Sans';\"><span style=\"font-size: small;\"><b>Il n\u2019y aura pas de cours pendant les vacances scolaires.<\/b><\/span><\/span><\/span><\/p>\n<\/div>\n<div class=\"motopress-tab\" id=\"5808d287a45a8\">\n<p align=\"justify\"><span style=\"color: #333333;\"><span style=\"font-family: 'Josefin Sans';\"><span style=\"font-size: small;\"><b>Il est n\u00e9cessaire d\u2019\u00eatre adh\u00e9rent \u00e0 la Maison de B\u00e9gon pour s\u2019inscrire aux cours et aux stages pr\u00e9sent\u00e9s.<\/b><\/span><\/span><\/span><\/p>\n<p><span style=\"color: #333333;\"><span style=\"font-family: 'Josefin Sans';\"><span style=\"font-size: small;\"><b>L\u2019adh\u00e9sion est valable jusqu\u2019au 31 ao\u00fbt 2025 :<\/b><\/span><\/span><\/span><\/p>\n<ul>\n<li><span style=\"color: #333333;\"><span style=\"font-family: 'Josefin Sans';\"><span style=\"font-size: small;\"><b>Familiale : 15\u20ac<\/b><\/span><\/span><\/span><\/li>\n<li><span style=\"color: #333333;\"><span style=\"font-family: 'Josefin Sans';\"><span style=\"font-size: small;\"><b>Moins de 25 ans individuelle : 10\u20ac<\/b><\/span><\/span><\/span><\/li>\n<li><span style=\"color: #333333;\"><span style=\"font-family: 'Josefin Sans';\"><span style=\"font-size: small;\"><b>Association : 50\u20ac<\/b><\/span><\/span><\/span><\/li>\n<\/ul>\n<p><span style=\"color: #333333;\"><span style=\"font-family: 'Josefin Sans';\"><span style=\"font-size: small;\"><b>Toute adh\u00e9sion souscrite \u00e0 l&rsquo;ALCV, l&rsquo;ALEP, la Maison des Provinces,\u00a0l\u2019espace Mirabeau, l\u2019espace Quini\u00e8re Rosa Parks et la Maison de B\u00e9gon est valable dans ces 6 structures uniquement pour les inscriptions aux cours, aux stages et aux projets divers.<\/b><\/span><\/span><\/span><\/p>\n<p><span style=\"color: #333333;\"><span style=\"font-family: 'Josefin Sans';\"><span style=\"font-size: small;\"><b>Vous pouvez essayer les cours du 16 au 30 septembre 2024.<\/b><\/span><\/span><\/span><\/p>\n<\/div>\n<div class=\"motopress-tab\" id=\"5808d29fa45e2\">\n<p><span style=\"color: #333333;\"><span style=\"font-family: 'Josefin Sans';\"><span style=\"font-size: small;\"><b>Nous vous proposons des tarifs d\u00e9gressifs en fonction du nombre d\u2019activit\u00e9s pratiqu\u00e9es :<\/b><\/span><\/span><\/span><\/p>\n<ul>\n<li><span style=\"color: #333333;\"><span style=\"font-family: 'Josefin Sans';\"><span style=\"font-size: small;\"><b>-10% pour la 2<sup>\u00e8me<\/sup><\/b><\/span><\/span><\/span><\/li>\n<li><span style=\"color: #333333;\"><span style=\"font-family: 'Josefin Sans';\"><span style=\"font-size: small;\"><b>-20% \u00e0 partir de la 3<sup>\u00e8me<\/sup><\/b><\/span><\/span><\/span><\/li>\n<\/ul>\n<p><span style=\"color: #333333;\"><span style=\"font-family: 'Josefin Sans';\"><span style=\"font-size: small;\"><b>Les cotisations sont payables pour l\u2019ann\u00e9e enti\u00e8re au d\u00e9marrage de l\u2019activit\u00e9.<\/b><\/span><\/span><\/span><\/p>\n<p><span style=\"color: #333333;\"><span style=\"font-family: 'Josefin Sans';\"><span style=\"font-size: small;\"><b>Au-del\u00e0 de 60\u20ac, le paiement peut se faire par ch\u00e8que bancaire en quatre fois.<\/b><\/span><\/span><\/span><\/p>\n<p><span style=\"color: #333333;\"><span style=\"font-family: 'Josefin Sans';\"><span style=\"font-size: small;\"><b>Nous acceptons l\u2019ensemble des aides : Comit\u00e9 d\u2019Entreprise, Ch\u00e8ques Vacances, Passeport Temps Libre de la CAF, tarifs sociaux&#8230;<\/b><\/span><\/span><\/span><\/p>\n<\/div>\n<p class=\"motopress-hide-script\"><script type=\"text\/javascript\">\n                    var mpTabs6a098c3025a34 = jQuery(\"#tabs6a098c3025a34\");\n                    jQuery(document).ready(function($) {\n                        if ($(\"base\").length) {\n\t\t\t                mpTabs6a098c3025a34.find(\"ul li a\").each(function() {\n\t\t\t\t\t\t\t    $(this).attr(\"href\", location.href.toString() + $(this).attr(\"href\"));\n\t\t\t\t\t\t\t});\n\t\t\t\t\t\t}\n                        if (mpTabs6a098c3025a34.data(\"uiTabs\")) {\n                            mpTabs6a098c3025a34.tabs(\"destroy\");\n                        }\n                        mpTabs6a098c3025a34.tabs({\n                            active: 0\n                        });\n                        ;\n                        ;\n                    });\n                    jQuery(window).load(function() {\n                        ;\n                    });\n                     <\/script><\/p>\n<\/div>\n<\/div>\n<\/div>\n","protected":false},"excerpt":{"rendered":"","protected":false},"author":1,"featured_media":0,"parent":0,"menu_order":0,"comment_status":"closed","ping_status":"closed","template":"","meta":{"_uag_custom_page_level_css":"","_wp_convertkit_post_meta":{"form":"-1","landing_page":"0","tag":"0","restrict_content":"0"},"footnotes":""},"class_list":["post-703","page","type-page","status-publish","czr-hentry"],"uagb_featured_image_src":{"full":false,"thumbnail":false,"medium":false,"medium_large":false,"large":false,"1536x1536":false,"2048x2048":false,"depicter-thumbnail":false,"tc-grid-full":false,"tc-grid":false,"tc-thumb":false,"slider-full":false,"slider":false,"sendpress-max":false},"uagb_author_info":{"display_name":"Maison de B\u00e9gon","author_link":"http:\/\/maisondebegon.com\/author\/maisonb\/"},"uagb_comment_info":0,"uagb_excerpt":null,"jetpack_sharing_enabled":true,"_links":{"self":[{"href":"http:\/\/maisondebegon.com\/index.php\/wp-json\/wp\/v2\/pages\/703","targetHints":{"allow":["GET"]}}],"collection":[{"href":"http:\/\/maisondebegon.com\/index.php\/wp-json\/wp\/v2\/pages"}],"about":[{"href":"http:\/\/maisondebegon.com\/index.php\/wp-json\/wp\/v2\/types\/page"}],"author":[{"embeddable":true,"href":"http:\/\/maisondebegon.com\/index.php\/wp-json\/wp\/v2\/users\/1"}],"replies":[{"embeddable":true,"href":"http:\/\/maisondebegon.com\/index.php\/wp-json\/wp\/v2\/comments?post=703"}],"version-history":[{"count":24,"href":"http:\/\/maisondebegon.com\/index.php\/wp-json\/wp\/v2\/pages\/703\/revisions"}],"predecessor-version":[{"id":10157,"href":"http:\/\/maisondebegon.com\/index.php\/wp-json\/wp\/v2\/pages\/703\/revisions\/10157"}],"wp:attachment":[{"href":"http:\/\/maisondebegon.com\/index.php\/wp-json\/wp\/v2\/media?parent=703"}],"curies":[{"name":"wp","href":"https:\/\/api.w.org\/{rel}","templated":true}]}}