{"id":6419,"date":"2021-12-21T13:20:29","date_gmt":"2021-12-21T12:20:29","guid":{"rendered":"http:\/\/maisondebegon.com\/?page_id=6419"},"modified":"2025-02-07T11:48:38","modified_gmt":"2025-02-07T10:48:38","slug":"les-habitants-relais","status":"publish","type":"page","link":"http:\/\/maisondebegon.com\/index.php\/les-habitants-relais\/","title":{"rendered":"Les habitants relais"},"content":{"rendered":"<div class=\"mp-row-fluid motopress-row mpce-dsbl-margin-left mpce-dsbl-margin-right\">\n<div class=\"mp-span12 motopress-clmn  mpce-dsbl-margin-left mpce-dsbl-margin-right\">\n<div class=\"mp-row-fluid motopress-row mpce-dsbl-margin-left mpce-dsbl-margin-right\">\n<div class=\"mp-span12 motopress-clmn mpce-dsbl-margin-left mpce-dsbl-margin-right motopress-margin-bottom-10\">\n<p style=\"text-align: justify;\"><span style=\"font-weight: 400;\">Pour donner du sens \u00e0 ses projets dans les quartiers Nord, la Maison de B\u00e9gon a constitu\u00e9 en 2019 un groupe d\u2019habitants relais.<\/span><\/p>\n<p style=\"text-align: justify;\"><span style=\"font-weight: 400;\">Le r\u00f4le des habitants relais des quartiers Nord est de faire le lien avec d\u2019autres habitants dans les lieux o\u00f9 ils habitent, de transmettre des informations \u00e9manant de la Maison de B\u00e9gon et des autres acteurs du territoire, de recueillir leurs demandes sur le plan culturel et social, d\u2019essayer d\u2019y r\u00e9pondre le plus possible et d&rsquo;en assurer le suivi.\u00a0<\/span><\/p>\n<p style=\"text-align: justify;\"><span style=\"font-weight: 400;\">Avec la culture, tous les th\u00e8mes de la vie quotidienne touchant \u00e0 l&rsquo;int\u00e9r\u00eat g\u00e9n\u00e9ral du quartier peuvent \u00eatre abord\u00e9s : fonction parentale, scolarit\u00e9, environnement, patrimoine, urbanisme, social&#8230; dans un p\u00e9rim\u00e8tre d&rsquo;action \u00e0 construire avec les habitants et les partenaires.<\/span><\/p>\n<p style=\"text-align: justify;\"><span style=\"color: #c5171a;\">POUR REJOINDRE CE GROUPE, CONTACTEZ SIMON AU 02 54 43 35 36 OU PAR MAIL \u00c0 contact@maisondebegon.com<\/span><\/p>\n<\/div>\n<\/div>\n<div class=\"mp-row-fluid motopress-row mpce-dsbl-margin-left mpce-dsbl-margin-right\">\n<div class=\"mp-span12 motopress-clmn mpce-dsbl-margin-left mpce-dsbl-margin-right  motopress-space\">\n<div class=\"motopress-space-obj mpce-dsbl-background-image-type mpce-dsbl-background-image mpce-dsbl-background-gradient mpce-dsbl-background-position mpce-dsbl-background-position-x mpce-dsbl-background-position-y mpce-dsbl-background-repeat mpce-dsbl-background-size mpce-dsbl-background-attachment mpce-dsbl-margin-left mpce-dsbl-margin-right mpce-dsbl-background-color mpce-dsbl-border-top-width mpce-dsbl-border-bottom-width mpce-dsbl-border-left-width mpce-dsbl-border-right-width mpce-dsbl-border-top-left-radius mpce-dsbl-border-top-right-radius mpce-dsbl-border-bottom-left-radius mpce-dsbl-border-bottom-right-radius mpce-dsbl-border-style mpce-dsbl-border-color mpce-dsbl-padding-left mpce-dsbl-padding-right mpce-dsbl-margin-top mpce-dsbl-margin-bottom mpce-dsbl-color\">\n<div><\/div>\n<\/div>\n<\/div>\n<\/div>\n<\/div>\n<\/div>\n<div class=\"mp-row-fluid motopress-row mpce-dsbl-margin-left mpce-dsbl-margin-right\">\n<div class=\"mp-span12 motopress-clmn  mpce-dsbl-margin-left mpce-dsbl-margin-right\">\n<div class=\"mp-row-fluid motopress-row mpce-dsbl-margin-left mpce-dsbl-margin-right\">\n<div class=\"mp-span12 motopress-clmn mpce-dsbl-margin-left mpce-dsbl-margin-right\">\n<div class=\"motopress-text-obj\">\n<p style=\"text-align: justify;\">LES ACTIONS\u00a0MEN\u00c9ES\u00a0:<\/p>\n<p style=\"text-align: justify;\"><span style=\"background-color: inherit;\">L\u2019accompagnement \u00e0 l\u2019utilisation des outils num\u00e9riques<\/span><span style=\"background-color: inherit;\"> pour :<\/span><\/p>\n<ul style=\"text-align: justify;\">\n<li><span style=\"background-color: inherit;\">r\u00e9pondre \u00e0 des besoins administratifs,<\/span><\/li>\n<li><span style=\"background-color: inherit;\">aller vers l\u2019apprentissage du num\u00e9rique pour une utilisation autonome.<\/span><\/li>\n<\/ul>\n<p style=\"text-align: justify;\"><span style=\"background-color: inherit;\">La mise\u00a0en place de<\/span><span style=\"background-color: inherit;\">\u00a0temps d\u2019\u00e9changes<\/span><span style=\"background-color: inherit;\"> par :<\/span><\/p>\n<ul style=\"text-align: justify;\">\n<li><span style=\"background-color: inherit;\">des rencontres permettant aux participants d\u2019\u00e9changer sur leurs besoins, leurs envies, afin de construire des actions collectives,<\/span><\/li>\n<li><span style=\"background-color: inherit;\">des rencontres\/d\u00e9bats pour un plus grand nombre selon les th\u00e9matiques concert\u00e9es avec les habitants relais, les caf\u00e9s citoyens.<\/span><\/li>\n<\/ul>\n<p style=\"text-align: justify;\"><span style=\"background-color: inherit;\">Cr\u00e9ation d&rsquo;<\/span><span style=\"background-color: inherit;\">un parcours culturel<\/span><span style=\"background-color: inherit;\"> en lien avec les actions de la Maison de B\u00e9gon :\u00a0<\/span><\/p>\n<ul style=\"text-align: justify;\">\n<li><span style=\"background-color: inherit;\">Le mus\u00e9e num\u00e9rique de la Micro-Folie : cr\u00e9ation de s\u00e9ances en fonction des th\u00e9matiques abord\u00e9es avec les habitants,<\/span><\/li>\n<li><span style=\"background-color: inherit;\">Les pratiques artistiques, la programmation de spectacles, par le biais de rencontres artistiques,<\/span><\/li>\n<li><span style=\"background-color: inherit;\">Les \u00e9v\u00e8nements du caf\u00e9 culturel, le P\u2019tit B\u00e9gon ou du P\u2019tit B\u00e9gon mobile : mise en place d\u2019actions en fonction des envies des habitants,<\/span><\/li>\n<li><span style=\"background-color: inherit;\">Les caf\u00e9s citoyens afin de faciliter les discussions.<\/span><\/li>\n<\/ul>\n<p style=\"text-align: justify;\"><span style=\"background-color: inherit;\">Mise\u00a0en place d&rsquo;ateliers nutrition qui permettront certes de favoriser la cr\u00e9ation d\u2019un r\u00e9seau de partage sur la base du plaisir et de l\u2019appartenance a\u0300 un collectif mais \u00e9galement de s\u2019inscrire dans une d\u00e9marche de d\u00e9veloppement durable en se r\u00e9appropriant des choix alimentaires et d\u2019agir sur son environnement en favorisant les circuits courts.<\/span><\/p>\n<\/div>\n<\/div>\n<\/div>\n<div class=\"mp-row-fluid motopress-row mpce-dsbl-margin-left mpce-dsbl-margin-right\">\n<div class=\"mp-span12 motopress-clmn mpce-dsbl-margin-left mpce-dsbl-margin-right  motopress-space\" style=\"min-height: 40px;\">\n<div class=\"motopress-space-obj mpce-dsbl-background-image-type mpce-dsbl-background-image mpce-dsbl-background-gradient mpce-dsbl-background-position mpce-dsbl-background-position-x mpce-dsbl-background-position-y mpce-dsbl-background-repeat mpce-dsbl-background-size mpce-dsbl-background-attachment mpce-dsbl-margin-left mpce-dsbl-margin-right mpce-dsbl-background-color mpce-dsbl-border-top-width mpce-dsbl-border-bottom-width mpce-dsbl-border-left-width mpce-dsbl-border-right-width mpce-dsbl-border-top-left-radius mpce-dsbl-border-top-right-radius mpce-dsbl-border-bottom-left-radius mpce-dsbl-border-bottom-right-radius mpce-dsbl-border-style mpce-dsbl-border-color mpce-dsbl-padding-left mpce-dsbl-padding-right mpce-dsbl-margin-top mpce-dsbl-margin-bottom mpce-dsbl-color\">\n<div><\/div>\n<\/div>\n<\/div>\n<\/div>\n<\/div>\n<\/div>\n<div class=\"mp-row-fluid motopress-row mpce-dsbl-margin-left mpce-dsbl-margin-right\">\n<div class=\"mp-span12 motopress-clmn  mpce-dsbl-margin-left mpce-dsbl-margin-right\">\n<div class=\"motopress-image-obj motopress-text-align-left\"><img decoding=\"async\" src=\"http:\/\/maisondebegon.com\/wp-content\/uploads\/2020\/03\/Sans-titre-1.png\" title=\"Sans titre - 1\" alt=\"Sans titre - 1\" class=\"motopress-image-obj-basic mpce-dsbl-margin-left mpce-dsbl-margin-right mpce-dsbl-margin-top mpce-dsbl-margin-bottom\" \/><\/div>\n<\/div>\n<\/div>\n","protected":false},"excerpt":{"rendered":"","protected":false},"author":1,"featured_media":0,"parent":0,"menu_order":0,"comment_status":"closed","ping_status":"closed","template":"","meta":{"_uag_custom_page_level_css":"","_wp_convertkit_post_meta":{"form":"-1","landing_page":"0","tag":"0","restrict_content":"0"},"jetpack_post_was_ever_published":false,"footnotes":""},"class_list":["post-6419","page","type-page","status-publish","czr-hentry"],"uagb_featured_image_src":{"full":false,"thumbnail":false,"medium":false,"medium_large":false,"large":false,"1536x1536":false,"2048x2048":false,"depicter-thumbnail":false,"tc-grid-full":false,"tc-grid":false,"tc-thumb":false,"slider-full":false,"slider":false,"sendpress-max":false},"uagb_author_info":{"display_name":"Maison de B\u00e9gon","author_link":"http:\/\/maisondebegon.com\/author\/maisonb\/"},"uagb_comment_info":0,"uagb_excerpt":null,"jetpack_sharing_enabled":true,"_links":{"self":[{"href":"http:\/\/maisondebegon.com\/index.php\/wp-json\/wp\/v2\/pages\/6419","targetHints":{"allow":["GET"]}}],"collection":[{"href":"http:\/\/maisondebegon.com\/index.php\/wp-json\/wp\/v2\/pages"}],"about":[{"href":"http:\/\/maisondebegon.com\/index.php\/wp-json\/wp\/v2\/types\/page"}],"author":[{"embeddable":true,"href":"http:\/\/maisondebegon.com\/index.php\/wp-json\/wp\/v2\/users\/1"}],"replies":[{"embeddable":true,"href":"http:\/\/maisondebegon.com\/index.php\/wp-json\/wp\/v2\/comments?post=6419"}],"version-history":[{"count":5,"href":"http:\/\/maisondebegon.com\/index.php\/wp-json\/wp\/v2\/pages\/6419\/revisions"}],"predecessor-version":[{"id":9791,"href":"http:\/\/maisondebegon.com\/index.php\/wp-json\/wp\/v2\/pages\/6419\/revisions\/9791"}],"wp:attachment":[{"href":"http:\/\/maisondebegon.com\/index.php\/wp-json\/wp\/v2\/media?parent=6419"}],"curies":[{"name":"wp","href":"https:\/\/api.w.org\/{rel}","templated":true}]}}