{"id":6353,"date":"2021-02-08T12:02:25","date_gmt":"2021-02-08T11:02:25","guid":{"rendered":"http:\/\/maisondebegon.com\/?page_id=6353"},"modified":"2022-09-01T11:55:43","modified_gmt":"2022-09-01T09:55:43","slug":"musee-numerique","status":"publish","type":"page","link":"http:\/\/maisondebegon.com\/index.php\/musee-numerique\/","title":{"rendered":"MUS\u00c9E NUM\u00c9RIQUE"},"content":{"rendered":"<div class=\"mp-row-fluid motopress-row mpce-dsbl-margin-left mpce-dsbl-margin-right\">\n<div class=\"mp-span12 motopress-clmn  mpce-dsbl-margin-left mpce-dsbl-margin-right\">\n<div class=\"motopress-text-obj\">\n<p style=\"text-align: justify;\"><span style=\"color: #808080;\"><span style=\"font-size: 18px; font-weight: 400; caret-color: #000000;\">D\u00e9di\u00e9 \u00e0 tous les publics (scolaires ou non), le mus\u00e9e num\u00e9rique propose de d\u00e9couvrir des oeuvres d\u2019arts diverses (peinture, sculpture, architecture, dessin, objets d\u2019arts, ethnographie,\u2026) issues d\u2019institutions du monde entier. Ce catalogue est en constante \u00e9volution.<\/span><\/span><\/p>\n<p style=\"text-align: justify;\"><span style=\"color: #808080;\"><span style=\"font-size: 18px; font-weight: 400; caret-color: #000000;\">Utilis\u00e9 en autonomie, accompagn\u00e9 d\u2019une m\u00e9diation ou int\u00e9gr\u00e9 \u00e0 un projet, le mus\u00e9e num\u00e9rique offre des possibilit\u00e9s infinies.<\/span><\/span><\/p>\n<p style=\"text-align: justify;\"><span style=\"color: #808080;\"><span style=\"font-size: 18px; font-weight: 400; caret-color: #000000;\">Cr\u00e9neaux de r\u00e9servation pour les scolaires : lundi 10h-11h30 et 14h-16h\u00a0; mardi 14h-16h sur\u00a0 <a href=\"http:\/\/account.micro-folies.com\" target=\"_blank\" rel=\"noopener\">http:\/\/account.micro-folies.com<\/a><\/span><\/span><\/p>\n<p style=\"text-align: justify;\"><span style=\"color: #808080;\"><span style=\"font-size: 18px; font-weight: 400; caret-color: #000000;\">Mercredi de 14h \u00e0 17h (hors programmation sp\u00e9cifique) : d\u00e9couverte du mus\u00e9e num\u00e9rique en autonomie (collections th\u00e9matiques).<\/span><\/span><\/p>\n<p style=\"text-align: justify;\"><span style=\"color: #808080;\"><span style=\"font-size: 18px; font-weight: 400; caret-color: #000000;\">Pour toute information, contactez R\u00e9jeane par mail : <a href=\"mailto:microfolie@maisondebegon.com\" target=\"_blank\">microfolie@maisondebegon.com<\/a> ou\u00a0<\/span><\/span><span style=\"color: #808080; font-size: 18px; font-weight: 400; caret-color: #000000; background-color: inherit;\">au 02 54 43 35 36<\/span><\/p>\n<\/div>\n<\/div>\n<\/div>\n<div class=\"mp-row-fluid motopress-row mpce-dsbl-margin-left mpce-dsbl-margin-right\">\n<div class=\"mp-span12 motopress-clmn  mpce-dsbl-margin-left mpce-dsbl-margin-right  motopress-space\" style=\"min-height: 40px;\">\n<div class=\"motopress-space-obj mpce-dsbl-background-image-type mpce-dsbl-background-image mpce-dsbl-background-gradient mpce-dsbl-background-position mpce-dsbl-background-position-x mpce-dsbl-background-position-y mpce-dsbl-background-repeat mpce-dsbl-background-size mpce-dsbl-background-attachment mpce-dsbl-margin-left mpce-dsbl-margin-right mpce-dsbl-background-color mpce-dsbl-border-top-width mpce-dsbl-border-bottom-width mpce-dsbl-border-left-width mpce-dsbl-border-right-width mpce-dsbl-border-top-left-radius mpce-dsbl-border-top-right-radius mpce-dsbl-border-bottom-left-radius mpce-dsbl-border-bottom-right-radius mpce-dsbl-border-style mpce-dsbl-border-color mpce-dsbl-padding-left mpce-dsbl-padding-right mpce-dsbl-margin-top mpce-dsbl-margin-bottom mpce-dsbl-color\">\n<div><\/div>\n<\/div>\n<\/div>\n<\/div>\n<div class=\"mp-row-fluid motopress-row mpce-dsbl-margin-left mpce-dsbl-margin-right\">\n<div class=\"mp-span12 motopress-clmn  mpce-dsbl-margin-left mpce-dsbl-margin-right\">\n<div class=\"mp-row-fluid motopress-row mpce-dsbl-margin-left mpce-dsbl-margin-right\">\n<div class=\"mp-span12 motopress-clmn mpce-dsbl-margin-left mpce-dsbl-margin-right\">\n<div class=\"motopress-text-obj\">\n<h2 style=\"text-align: center;\"><span style=\"color: #c5171a;\">PARCOURS D&rsquo;EDUCATION ARTISTIQUE ET CULTURELLE<\/span><\/h2>\n<\/div>\n<\/div>\n<\/div>\n<div class=\"mp-row-fluid motopress-row mpce-dsbl-margin-left mpce-dsbl-margin-right\">\n<div class=\"mp-span12 motopress-clmn mpce-dsbl-margin-left mpce-dsbl-margin-right\">\n<div class=\"motopress-text-obj\">\n<h3 style=\"color: #5a5a5a; text-align: left;\"><span style=\"color: #808080;\">R\u00c9SERVATION ET D\u00c9ROULEMENT \/\/<\/span><\/h3>\n<\/div>\n<\/div>\n<\/div>\n<div class=\"mp-row-fluid motopress-row mpce-dsbl-margin-left mpce-dsbl-margin-right\">\n<div class=\"mp-span12 motopress-clmn mpce-dsbl-margin-left mpce-dsbl-margin-right\">\n<div class=\"motopress-text-obj\">\n<p style=\"text-align: justify;\"><span style=\"font-size: 18px; color: #808080;\">Le mus\u00e9e num\u00e9rique est ouvert aux scolaires, de tous niveaux. Les s\u00e9ances peuvent \u00eatre des sorties ponctuelles, \u00e9toffant le travail en classe, ou plus simplement des d\u00e9couvertes de l\u2019outil. Elles peuvent \u00e9galement appuyer des projets de classe plus cons\u00e9quents, et s\u2019\u00e9taler en plusieurs visites pour une m\u00eame classe. Les formules sont souples et adaptables, selon l\u2019ampleur des projets de classe et les vis\u00e9es\u00a0 objectifs p\u00e9dagogiques.\u00a0\u00a0<\/span><\/p>\n<p style=\"text-align: justify;\"><span style=\"color: #808080; font-size: 18px;\">Sur demandes des enseignants ou propositions de la m\u00e9diatrice, des ateliers d\u2019arts plastiques (peinture, dessin, collage, coloriage\u2026) pens\u00e9s en lien avec la ou les th\u00e9matiques des visites et adapt\u00e9s aux \u00e2ges des enfants, peuvent \u00eatre mis en place. Ces ateliers permettent une mise en pratique des notions abord\u00e9es, un moment de cr\u00e9ation individuelle ou collective pour les enfants et un souvenir permanent de la visite \u00e0 ramener avec soi.<\/span><\/p>\n<p style=\"text-align: justify;\"><span style=\"font-size: 18px; color: #808080;\">Pour r\u00e9server un cr\u00e9neau, se rendre sur\u00a0<\/span><a style=\"font-size: 18px; font-weight: 400; caret-color: #000000;\" href=\"http:\/\/account.micro-folies.com\" target=\"_blank\" rel=\"noopener\">http:\/\/account.micro-folies.com<\/a><\/p>\n<\/div>\n<\/div>\n<\/div>\n<\/div>\n<\/div>\n<div class=\"mp-row-fluid motopress-row mpce-dsbl-margin-left mpce-dsbl-margin-right\">\n<div class=\"mp-span6 motopress-clmn  mpce-dsbl-margin-left mpce-dsbl-margin-right\">\n<div class=\"motopress-button-obj motopress-text-align-center\"><a href=\"http:\/\/maisondebegon.com\/wp-content\/uploads\/2021\/09\/parcoursvisites.pdf\" target=\"_self\" class=\"motopress-btn motopress-btn-size-middle motopress-btn-rounded motopress-btn-icon-indent-small motopress-btn-color-red\"><i class=\"fa fa-download motopress-btn-icon-align-left\"><\/i>Parcours de visites<\/a><\/div>\n<\/div>\n<div class=\"mp-span6 motopress-clmn  mpce-dsbl-margin-left mpce-dsbl-margin-right\">\n<div class=\"motopress-button-obj motopress-text-align-center\"><a href=\"http:\/\/maisondebegon.com\/wp-content\/uploads\/2021\/09\/CYCLE-2.pdf\" target=\"_self\" class=\"motopress-btn motopress-btn-size-middle motopress-btn-rounded motopress-btn-icon-indent-small motopress-btn-color-red\"><i class=\"fa fa-download motopress-btn-icon-align-left\"><\/i>Parcours de visites cycle 2<\/a><\/div>\n<\/div>\n<\/div>\n<div class=\"mp-row-fluid motopress-row mpce-dsbl-margin-left mpce-dsbl-margin-right\">\n<div class=\"mp-span6 motopress-clmn  mpce-dsbl-margin-left mpce-dsbl-margin-right\">\n<div class=\"motopress-button-obj motopress-text-align-center\"><a href=\"http:\/\/maisondebegon.com\/wp-content\/uploads\/2021\/09\/CYCLE-3.pdf\" target=\"_self\" class=\"motopress-btn motopress-btn-size-middle motopress-btn-rounded motopress-btn-icon-indent-small motopress-btn-color-red\"><i class=\"fa fa-download motopress-btn-icon-align-left\"><\/i>Parcours de visites cycle 3<\/a><\/div>\n<\/div>\n<div class=\"mp-span6 motopress-clmn  mpce-dsbl-margin-left mpce-dsbl-margin-right\">\n<div class=\"motopress-button-obj motopress-text-align-center\"><a href=\"http:\/\/maisondebegon.com\/wp-content\/uploads\/2021\/09\/CYCLE-4.pdf\" target=\"_self\" class=\"motopress-btn motopress-btn-size-middle motopress-btn-rounded motopress-btn-icon-indent-small motopress-btn-color-red\"><i class=\"fa fa-download motopress-btn-icon-align-left\"><\/i>Parcours de visites cycle 4<\/a><\/div>\n<\/div>\n<\/div>\n<div class=\"mp-row-fluid motopress-row mpce-dsbl-margin-left mpce-dsbl-margin-right\">\n<div class=\"mp-span12 motopress-clmn  mpce-dsbl-margin-left mpce-dsbl-margin-right\">\n<div class=\"motopress-image-obj motopress-text-align-left\"><img decoding=\"async\" src=\"http:\/\/maisondebegon.com\/wp-content\/uploads\/2020\/03\/Sans-titre-1.png\" title=\"Sans titre - 1\" alt=\"Sans titre - 1\" class=\"motopress-image-obj-basic mpce-dsbl-margin-left mpce-dsbl-margin-right mpce-dsbl-margin-top mpce-dsbl-margin-bottom\" \/><\/div>\n<\/div>\n<\/div>\n<div class=\"mp-row-fluid motopress-row mpce-dsbl-margin-left mpce-dsbl-margin-right\">\n<div class=\"mp-span12 motopress-clmn  mpce-dsbl-margin-left mpce-dsbl-margin-right  motopress-space\" style=\"min-height: 40px;\">\n<div class=\"motopress-space-obj mpce-dsbl-background-image-type mpce-dsbl-background-image mpce-dsbl-background-gradient mpce-dsbl-background-position mpce-dsbl-background-position-x mpce-dsbl-background-position-y mpce-dsbl-background-repeat mpce-dsbl-background-size mpce-dsbl-background-attachment mpce-dsbl-margin-left mpce-dsbl-margin-right mpce-dsbl-background-color mpce-dsbl-border-top-width mpce-dsbl-border-bottom-width mpce-dsbl-border-left-width mpce-dsbl-border-right-width mpce-dsbl-border-top-left-radius mpce-dsbl-border-top-right-radius mpce-dsbl-border-bottom-left-radius mpce-dsbl-border-bottom-right-radius mpce-dsbl-border-style mpce-dsbl-border-color mpce-dsbl-padding-left mpce-dsbl-padding-right mpce-dsbl-margin-top mpce-dsbl-margin-bottom mpce-dsbl-color\">\n<div><\/div>\n<\/div>\n<\/div>\n<\/div>\n<div class=\"mp-row-fluid motopress-row mpce-dsbl-margin-left mpce-dsbl-margin-right\">\n<div class=\"mp-span12 motopress-clmn  mpce-dsbl-margin-left mpce-dsbl-margin-right\">\n<div class=\"motopress-text-obj\">\n<h3 style=\"color: #5a5a5a; text-align: left;\"><span style=\"color: #808080;\">OBJECTIFS G\u00c9N\u00c9RAUX DES VISITES<\/span><span style=\"color: #808080;\">\u00a0\/\/<\/span><\/h3>\n<\/div>\n<\/div>\n<\/div>\n<div class=\"mp-row-fluid motopress-row mpce-dsbl-margin-left mpce-dsbl-margin-right\">\n<div class=\"mp-span12 motopress-clmn  mpce-dsbl-margin-left mpce-dsbl-margin-right\">\n<div class=\"motopress-text-obj\">\n<p style=\"text-align: justify;\"><span style=\"font-size: 18px; color: #808080;\"><span style=\"color: #808080;\"><span style=\"font-weight: 400; caret-color: #000000;\">D\u00e8s le cycle 1 : \u00eatre spectateur d\u2019oeuvres d\u2019art, s\u2019exprimer en public, mettre des mots\u00a0<\/span><\/span>sur ses sensations et ses perceptions<\/span><\/p>\n<p style=\"text-align: justify;\"><span style=\"font-size: 18px; color: #808080;\"><span style=\"color: #808080;\"><span style=\"font-weight: 400; caret-color: #000000;\">D\u00e8s le cycle 2 : aborder le temps, le lieu et les mat\u00e9riaux, interroger le rapport \u00e0 la\u00a0<\/span><\/span>r\u00e9alit\u00e9, comprendre l\u2019organisation de l\u2019image<\/span><\/p>\n<p style=\"text-align: justify;\"><span style=\"font-size: 18px; color: #808080;\"><span style=\"color: #808080;\"><span style=\"font-weight: 400; caret-color: #000000;\">D\u00e8s le cycle 3 : d\u00e9crire une oeuvre de fa\u00e7on construite, appr\u00e9hender le rapport \u00e0 la r\u00e9alit\u00e9\u00a0<\/span><\/span>et l\u2019autonomie du geste artistique, questionner la place du spectateur et le statut de l\u2019objet.<\/span><\/p>\n<\/div>\n<\/div>\n<\/div>\n<div class=\"mp-row-fluid motopress-row mpce-dsbl-margin-left mpce-dsbl-margin-right\">\n<div class=\"mp-span12 motopress-clmn  mpce-dsbl-margin-left mpce-dsbl-margin-right\">\n<div class=\"motopress-image-obj motopress-text-align-left\"><img decoding=\"async\" src=\"http:\/\/maisondebegon.com\/wp-content\/uploads\/2020\/03\/Sans-titre-1.png\" title=\"Sans titre - 1\" alt=\"Sans titre - 1\" class=\"motopress-image-obj-basic mpce-dsbl-margin-left mpce-dsbl-margin-right mpce-dsbl-margin-top mpce-dsbl-margin-bottom\" \/><\/div>\n<\/div>\n<\/div>\n<div class=\"mp-row-fluid motopress-row mpce-dsbl-margin-left mpce-dsbl-margin-right\">\n<div class=\"mp-span12 motopress-clmn  mpce-dsbl-margin-left mpce-dsbl-margin-right  motopress-space\" style=\"min-height: 40px;\">\n<div class=\"motopress-space-obj mpce-dsbl-background-image-type mpce-dsbl-background-image mpce-dsbl-background-gradient mpce-dsbl-background-position mpce-dsbl-background-position-x mpce-dsbl-background-position-y mpce-dsbl-background-repeat mpce-dsbl-background-size mpce-dsbl-background-attachment mpce-dsbl-margin-left mpce-dsbl-margin-right mpce-dsbl-background-color mpce-dsbl-border-top-width mpce-dsbl-border-bottom-width mpce-dsbl-border-left-width mpce-dsbl-border-right-width mpce-dsbl-border-top-left-radius mpce-dsbl-border-top-right-radius mpce-dsbl-border-bottom-left-radius mpce-dsbl-border-bottom-right-radius mpce-dsbl-border-style mpce-dsbl-border-color mpce-dsbl-padding-left mpce-dsbl-padding-right mpce-dsbl-margin-top mpce-dsbl-margin-bottom mpce-dsbl-color\">\n<div><\/div>\n<\/div>\n<\/div>\n<\/div>\n<div class=\"mp-row-fluid motopress-row mpce-dsbl-margin-left mpce-dsbl-margin-right\">\n<div class=\"mp-span12 motopress-clmn  mpce-dsbl-margin-left mpce-dsbl-margin-right\">\n<div class=\"motopress-text-obj\">\n<h3 style=\"color: #5a5a5a; text-align: left;\"><span style=\"color: #808080;\">MODALIT\u00c9S\u00a0<\/span><span style=\"color: #808080;\">\/\/<\/span><\/h3>\n<\/div>\n<\/div>\n<\/div>\n<div class=\"mp-row-fluid motopress-row mpce-dsbl-margin-left mpce-dsbl-margin-right\">\n<div class=\"mp-span12 motopress-clmn  mpce-dsbl-margin-left mpce-dsbl-margin-right\">\n<div class=\"motopress-text-obj\">\n<p style=\"text-align: justify;\"><span style=\"font-size: 18px; color: #808080;\"><span style=\"color: #808080;\"><span style=\"font-weight: 400; caret-color: #000000;\">Toutes les s\u00e9ances sont gratuites, mais n\u00e9cessitent l\u2019adh\u00e9sion de l\u2019\u00e9tablissement \u00e0 la Maison\u00a0<\/span><\/span>de B\u00e9gon (50 euros par an) ainsi que la signature d\u2019une convention.<\/span><\/p>\n<\/div>\n<\/div>\n<\/div>\n<div class=\"mp-row-fluid motopress-row mpce-dsbl-margin-left mpce-dsbl-margin-right\">\n<div class=\"mp-span12 motopress-clmn  mpce-dsbl-margin-left mpce-dsbl-margin-right\">\n<div class=\"motopress-image-obj motopress-text-align-left\"><img decoding=\"async\" src=\"http:\/\/maisondebegon.com\/wp-content\/uploads\/2020\/03\/Sans-titre-1.png\" title=\"Sans titre - 1\" alt=\"Sans titre - 1\" class=\"motopress-image-obj-basic mpce-dsbl-margin-left mpce-dsbl-margin-right mpce-dsbl-margin-top mpce-dsbl-margin-bottom\" \/><\/div>\n<\/div>\n<\/div>\n<div class=\"mp-row-fluid motopress-row mpce-dsbl-margin-left mpce-dsbl-margin-right\">\n<div class=\"mp-span12 motopress-clmn  mpce-dsbl-margin-left mpce-dsbl-margin-right\">\n<div class=\"motopress-text-obj\">\n<h3><span style=\"color: #808080;\">Les\u00a0partenaires<\/span><\/h3>\n<\/div>\n<\/div>\n<\/div>\n<div class=\"mp-row-fluid motopress-row mpce-dsbl-margin-left mpce-dsbl-margin-right\">\n<div class=\"mp-span12 motopress-clmn  mpce-dsbl-margin-left mpce-dsbl-margin-right\">\n<div class=\"motopress-image-obj motopress-text-align-left\"><img decoding=\"async\" src=\"http:\/\/maisondebegon.com\/wp-content\/uploads\/2021\/02\/Capture-d\u2019e\u0301cran-2021-02-08-a\u0300-11.55.23.png\" title=\"Capture d\u2019e\u0301cran 2021-02-08 a\u0300 11.55.23\" alt=\"Capture d\u2019e\u0301cran 2021-02-08 a\u0300 11.55.23\" class=\"motopress-image-obj-basic mpce-dsbl-margin-left mpce-dsbl-margin-right mpce-dsbl-margin-top mpce-dsbl-margin-bottom\" \/><\/div>\n<\/div>\n<\/div>\n","protected":false},"excerpt":{"rendered":"","protected":false},"author":1,"featured_media":0,"parent":0,"menu_order":0,"comment_status":"closed","ping_status":"closed","template":"","meta":{"_uag_custom_page_level_css":"","jetpack_post_was_ever_published":false,"footnotes":""},"class_list":["post-6353","page","type-page","status-publish","czr-hentry"],"uagb_featured_image_src":{"full":false,"thumbnail":false,"medium":false,"medium_large":false,"large":false,"1536x1536":false,"2048x2048":false,"depicter-thumbnail":false,"tc-grid-full":false,"tc-grid":false,"tc-thumb":false,"slider-full":false,"slider":false,"sendpress-max":false},"uagb_author_info":{"display_name":"Maison de B\u00e9gon","author_link":"http:\/\/maisondebegon.com\/author\/maisonb\/"},"uagb_comment_info":0,"uagb_excerpt":null,"jetpack_sharing_enabled":true,"jetpack_shortlink":"https:\/\/wp.me\/P7DqpT-1Et","_links":{"self":[{"href":"http:\/\/maisondebegon.com\/index.php\/wp-json\/wp\/v2\/pages\/6353","targetHints":{"allow":["GET"]}}],"collection":[{"href":"http:\/\/maisondebegon.com\/index.php\/wp-json\/wp\/v2\/pages"}],"about":[{"href":"http:\/\/maisondebegon.com\/index.php\/wp-json\/wp\/v2\/types\/page"}],"author":[{"embeddable":true,"href":"http:\/\/maisondebegon.com\/index.php\/wp-json\/wp\/v2\/users\/1"}],"replies":[{"embeddable":true,"href":"http:\/\/maisondebegon.com\/index.php\/wp-json\/wp\/v2\/comments?post=6353"}],"version-history":[{"count":14,"href":"http:\/\/maisondebegon.com\/index.php\/wp-json\/wp\/v2\/pages\/6353\/revisions"}],"predecessor-version":[{"id":7753,"href":"http:\/\/maisondebegon.com\/index.php\/wp-json\/wp\/v2\/pages\/6353\/revisions\/7753"}],"wp:attachment":[{"href":"http:\/\/maisondebegon.com\/index.php\/wp-json\/wp\/v2\/media?parent=6353"}],"curies":[{"name":"wp","href":"https:\/\/api.w.org\/{rel}","templated":true}]}}