{"id":6197,"date":"2020-11-19T16:51:55","date_gmt":"2020-11-19T15:51:55","guid":{"rendered":"http:\/\/maisondebegon.com\/?page_id=6197"},"modified":"2022-09-01T17:23:58","modified_gmt":"2022-09-01T15:23:58","slug":"micro-folie-4","status":"publish","type":"page","link":"http:\/\/maisondebegon.com\/index.php\/micro-folie-4\/","title":{"rendered":"Micro-folie"},"content":{"rendered":"<div class=\"mp-row-fluid motopress-row mpce-dsbl-margin-left mpce-dsbl-margin-right\">\n<div class=\"mp-span12 motopress-clmn  mpce-dsbl-margin-left mpce-dsbl-margin-right\">\n<div class=\"mp-row-fluid motopress-row mpce-dsbl-margin-left mpce-dsbl-margin-right\">\n<div class=\"mp-span12 motopress-clmn mpce-dsbl-margin-left mpce-dsbl-margin-right\">\n<div class=\"motopress-text-obj\">\n<h2 style=\"text-align: center;\"><span style=\"color: #c5171a;\">LA MICRO-FOLIE de BLOIS<\/span><\/h2>\n<\/div>\n<\/div>\n<\/div>\n<div class=\"mp-row-fluid motopress-row mpce-dsbl-margin-left mpce-dsbl-margin-right\">\n<div class=\"mp-span12 motopress-clmn mpce-dsbl-margin-left mpce-dsbl-margin-right\">\n<div class=\"motopress-text-obj\">\n<p style=\"text-align: justify;\"><span style=\"color: #808080;\"><span style=\"font-size: 18px; font-weight: 400; caret-color: #000000;\">Micro Folie est un projet coordonn\u00e9 par la Villette et port\u00e9 par le Minist\u00e8re de la Culture.<\/span><\/span><\/p>\n<p style=\"text-align: justify;\"><span style=\"color: #808080;\"><span style=\"font-size: 18px; font-weight: 400; caret-color: #000000;\">Il s\u2019articule autour d\u2019un mus\u00e9e num\u00e9rique permettant l\u2019acc\u00e8s \u00e0 plus de 2000 \u0153uvres et objets tr\u00e8s divers, de toutes les \u00e9poques et de toutes les provenances ; le tout via des tablettes num\u00e9riques en interaction avec une projection grand \u00e9cran.<\/span><\/span><\/p>\n<p style=\"text-align: justify;\"><span style=\"color: #808080;\"><span style=\"font-size: 18px; font-weight: 400; caret-color: #000000;\">A la Maison de B\u00e9gon, le mus\u00e9e num\u00e9rique est accompagn\u00e9 d\u2019un espace de convivialit\u00e9 (P&rsquo;tit B\u00e9gon) et d\u2019un espace sc\u00e9nique. Il est de plus en interaction avec les autres activit\u00e9s de la structure comme par exemple le FabLab.<\/span><\/span><\/p>\n<p style=\"text-align: justify;\"><span style=\"color: #808080;\"><span style=\"font-size: 18px; font-weight: 400; caret-color: #000000;\">La Micro Folie \u00e0 la Maison de B\u00e9gon offre des visites du mus\u00e9e num\u00e9riques pour les scolaires ou tous publics, des animations (mercredi et vacances scolaires) et une programmation culturelle\u00a0 ouvertes \u00e0 tous. Les habitants et les diverses structures locales sont invit\u00e9es \u00e0 participer \u00e0 ces diff\u00e9rentes activit\u00e9s mais peuvent aussi devenir partenaires et partie prenante de l\u2019organisation.<\/span><\/span><\/p>\n<\/div>\n<\/div>\n<\/div>\n<div class=\"mp-row-fluid motopress-row mpce-dsbl-margin-left mpce-dsbl-margin-right\">\n<div class=\"mp-span12 motopress-clmn mpce-dsbl-margin-left mpce-dsbl-margin-right  motopress-space\" style=\"min-height: 40px;\">\n<div class=\"motopress-space-obj mpce-dsbl-background-image-type mpce-dsbl-background-image mpce-dsbl-background-gradient mpce-dsbl-background-position mpce-dsbl-background-position-x mpce-dsbl-background-position-y mpce-dsbl-background-repeat mpce-dsbl-background-size mpce-dsbl-background-attachment mpce-dsbl-margin-left mpce-dsbl-margin-right mpce-dsbl-background-color mpce-dsbl-border-top-width mpce-dsbl-border-bottom-width mpce-dsbl-border-left-width mpce-dsbl-border-right-width mpce-dsbl-border-top-left-radius mpce-dsbl-border-top-right-radius mpce-dsbl-border-bottom-left-radius mpce-dsbl-border-bottom-right-radius mpce-dsbl-border-style mpce-dsbl-border-color mpce-dsbl-padding-left mpce-dsbl-padding-right mpce-dsbl-margin-top mpce-dsbl-margin-bottom mpce-dsbl-color\">\n<div><\/div>\n<\/div>\n<\/div>\n<\/div>\n<\/div>\n<\/div>\n<div class=\"mp-row-fluid motopress-row mpce-dsbl-margin-left mpce-dsbl-margin-right\">\n<div class=\"mp-span12 motopress-clmn  mpce-dsbl-margin-left mpce-dsbl-margin-right\">\n<div class=\"motopress-code-obj\">\n<div class=\"motopress-text-obj\">\n\t\t\t\t<div class=\"row image-hover-page-container\">\r\n\t\t\t\t \t\t\t\t\t\t\t\t\t\t\t\t\t\t\t\t\t\t\t\t\t\t\t\t\t\t\t\t\t\t\t\t\t\t\t\t\t\t\t\t\t\t\t\t\t\t\t\t\t\t\t\t\t\t\t\t\t\t\t\t\t\t\t\t\t\t\t\t\t\t\t\t\t\t\t\t\t\t\t\t\t\t\t\t\t\t\t\t\t\t\t\t\t\t\t\t\t\t\t\t\t\t\t\t\t\t\t\t\t\t\t\t\t\t\t\t\t\t\t\t\t\t\t\t\t\t\t\t\t\t\t\t\t\t\t\t\t\t\t\t\t\t\t\t\t\t\t\t\t\t\t\t\t\t\t\t\t\t\t\t\t\t\t\t\t\t\t\t\t\t\t\t\t\t\t\t\t\t\t\t\t\t\t\t\t\t\t\t\t\t\t\t\t\t\t\t\t\t\t\t\t\t\t\t\t\t\t\t\t\t\t\t\t\t\t\t\t\t\t\t\t\t\t\t\t\t\t\t\t\t\t\t\t\t\t\t\t\t\t\t\t\t\t\t\t\t\t\t\t\t\t\t\t\t\t\t\t\t\t\t\t\t\t\t\t\t\t\t\t\t\t\t\t\t\t\t\t\t\t\t\t\t\t\t\t\t\t\t\t\t\t\t\t\t\t\t\t\t\t\t\t\t\t\t\t\t\t\t\t\t\t\t\t\t\t\t\t\t\t\t\t\t\t\t\t\t\t\t\t\t\t\t\t\t\t\t\t\t\t\t\t\t\t\t\t\t\t\t\t\t\t\t\t\t\t\t\t\t\t\t\t\t\t\t\t\t\t\t\t\t\t\t\t\t\t\t\t\t\t\t\t\t\t\t\t\t\t\t\t\t\t\t\t\t\t\t\t\t\t\t\t\t\t\t\t\t\t\t\t\t\t\t\t\t\t\t\t\t\t\t\t\t\t\t\t\t\t\t\t\t\t\t\t\t\t\t\t\t\t\t\t\t\t\t\t\t\t\t\t\t\t\t\t\t\t\t\t\t\t\t\t\t\t\t\t\t\t\t\t\t\t\t\t\t\t\t\t\t\t\t\t\t\t\t\t\t\t\t\t\t\t\t\t\t\t\t\t\t\t\t\t\t\t\t\t\t\t\t\t\t\t\t\t\t\t\t\t\t\t\t\t\t\t\t\t\t\t\t\t\t\t\t\t\t\t\t\t\t\t\t\t\t\t\t\t\t\t\t\t\t\t\t\t\t\t\t\t\t\t\t\t\t\t\t\t\t\t\t\t\t\t\t\t\t\t\t\t\t\t\t\t\t\t\t\t\t\t\t\t\t\t\t\t\t\t\t\t\t\t\t\t\t\t\t\t\t\t\t\t\t\t\t\t\t\t\t\t\t\t\t\t\t\t\t\t\t\t\t\t\t\t\t\t\t\t\t\t\t\t\t\t\t\t\t\t\t\t\t\t\t\t\t\t\t\t\t\t\t\t\t\t\t\t\t\t\t\t\t\t\t\t\t\t\t\t\t\t\t\t\t\t\t\t\t\t\t\t\t\t\t\t\t\t\t\t\t\t\t\t\t\t\t\t\t\t\t\t\t\t\t\t\t\t\t\t\t\t\t\t\t\t\t\t\t\t\t\t\t\t\t\t\t\t\t\t\t\t\t\t\t\t\t\t\t\t\t\t\t\t\t\t\t\t\t\t\t\t\t\t\t\t\t\t\t\t\t\t\t\t\t\t\t\t\t\t\t\t\t\t\t\t\t\t\t\t\t\t\t\t\t\t\t\t\t\t\t\t\t\t\t\t\t\t\t\t\t\t\t\t\t\t\t\t\t\t\t\t\t\t\t\t\t\t\t\t\t\t\t\t\t\t\t\t\t\t\t\t\t\t\t\t\t\t\t\t\t\t\t\t\t\t\t\t\t\t\t\t\t\t\t\t\t\t\t\t\t\t\t\t\t\t\t\t\t\t\t\t\t\t\t\t\t\t\t\t\t\t\t\t\t\t\t\t\t\t\t\t\t\t\t\t\t\t\t\t\t\t\t\t\t\t\t\t\t\t\t\t\t\t\t\t\t\t\t\t\t\t\t\t\t\t\t\t\t\t\t\t\t\t\t\t\t\t\t\t\t\t\t\t\t\t\t\t\t\t\t\t\t\t\t\t\t\t\t\t\r\n\t\t\t\t                <div class=\"col-lg-3 col-md-3 col-sm-6 col-xs-12\">\r\n\t\t\t\t                <div class=\"la-hover-plugin\">\r\n\t\t\t\t                  <!-- normal -->\r\n\t\t\t\t                  <div class=\"ih-item  square effect6 left_to_right\" style=\"width:100%;height:100%;border:0px solid ;\">\r\n\t\t\t\t\t                   <a href=\"http:\/\/maisondebegon.com\/index.php\/musee-numerique\/\" >\r\n\t\t\t\t\t\t                   \t\t<br \/>\n<b>Warning<\/b>:  A non-numeric value encountered in <b>\/home\/maisondek\/www\/wordpress\/wp-content\/plugins\/image-hover-effects-pro\/plugin.class.php<\/b> on line <b>855<\/b><br \/>\n<br \/>\n<b>Warning<\/b>:  A non-numeric value encountered in <b>\/home\/maisondek\/www\/wordpress\/wp-content\/plugins\/image-hover-effects-pro\/plugin.class.php<\/b> on line <b>855<\/b><br \/>\n\t\t\t\t\t\t                   \t\t\r\n\t\t\t\t\t\t                      <div class=\"img\" style=\"height:100%;width:100%;\"><img decoding=\"async\" style=\"height:100%;\" src=\"http:\/\/maisondebegon.com\/wp-content\/uploads\/2020\/11\/MUSEE-NUM.jpg\" alt=\"img\"><\/div>\r\n\r\n\t\t\t\t\t\t                       \r\n\t\t\t\t\t\t                       \r\n\t\t\t\t\t\t                       \t\t\t\t\t\t\t\t\t\t\t\t<div class=\"info\" style=\"background:url(http:\/\/maisondebegon.com\/wp-content\/uploads\/2021\/02\/museenumerique.jpg);\">\r\n\t\t\t\t\t\t\t                        <h3 style=\"color:;font-size:10px;padding:;background:\">\r\n\t\t\t\t\t\t\t\t                        MUS\u00c9E NUM\u00c9RIQUE\t\t\t\t\t\t\t                         <\/h3>\r\n\t\t\t\t\t\t\t                        <p style=\"color:;font-size:10px;border-top: !important;\">\r\n\t\t\t\t\t\t\t\t                        \t\t\t\t\t\t\t                         <\/p>\r\n\t\t\t\t\t\t                      <\/div>\r\n\r\n\r\n\t\t\t\t\t\t                      \t\t\t\t\t\t                      \r\n\t\t\t\t\t                      <\/a>\r\n\t\t\t\t                      <\/div>\r\n\t\t\t\t                  <!-- end normal -->\r\n\t\t\t\t                  <\/div>\r\n\t\t\t\t                <\/div>\r\n\t\t\t\t            \r\n\t\t\t\t\t\t\t\t\t\r\n\t\t\t \r\n\t\t\t\t\t\t\t\t\t\t\t\t\t\t\t\r\n\t\t\t\t                <div class=\"col-lg-3 col-md-3 col-sm-6 col-xs-12\">\r\n\t\t\t\t                <div class=\"la-hover-plugin\">\r\n\t\t\t\t                  <!-- normal -->\r\n\t\t\t\t                  <div class=\"ih-item  square effect6 left_to_right\" style=\"width:100%;height:100%;border:0px solid ;\">\r\n\t\t\t\t\t                   <a href=\"http:\/\/maisondebegon.com\/index.php\/programmation\/\" >\r\n\t\t\t\t\t\t                   \t\t<br \/>\n<b>Warning<\/b>:  A non-numeric value encountered in <b>\/home\/maisondek\/www\/wordpress\/wp-content\/plugins\/image-hover-effects-pro\/plugin.class.php<\/b> on line <b>855<\/b><br \/>\n<br \/>\n<b>Warning<\/b>:  A non-numeric value encountered in <b>\/home\/maisondek\/www\/wordpress\/wp-content\/plugins\/image-hover-effects-pro\/plugin.class.php<\/b> on line <b>855<\/b><br \/>\n\t\t\t\t\t\t                   \t\t\r\n\t\t\t\t\t\t                      <div class=\"img\" style=\"height:100%;width:100%;\"><img decoding=\"async\" style=\"height:100%;\" src=\"http:\/\/maisondebegon.com\/wp-content\/uploads\/2022\/09\/ANIMATIONS.jpg\" alt=\"img\"><\/div>\r\n\r\n\t\t\t\t\t\t                       \r\n\t\t\t\t\t\t                       \r\n\t\t\t\t\t\t                       \t\t\t\t\t\t\t\t\t\t\t\t<div class=\"info\" style=\"background:url(http:\/\/maisondebegon.com\/wp-content\/uploads\/2021\/02\/programmation.jpg);\">\r\n\t\t\t\t\t\t\t                        <h3 style=\"color:;font-size:10px;padding:;background:\">\r\n\t\t\t\t\t\t\t\t                        ANIMATIONS\t\t\t\t\t\t\t                         <\/h3>\r\n\t\t\t\t\t\t\t                        <p style=\"color:;font-size:10px;border-top: !important;\">\r\n\t\t\t\t\t\t\t\t                        \t\t\t\t\t\t\t                         <\/p>\r\n\t\t\t\t\t\t                      <\/div>\r\n\r\n\r\n\t\t\t\t\t\t                      \t\t\t\t\t\t                      \r\n\t\t\t\t\t                      <\/a>\r\n\t\t\t\t                      <\/div>\r\n\t\t\t\t                  <!-- end normal -->\r\n\t\t\t\t                  <\/div>\r\n\t\t\t\t                <\/div>\r\n\t\t\t\t            \r\n\t\t\t\t\t\t\t\t\t\r\n\t\t\t \r\n\t\t\t\t\t\t\t\t\t\t\t\t\t\t\t\t\t\t\t\t\t\t\t\t\t\t\t\t\t\t\t\t\t\t\t\t\t\t\t\t\t\t\t\t\t\t\t\t\t\t\t\t\t\t\t\t\t\t\t\t\t\t\t\t\t\t\t\t\t\t\t\t\t\t\t\t\t\t\t\t\t\t\t\t\t\t\t\t\t\t\t\t\t\t\t\t\t\t\t\t\t\t\t\t\t\t\t\t\t\t\t\t\t\t\t\t\t\t\t\t\t\t\t\t\t\t\t\t\t\t\t\t\t\t\t\t\t\t\t\t\t\t\t\t\t\t\t\t\t\t\t\t\t\t\t\t\t\t\t\t\t\t\t\t\t\t\t\t\t\t\t\t\t\t\t\t\t\t\t\t\t\t\t\t\t\t\t\t\t\t\t\t\t\t\t\t\t\t\t\t\t\t\t\t\t\t\t\t\t\t\t\t\t\t\t\t\t\t\t\t\t\t\t\t\t\t\t\t\t\t\t\t\t\t\t\t\t\t\t\t\t\t\t\t\t\t\t\t\t\t\t\t\t\t\t\t\t\t\t\t\t\t\t\t\t\t\t\t\t\t\t\t\t\t\t\t\t\t\t\t\t\t\t\t\t\t\t\t\t\t\t\t\t\t\t\t\t\t\t\t\t\t\t\t\t<\/div>\n<\/div>\n<\/div>\n<\/div>\n<\/div>\n<div class=\"mp-row-fluid motopress-row mpce-dsbl-margin-left mpce-dsbl-margin-right\">\n<div class=\"mp-span12 motopress-clmn  mpce-dsbl-margin-left mpce-dsbl-margin-right\">\n<div class=\"mp-row-fluid motopress-row mpce-dsbl-margin-left mpce-dsbl-margin-right\">\n<div class=\"mp-span12 motopress-clmn mpce-dsbl-margin-left mpce-dsbl-margin-right\">\n<div class=\"motopress-image-obj motopress-text-align-left\"><img decoding=\"async\" src=\"http:\/\/maisondebegon.com\/wp-content\/uploads\/2020\/03\/Sans-titre-1.png\" title=\"Sans titre - 1\" alt=\"Sans titre - 1\" class=\"motopress-image-obj-basic mpce-dsbl-margin-left mpce-dsbl-margin-right mpce-dsbl-margin-top mpce-dsbl-margin-bottom\" \/><\/div>\n<\/div>\n<\/div>\n<div class=\"mp-row-fluid motopress-row mpce-dsbl-margin-left mpce-dsbl-margin-right\">\n<div class=\"mp-span9 motopress-clmn mpce-dsbl-margin-left mpce-dsbl-margin-right\">\n<div class=\"motopress-video-obj\"><iframe src=\"\/\/www.youtube.com\/embed\/THP9uBP4iws?wmode=opaque\" class=\" mpce-dsbl-margin-left mpce-dsbl-margin-right mpce-dsbl-margin-top mpce-dsbl-margin-bottom\" frameborder=\"0\" webkitallowfullscreen mozallowfullscreen allowfullscreen><\/iframe><\/div>\n<\/div>\n<div class=\"mp-span3 motopress-clmn mpce-dsbl-margin-left mpce-dsbl-margin-right  motopress-empty mp-hidden-phone\">\n<\/div>\n<\/div>\n<\/div>\n<\/div>\n","protected":false},"excerpt":{"rendered":"","protected":false},"author":1,"featured_media":0,"parent":0,"menu_order":0,"comment_status":"closed","ping_status":"closed","template":"","meta":{"_uag_custom_page_level_css":"","jetpack_post_was_ever_published":false,"footnotes":""},"class_list":["post-6197","page","type-page","status-publish","czr-hentry"],"uagb_featured_image_src":{"full":false,"thumbnail":false,"medium":false,"medium_large":false,"large":false,"1536x1536":false,"2048x2048":false,"depicter-thumbnail":false,"tc-grid-full":false,"tc-grid":false,"tc-thumb":false,"slider-full":false,"slider":false,"sendpress-max":false},"uagb_author_info":{"display_name":"Maison de B\u00e9gon","author_link":"http:\/\/maisondebegon.com\/author\/maisonb\/"},"uagb_comment_info":0,"uagb_excerpt":null,"jetpack_sharing_enabled":true,"jetpack_shortlink":"https:\/\/wp.me\/P7DqpT-1BX","_links":{"self":[{"href":"http:\/\/maisondebegon.com\/index.php\/wp-json\/wp\/v2\/pages\/6197","targetHints":{"allow":["GET"]}}],"collection":[{"href":"http:\/\/maisondebegon.com\/index.php\/wp-json\/wp\/v2\/pages"}],"about":[{"href":"http:\/\/maisondebegon.com\/index.php\/wp-json\/wp\/v2\/types\/page"}],"author":[{"embeddable":true,"href":"http:\/\/maisondebegon.com\/index.php\/wp-json\/wp\/v2\/users\/1"}],"replies":[{"embeddable":true,"href":"http:\/\/maisondebegon.com\/index.php\/wp-json\/wp\/v2\/comments?post=6197"}],"version-history":[{"count":14,"href":"http:\/\/maisondebegon.com\/index.php\/wp-json\/wp\/v2\/pages\/6197\/revisions"}],"predecessor-version":[{"id":7761,"href":"http:\/\/maisondebegon.com\/index.php\/wp-json\/wp\/v2\/pages\/6197\/revisions\/7761"}],"wp:attachment":[{"href":"http:\/\/maisondebegon.com\/index.php\/wp-json\/wp\/v2\/media?parent=6197"}],"curies":[{"name":"wp","href":"https:\/\/api.w.org\/{rel}","templated":true}]}}