{"id":5005,"date":"2019-09-10T15:43:05","date_gmt":"2019-09-10T13:43:05","guid":{"rendered":"http:\/\/maisondebegon.com\/?page_id=5005"},"modified":"2021-07-21T14:37:34","modified_gmt":"2021-07-21T12:37:34","slug":"jazz-club-de-blois","status":"publish","type":"page","link":"http:\/\/maisondebegon.com\/index.php\/jazz-club-de-blois\/","title":{"rendered":"Jazz Club de Blois"},"content":{"rendered":"<div class=\"mp-row-fluid motopress-row mpce-dsbl-margin-left mpce-dsbl-margin-right\">\n<div class=\"mp-span12 motopress-clmn  mpce-dsbl-margin-left mpce-dsbl-margin-right\">\n<div class=\"mp-row-fluid motopress-row mpce-dsbl-margin-left mpce-dsbl-margin-right\">\n<div class=\"mp-span3 motopress-clmn mpce-dsbl-margin-left mpce-dsbl-margin-right\">\n<div class=\"motopress-image-obj motopress-text-align-left\"><img decoding=\"async\" src=\"http:\/\/maisondebegon.com\/wp-content\/uploads\/2019\/09\/JAZZ-CLUB-45x45.jpg\" title=\"JAZZ CLUB-45x45\" alt=\"JAZZ CLUB-45x45\" class=\"motopress-image-obj-basic mpce-dsbl-margin-left mpce-dsbl-margin-right mpce-dsbl-margin-top mpce-dsbl-margin-bottom\" \/><\/div>\n<\/div>\n<div class=\"mp-span8 motopress-clmn mpce-dsbl-margin-left mpce-dsbl-margin-right\">\n<div class=\"motopress-text-obj\">\n<h3><span style=\"font-size: 24px;\">LANCEMENT DE LA SAISON DU JAZZ CLUB<\/span><\/h3>\n<p><span style=\"font-size: 24px;\">\/\/\/ 20H \/\/\/ GRATUIT \/\/\/ OUVERT \u00c0 TOUS \/\/\/<\/span><\/p>\n<p><span style=\"font-size: 18px;\">Venez assister \u00e0 la pr\u00e9sentation des musiciens du Jazz Club de Blois et laissez-vous aller \u00e0 l\u2019improvisation autour des standards du Jazz o\u00f9 vous \u00eates toutes et tous convi\u00e9s avec votre instrument.<\/span><\/p>\n<p><span style=\"font-size: 18px;\">REJOIGNEZ LE JAZZ CLUB !!!<\/span><\/p>\n<\/div>\n<\/div>\n<div class=\"mp-span1 motopress-clmn mpce-dsbl-margin-left mpce-dsbl-margin-right  motopress-empty mp-hidden-phone\">\n<\/div>\n<\/div>\n<div class=\"mp-row-fluid motopress-row mpce-dsbl-margin-left mpce-dsbl-margin-right\">\n<div class=\"mp-span12 motopress-clmn mpce-dsbl-margin-left mpce-dsbl-margin-right\">\n<div class=\"motopress-text-obj\">\n<p style=\"text-align: justify;\">L&rsquo;atelier orchestre du Jazz Club de Blois vous donne rendez-vous les mercredis de 20h15 \u00e0 22h15 au studio de musique de la Maison de B\u00e9gon. Cette activit\u00e9 sera anim\u00e9e par le multi-instrumentiste Cyril Parmentier.<\/p>\n<p style=\"text-align: justify;\">Depuis plus de 30 ans, l&rsquo;orchestre du jazz club aborde un r\u00e9pertoire \u00e9clectique en accueillant tout musicien amateur de tout \u00e2ge.<\/p>\n<p style=\"text-align: justify;\">Et pour encore plus de convivialit\u00e9 : une soir\u00e9e Jazz Club est pr\u00e9vue au P\u2019tit B\u00e9gon le Vendredi 20 Sept. \u00e0 20h avec pr\u00e9sentation des musiciens du Jazz Club de Blois. C\u2019est le moment de vous laissez aller \u00e0 l\u2019improvisation autour des standards du Jazz o\u00f9 vous \u00eates toutes et tous convi\u00e9s avec votre instrument.<\/p>\n<p style=\"text-align: justify;\">\/\/\/\/\/ REJOIGNEZ LE JAZZ CLUB \/\/\/\/\/<\/p>\n<p style=\"text-align: justify;\">&gt; Ateliers les mercredis de 20h15 \u00e0 22h15 : 165\u20ac \u00e0 l\u2019ann\u00e9e.<\/p>\n<p style=\"text-align: justify;\">&gt; Adh\u00e9sion Maison de B\u00e9gon : familiale 15 \u20ac \/-25ans 10\u20ac<\/p>\n<p style=\"text-align: justify;\">\/\/\/\/\/ STAGES D\u2019IMPROVISATION \/\/\/\/\/<\/p>\n<p style=\"text-align: justify;\">&gt; Stage de 13h30 \u00e0 16h30<\/p>\n<p style=\"text-align: justify;\">&gt; Les samedis 12 Oct., 14 D\u00e9c. 2019 et 8 F\u00e9v. 2020.<\/p>\n<p style=\"text-align: justify;\">&gt; Adh\u00e9sion obligatoire pour les ateliers et les stages.<\/p>\n<p style=\"text-align: justify;\">&gt; Renseignements : 06.08.65.36.82<\/p>\n<\/div>\n<\/div>\n<\/div>\n<\/div>\n<\/div>\n<div class=\"mp-row-fluid motopress-row mpce-dsbl-margin-left mpce-dsbl-margin-right\">\n<div class=\"mp-span12 motopress-clmn  mpce-dsbl-margin-left mpce-dsbl-margin-right\">\n<div class=\"mp-row-fluid motopress-row mpce-dsbl-margin-left mpce-dsbl-margin-right\">\n<div class=\"mp-span12 motopress-clmn mpce-dsbl-margin-left mpce-dsbl-margin-right\">\n<div class=\"motopress-text-obj\">\n<h4 style=\"text-align: left;\">Venez jouer, chanter, danser, boire un verre, partager ces moments conviviaux&#8230;<\/h4>\n<h4 style=\"text-align: left;\">Renseignement et inscription :\u00a0Cyril Parmentier &#8211; 06 08 65 36 82<\/h4>\n<\/div>\n<\/div>\n<\/div>\n<div class=\"mp-row-fluid motopress-row mpce-dsbl-margin-left mpce-dsbl-margin-right\">\n<div class=\"mp-span4 motopress-clmn mpce-dsbl-margin-left mpce-dsbl-margin-right\">\n<div class=\"motopress-image-obj motopress-text-align-left\"><img decoding=\"async\" src=\"http:\/\/maisondebegon.com\/wp-content\/uploads\/2018\/11\/logo-150x32.png\" title=\"logo\" alt=\"logo\" class=\"motopress-image-obj-basic mpce-dsbl-margin-left mpce-dsbl-margin-right mpce-dsbl-margin-top mpce-dsbl-margin-bottom\" \/><\/div>\n<\/div>\n<div class=\"mp-span8 motopress-clmn mpce-dsbl-margin-left mpce-dsbl-margin-right  motopress-empty mp-hidden-phone\">\n<\/div>\n<\/div>\n<\/div>\n<\/div>\n","protected":false},"excerpt":{"rendered":"","protected":false},"author":1,"featured_media":0,"parent":0,"menu_order":0,"comment_status":"closed","ping_status":"closed","template":"","meta":{"_uag_custom_page_level_css":"","_wp_convertkit_post_meta":{"form":"-1","landing_page":"0","tag":"0","restrict_content":"0"},"jetpack_post_was_ever_published":false,"footnotes":""},"class_list":["post-5005","page","type-page","status-publish","czr-hentry"],"uagb_featured_image_src":{"full":false,"thumbnail":false,"medium":false,"medium_large":false,"large":false,"1536x1536":false,"2048x2048":false,"depicter-thumbnail":false,"tc-grid-full":false,"tc-grid":false,"tc-thumb":false,"slider-full":false,"slider":false,"sendpress-max":false},"uagb_author_info":{"display_name":"Maison de B\u00e9gon","author_link":"http:\/\/maisondebegon.com\/author\/maisonb\/"},"uagb_comment_info":0,"uagb_excerpt":null,"jetpack_sharing_enabled":true,"_links":{"self":[{"href":"http:\/\/maisondebegon.com\/index.php\/wp-json\/wp\/v2\/pages\/5005","targetHints":{"allow":["GET"]}}],"collection":[{"href":"http:\/\/maisondebegon.com\/index.php\/wp-json\/wp\/v2\/pages"}],"about":[{"href":"http:\/\/maisondebegon.com\/index.php\/wp-json\/wp\/v2\/types\/page"}],"author":[{"embeddable":true,"href":"http:\/\/maisondebegon.com\/index.php\/wp-json\/wp\/v2\/users\/1"}],"replies":[{"embeddable":true,"href":"http:\/\/maisondebegon.com\/index.php\/wp-json\/wp\/v2\/comments?post=5005"}],"version-history":[{"count":4,"href":"http:\/\/maisondebegon.com\/index.php\/wp-json\/wp\/v2\/pages\/5005\/revisions"}],"predecessor-version":[{"id":5011,"href":"http:\/\/maisondebegon.com\/index.php\/wp-json\/wp\/v2\/pages\/5005\/revisions\/5011"}],"wp:attachment":[{"href":"http:\/\/maisondebegon.com\/index.php\/wp-json\/wp\/v2\/media?parent=5005"}],"curies":[{"name":"wp","href":"https:\/\/api.w.org\/{rel}","templated":true}]}}