{"id":4982,"date":"2019-06-28T12:29:02","date_gmt":"2019-06-28T10:29:02","guid":{"rendered":"http:\/\/maisondebegon.com\/?page_id=4982"},"modified":"2019-06-28T12:29:02","modified_gmt":"2019-06-28T10:29:02","slug":"espace-multimedia","status":"publish","type":"page","link":"http:\/\/maisondebegon.com\/index.php\/espace-multimedia\/","title":{"rendered":"Espace Multim\u00e9dia"},"content":{"rendered":"<div class=\"mp-row-fluid motopress-row mpce-dsbl-margin-left mpce-dsbl-margin-right\">\n<div class=\"mp-span12 motopress-clmn  mpce-dsbl-margin-left mpce-dsbl-margin-right\">\n<div class=\"motopress-text-obj\">\n<h3 style=\"text-align: center;\"><span style=\"font-size: 24px;\">&gt; Initiation et utilisation des outils num\u00e9riques et vid\u00e9o &lt;<\/span><\/h3>\n<h3 style=\"text-align: center;\"><span style=\"font-size: 24px;\">&gt; Formation, stage de\u00a0 cr\u00e9ation de clips musicaux, courts m\u00e9trages &lt;<\/span><\/h3>\n<h3 style=\"text-align: center;\"><span style=\"font-size: 24px;\">&gt; Atelier Fake Web \u2022 Initiation \u00e0 la r\u00e9alit\u00e9 virtuelle &amp; augment\u00e9e &lt;<\/span><\/h3>\n<h3 style=\"text-align: center;\"><span style=\"font-size: 24px;\">&gt; Soutien aux projets d\u2019artistes et de jeunes &lt;<\/span><\/h3>\n<h3 style=\"text-align: center;\"><span style=\"font-size: 24px;\">&gt; \u00c9ducation \u00e0 l\u2019image \u2022 Action citoyenne &amp; culturelle &lt;<\/span><\/h3>\n<\/div>\n<\/div>\n<\/div>\n<div class=\"mp-row-fluid motopress-row mpce-dsbl-margin-left mpce-dsbl-margin-right\">\n<div class=\"mp-span12 motopress-clmn  mpce-dsbl-margin-left mpce-dsbl-margin-right\">\n<div class=\"motopress-image-obj motopress-text-align-left\"><img decoding=\"async\" src=\"http:\/\/maisondebegon.com\/wp-content\/uploads\/2019\/06\/illustr.jpg\" title=\"illustr\" alt=\"illustr\" class=\"motopress-image-obj-basic mpce-dsbl-margin-left mpce-dsbl-margin-right mpce-dsbl-margin-top mpce-dsbl-margin-bottom\" \/><\/div>\n<\/div>\n<\/div>\n<div class=\"mp-row-fluid motopress-row mpce-dsbl-margin-left mpce-dsbl-margin-right\">\n<div class=\"mp-span12 motopress-clmn  mpce-dsbl-margin-left mpce-dsbl-margin-right\">\n<div class=\"motopress-text-obj\">\n<h4 style=\"text-align: justify;\"><\/h4>\n<h4 style=\"text-align: justify;\">L\u2019espace public num\u00e9rique de la Maison de B\u00e9gon permet \u00e0 tous d\u2019acc\u00e9der aux technologies de l\u2019information et des communications. C\u2019est un lieu d\u2019initiatives et un outil qui favorise l\u2019engagement et le lien social.<\/h4>\n<h4 style=\"text-align: justify;\">Notre mani\u00e8re de faire est de garantir en permanence une approche o\u00f9 l\u2019on s\u2019adosserait au num\u00e9rique pour mener des projets individuels ou collectifs (d\u2019insertion, d\u2019\u00e9ducation, de citoyennet\u00e9) sans que l\u2019outil num\u00e9rique ne devienne l\u2019horizon unique (ou m\u00eame principal) des actions de m\u00e9diation.<\/h4>\n<\/div>\n<\/div>\n<\/div>\n<div class=\"mp-row-fluid motopress-row mpce-dsbl-margin-left mpce-dsbl-margin-right\">\n<div class=\"mp-span12 motopress-clmn  mpce-dsbl-margin-left mpce-dsbl-margin-right\">\n<div class=\"motopress-text-obj\">\n<h3 style=\"font-family: 'Josefin Sans'; color: #5a5a5a;\"><\/h3>\n<h3 style=\"font-family: 'Josefin Sans'; color: #5a5a5a;\"><span style=\"color: #ff0000;\">Pour g\u00e9n\u00e9rer des dynamiques locales :<\/span><\/h3>\n<\/div>\n<\/div>\n<\/div>\n<div class=\"mp-row-fluid motopress-row mpce-dsbl-margin-left mpce-dsbl-margin-right\">\n<div class=\"mp-span12 motopress-clmn  mpce-dsbl-margin-left mpce-dsbl-margin-right\">\n<div class=\"motopress-text-obj\">\n<h4 style=\"text-align: justify;\">La m\u00e9diation num\u00e9rique accompagner les personnes dans leurs usages de l\u2019outil informatique. Cet outil contribue au d\u00e9veloppement de la vie locale et permet aux personnes de s\u2019y impliquer d\u2019une nouvelle fa\u00e7on.<\/h4>\n<h4 style=\"text-align: justify;\">Pour contribuer \u00e0 la valorisation de son territoire, de son patrimoine, de ses activit\u00e9s :<\/h4>\n<h4 style=\"text-align: justify;\">&gt; En favorisant la coop\u00e9ration entre acteurs du quartier\/territoire<\/h4>\n<h4 style=\"text-align: justify;\">&gt; En facilitant aussi les \u00e9changes sur le montage de projets.<\/h4>\n<h4 style=\"text-align: justify;\">Des modes d\u2019action privil\u00e9giant les projets collectifs et la coordination :<\/h4>\n<h4 style=\"text-align: justify;\">&gt; L\u2019importance d\u2019aller vers les publics les plus \u00e9loign\u00e9s de l\u2019appropriation des outils num\u00e9riques, mais aussi de la prise de parole publique et m\u00e9diatique, en s\u2019appuyant sur les ressources existantes dans les quartiers, les liens de confiance nou\u00e9s dans la dur\u00e9e.<\/h4>\n<h4 style=\"text-align: justify;\">&gt; L\u2019aller vers renvoie aussi \u00e0 la n\u00e9cessit\u00e9 de construire des passerelles entre des mondes qui se m\u00e9connaissent : celui des technophiles et celui des professionnels de l\u2019\u00e9ducation et de l\u2019insertion.<\/h4>\n<p>&nbsp;<\/p>\n<\/div>\n<\/div>\n<\/div>\n<div class=\"mp-row-fluid motopress-row mpce-dsbl-margin-left mpce-dsbl-margin-right\">\n<div class=\"mp-span12 motopress-clmn  mpce-dsbl-margin-left mpce-dsbl-margin-right\">\n<div class=\"mp-row-fluid motopress-row mpce-dsbl-margin-left mpce-dsbl-margin-right\">\n<div class=\"mp-span4 motopress-clmn mpce-dsbl-margin-left mpce-dsbl-margin-right\">\n<div class=\"motopress-image-obj motopress-text-align-left\"><img decoding=\"async\" src=\"http:\/\/maisondebegon.com\/wp-content\/uploads\/2019\/06\/photoKenzy.jpg\" title=\"photoKenzy\" alt=\"photoKenzy\" class=\"motopress-image-obj-basic mpce-dsbl-margin-left mpce-dsbl-margin-right mpce-dsbl-margin-top mpce-dsbl-margin-bottom\" \/><\/div>\n<\/div>\n<div class=\"mp-span8 motopress-clmn mpce-dsbl-margin-left mpce-dsbl-margin-right\">\n<div class=\"motopress-text-obj\">\n<h3 style=\"text-align: left;\">Kenzy,<\/h3>\n<p style=\"text-align: left;\">animateur qualifi\u00e9 d\u00e9di\u00e9 \u00e0 la conduite du projet saura vous accompagner par son professionnalisme.<\/p>\n<\/div>\n<\/div>\n<\/div>\n<div class=\"mp-row-fluid motopress-row mpce-dsbl-margin-left mpce-dsbl-margin-right\">\n<div class=\"mp-span12 motopress-clmn mpce-dsbl-margin-left mpce-dsbl-margin-right\">\n<div class=\"motopress-text-obj\">\n<h3 style=\"text-align: left;\"><\/h3>\n<h3 style=\"text-align: left;\">\/\/\/ HORAIRES D\u2019OUVERTURE \/\/\/<\/h3>\n<\/div>\n<\/div>\n<\/div>\n<div class=\"mp-row-fluid motopress-row mpce-dsbl-margin-left mpce-dsbl-margin-right\">\n<div class=\"mp-span12 motopress-clmn mpce-dsbl-margin-left mpce-dsbl-margin-right\">\n<div class=\"motopress-text-obj\">\n<p>Lundi &gt; Mardi<\/p>\n<p>de 9h00 \u00e0 12h00<\/p>\n<p>et de 14h00 \u00e0 17h00<\/p>\n<p>&nbsp;<\/p>\n<p>Mercredi<\/p>\n<p>de 9h00 \u00e0 12h00<\/p>\n<p>et de 14h00 \u00e0 17h00<\/p>\n<p>&nbsp;<\/p>\n<p>Jeudi<\/p>\n<p>de 14h30 \u00e0 17h30<\/p>\n<\/div>\n<\/div>\n<\/div>\n<\/div>\n<\/div>\n","protected":false},"excerpt":{"rendered":"","protected":false},"author":1,"featured_media":0,"parent":0,"menu_order":0,"comment_status":"closed","ping_status":"closed","template":"","meta":{"_uag_custom_page_level_css":"","_wp_convertkit_post_meta":{"form":"-1","landing_page":"0","tag":"0","restrict_content":"0"},"jetpack_post_was_ever_published":false,"footnotes":""},"class_list":["post-4982","page","type-page","status-publish","czr-hentry"],"uagb_featured_image_src":{"full":false,"thumbnail":false,"medium":false,"medium_large":false,"large":false,"1536x1536":false,"2048x2048":false,"depicter-thumbnail":false,"tc-grid-full":false,"tc-grid":false,"tc-thumb":false,"slider-full":false,"slider":false,"sendpress-max":false},"uagb_author_info":{"display_name":"Maison de B\u00e9gon","author_link":"http:\/\/maisondebegon.com\/author\/maisonb\/"},"uagb_comment_info":0,"uagb_excerpt":null,"jetpack_sharing_enabled":true,"_links":{"self":[{"href":"http:\/\/maisondebegon.com\/index.php\/wp-json\/wp\/v2\/pages\/4982","targetHints":{"allow":["GET"]}}],"collection":[{"href":"http:\/\/maisondebegon.com\/index.php\/wp-json\/wp\/v2\/pages"}],"about":[{"href":"http:\/\/maisondebegon.com\/index.php\/wp-json\/wp\/v2\/types\/page"}],"author":[{"embeddable":true,"href":"http:\/\/maisondebegon.com\/index.php\/wp-json\/wp\/v2\/users\/1"}],"replies":[{"embeddable":true,"href":"http:\/\/maisondebegon.com\/index.php\/wp-json\/wp\/v2\/comments?post=4982"}],"version-history":[{"count":5,"href":"http:\/\/maisondebegon.com\/index.php\/wp-json\/wp\/v2\/pages\/4982\/revisions"}],"predecessor-version":[{"id":4989,"href":"http:\/\/maisondebegon.com\/index.php\/wp-json\/wp\/v2\/pages\/4982\/revisions\/4989"}],"wp:attachment":[{"href":"http:\/\/maisondebegon.com\/index.php\/wp-json\/wp\/v2\/media?parent=4982"}],"curies":[{"name":"wp","href":"https:\/\/api.w.org\/{rel}","templated":true}]}}