{"id":19,"date":"2016-06-08T16:10:09","date_gmt":"2016-06-08T15:10:09","guid":{"rendered":"http:\/\/maisondebegon.com\/wordpress\/?page_id=19"},"modified":"2016-11-02T15:29:05","modified_gmt":"2016-11-02T14:29:05","slug":"la-maison-de-begon","status":"publish","type":"page","link":"http:\/\/maisondebegon.com\/index.php\/la-maison-de-begon\/","title":{"rendered":"La Maison de B\u00e9gon"},"content":{"rendered":"<div class=\"mp-row-fluid motopress-row mpce-dsbl-margin-left mpce-dsbl-margin-right\">\n<div class=\"mp-span12 motopress-clmn  mpce-dsbl-margin-left mpce-dsbl-margin-right\">\n<div class=\"motopress-text-obj\">\n<h3 style=\"text-align: center;\"><strong><span style=\"color: #800000;\">Bienvenue \u00e0 la Maison de B\u00e9gon : Culture du Monde, Monde des Cultures !<\/span><\/strong><\/h3>\n<\/div>\n<\/div>\n<\/div>\n<div class=\"mp-row-fluid motopress-row mpce-dsbl-margin-left mpce-dsbl-margin-right\">\n<div class=\"mp-span12 motopress-clmn  mpce-dsbl-margin-left mpce-dsbl-margin-right\">\n<div class=\"motopress-image-obj motopress-text-align-left\"><img decoding=\"async\" src=\"http:\/\/maisondebegon.com\/wp-content\/uploads\/2016\/06\/Maison-de-Be\u0301gon-Header.jpg\" title=\"Maison de B\u00e9gon\" alt=\"Bienvenue sur le site de la Maison de B\u00e9gon, Culture du Monde, Monde des Cultures\" class=\"motopress-image-obj-basic mpce-dsbl-margin-left mpce-dsbl-margin-right mpce-dsbl-margin-top mpce-dsbl-margin-bottom\" \/><\/div>\n<\/div>\n<\/div>\n<div class=\"mp-row-fluid motopress-row mpce-dsbl-margin-left mpce-dsbl-margin-right\">\n<div class=\"mp-span12 motopress-clmn  mpce-dsbl-margin-left mpce-dsbl-margin-right motopress-margin-top-10 motopress-margin-bottom-10\">\n<div class=\"motopress-text-obj motopress-margin-top-10 motopress-margin-bottom-10\">\n<p class=\"MsoNormal\" style=\"text-align: center;\"><strong><span style=\"font-size: 15px; font-family: Abel;\"><span style=\"color: #ff6600;\">Association culturelle et lieu de rendez-vous pour \u00e9changer, d\u00e9couvrir, pratiquer, et apprendre, la Maison de B\u00e9gon<\/span><\/span><\/strong><\/p>\n<p class=\"MsoNormal\" style=\"text-align: center;\"><span style=\"color: #ff6600;\"><strong><span style=\"font-size: 15px; font-family: Abel;\">favorise les croisements et les initiatives pour promouvoir la diversit\u00e9 de tous les habitants et l\u2019acc\u00e8s \u00e0 la culture pour tous.<\/span><\/strong><\/span><\/p>\n<\/div>\n<\/div>\n<\/div>\n<div class=\"mp-row-fluid motopress-row mpce-dsbl-margin-left mpce-dsbl-margin-right\">\n<div class=\"mp-span4 motopress-clmn  mpce-dsbl-margin-left mpce-dsbl-margin-right\">\n<div class=\"mp-row-fluid motopress-row mpce-dsbl-margin-left mpce-dsbl-margin-right\">\n<div class=\"mp-span12 motopress-clmn mpce-dsbl-margin-left mpce-dsbl-margin-right\">\n<div class=\"motopress-text-obj\">\n<h3 style=\"text-align: center;\"><span style=\"font-size: 16px;\"><strong><span style=\"color: #800000;\"><span style=\"font-size: 24px;\">Nos missions !<\/span><br \/>\n<\/span><\/strong><\/span><\/h3>\n<\/div>\n<\/div>\n<\/div>\n<div class=\"mp-row-fluid motopress-row mpce-dsbl-margin-left mpce-dsbl-margin-right\">\n<div class=\"mp-span12 motopress-clmn mpce-dsbl-margin-left mpce-dsbl-margin-right\">\n<div class=\"motopress-image-obj motopress-text-align-left\"><a href=\"http:\/\/maisondebegon.com\/wordpress\/index.php\/missions\/\" target=\"_self\"><img decoding=\"async\" src=\"http:\/\/maisondebegon.com\/wp-content\/uploads\/2016\/06\/Nos-missions.jpg\" title=\"Les missions de la Maison de B\u00e9gon\" alt=\"Les missions de la Maison de B\u00e9gon\" class=\"motopress-image-obj-basic mpce-dsbl-margin-left mpce-dsbl-margin-right mpce-dsbl-margin-top mpce-dsbl-margin-bottom\" \/><\/a><\/div>\n<\/div>\n<\/div>\n<\/div>\n<div class=\"mp-span4 motopress-clmn  mpce-dsbl-margin-left mpce-dsbl-margin-right\">\n<div class=\"mp-row-fluid motopress-row mpce-dsbl-margin-left mpce-dsbl-margin-right\">\n<div class=\"mp-span12 motopress-clmn mpce-dsbl-margin-left mpce-dsbl-margin-right\">\n<div class=\"motopress-text-obj\">\n<h3 style=\"text-align: center;\"><span style=\"font-size: 16px;\"><strong><span style=\"color: #800000;\"><span style=\"font-size: 24px;\">Note \u00e9quipe de choc !<\/span><br \/>\n<\/span><\/strong><\/span><\/h3>\n<\/div>\n<\/div>\n<\/div>\n<div class=\"mp-row-fluid motopress-row mpce-dsbl-margin-left mpce-dsbl-margin-right\">\n<div class=\"mp-span12 motopress-clmn mpce-dsbl-margin-left mpce-dsbl-margin-right\">\n<div class=\"motopress-image-obj motopress-text-align-left\">Pi\u00e8ce jointe vide ou le type d&rsquo;article n&rsquo;est pas une &lsquo;pi\u00e8ce jointe&rsquo;<\/div>\n<\/div>\n<\/div>\n<\/div>\n<div class=\"mp-span4 motopress-clmn  mpce-dsbl-margin-left mpce-dsbl-margin-right\">\n<div class=\"mp-row-fluid motopress-row mpce-dsbl-margin-left mpce-dsbl-margin-right\">\n<div class=\"mp-span12 motopress-clmn mpce-dsbl-margin-left mpce-dsbl-margin-right\">\n<div class=\"motopress-text-obj\">\n<h3 style=\"text-align: center;\"><span style=\"font-size: 16px;\"><strong><span style=\"color: #800000;\"><span style=\"font-size: 24px;\">Nos locaux !<br \/>\n<\/span><\/span><\/strong><\/span><\/h3>\n<\/div>\n<\/div>\n<\/div>\n<div class=\"mp-row-fluid motopress-row mpce-dsbl-margin-left mpce-dsbl-margin-right\">\n<div class=\"mp-span12 motopress-clmn mpce-dsbl-margin-left mpce-dsbl-margin-right\">\n<div class=\"motopress-image-obj motopress-text-align-left\">Pi\u00e8ce jointe vide ou le type d&rsquo;article n&rsquo;est pas une &lsquo;pi\u00e8ce jointe&rsquo;<\/div>\n<\/div>\n<\/div>\n<\/div>\n<\/div>\n<div class=\"mp-row-fluid motopress-row mpce-dsbl-margin-left mpce-dsbl-margin-right\">\n<div class=\"mp-span2 motopress-clmn  mpce-dsbl-margin-left mpce-dsbl-margin-right\">\n<div class=\"motopress-text-obj\">\n<\/div>\n<\/div>\n<div class=\"mp-span4 motopress-clmn  mpce-dsbl-margin-left mpce-dsbl-margin-right\">\n<div class=\"mp-row-fluid motopress-row mpce-dsbl-margin-left mpce-dsbl-margin-right\">\n<div class=\"mp-span12 motopress-clmn mpce-dsbl-margin-left mpce-dsbl-margin-right\">\n<div class=\"motopress-text-obj\">\n<h3 style=\"text-align: center;\"><span style=\"font-size: 16px;\"><strong><span style=\"color: #800000;\"><span style=\"font-size: 24px;\">B\u00e9n\u00e9voles !<\/span><\/span><\/strong><\/span><\/h3>\n<\/div>\n<\/div>\n<\/div>\n<div class=\"mp-row-fluid motopress-row mpce-dsbl-margin-left mpce-dsbl-margin-right\">\n<div class=\"mp-span12 motopress-clmn mpce-dsbl-margin-left mpce-dsbl-margin-right\">\n<div class=\"motopress-image-obj motopress-text-align-left\">Pi\u00e8ce jointe vide ou le type d&rsquo;article n&rsquo;est pas une &lsquo;pi\u00e8ce jointe&rsquo;<\/div>\n<\/div>\n<\/div>\n<\/div>\n<div class=\"mp-span4 motopress-clmn  mpce-dsbl-margin-left mpce-dsbl-margin-right\">\n<div class=\"mp-row-fluid motopress-row mpce-dsbl-margin-left mpce-dsbl-margin-right\">\n<div class=\"mp-span12 motopress-clmn mpce-dsbl-margin-left mpce-dsbl-margin-right\">\n<div class=\"motopress-text-obj\">\n<h3 style=\"text-align: center;\"><span style=\"font-size: 16px;\"><strong><span style=\"color: #800000;\"><span style=\"font-size: 24px;\">Infos Pratiques<br \/>\n<\/span><\/span><\/strong><\/span><\/h3>\n<\/div>\n<\/div>\n<\/div>\n<div class=\"mp-row-fluid motopress-row mpce-dsbl-margin-left mpce-dsbl-margin-right\">\n<div class=\"mp-span12 motopress-clmn mpce-dsbl-margin-left mpce-dsbl-margin-right\">\n<div class=\"motopress-image-obj motopress-text-align-left\"><a href=\"http:\/\/maisondebegon.com\/wordpress\/index.php\/infos-pratiques-mb\/\" target=\"_self\"><img decoding=\"async\" src=\"http:\/\/maisondebegon.com\/wp-content\/uploads\/2016\/06\/Nos-Missions.jpg\" title=\"Maison de B\u00e9gon - Infos Pratiques\" alt=\"Maison de B\u00e9gon - Infos Pratiques\" class=\"motopress-image-obj-basic mpce-dsbl-margin-left mpce-dsbl-margin-right mpce-dsbl-margin-top mpce-dsbl-margin-bottom\" \/><\/a><\/div>\n<\/div>\n<\/div>\n<\/div>\n<div class=\"mp-span2 motopress-clmn  mpce-dsbl-margin-left mpce-dsbl-margin-right\">\n<div class=\"motopress-text-obj\">\n<\/div>\n<\/div>\n<\/div>\n","protected":false},"excerpt":{"rendered":"","protected":false},"author":1,"featured_media":0,"parent":0,"menu_order":0,"comment_status":"closed","ping_status":"closed","template":"","meta":{"_uag_custom_page_level_css":"","jetpack_post_was_ever_published":false,"footnotes":""},"class_list":["post-19","page","type-page","status-publish","czr-hentry"],"uagb_featured_image_src":{"full":false,"thumbnail":false,"medium":false,"medium_large":false,"large":false,"1536x1536":false,"2048x2048":false,"depicter-thumbnail":false,"tc-grid-full":false,"tc-grid":false,"tc-thumb":false,"slider-full":false,"slider":false,"sendpress-max":false},"uagb_author_info":{"display_name":"Maison de B\u00e9gon","author_link":"http:\/\/maisondebegon.com\/author\/maisonb\/"},"uagb_comment_info":0,"uagb_excerpt":null,"jetpack_sharing_enabled":true,"jetpack_shortlink":"https:\/\/wp.me\/P7DqpT-j","_links":{"self":[{"href":"http:\/\/maisondebegon.com\/index.php\/wp-json\/wp\/v2\/pages\/19","targetHints":{"allow":["GET"]}}],"collection":[{"href":"http:\/\/maisondebegon.com\/index.php\/wp-json\/wp\/v2\/pages"}],"about":[{"href":"http:\/\/maisondebegon.com\/index.php\/wp-json\/wp\/v2\/types\/page"}],"author":[{"embeddable":true,"href":"http:\/\/maisondebegon.com\/index.php\/wp-json\/wp\/v2\/users\/1"}],"replies":[{"embeddable":true,"href":"http:\/\/maisondebegon.com\/index.php\/wp-json\/wp\/v2\/comments?post=19"}],"version-history":[{"count":27,"href":"http:\/\/maisondebegon.com\/index.php\/wp-json\/wp\/v2\/pages\/19\/revisions"}],"predecessor-version":[{"id":1446,"href":"http:\/\/maisondebegon.com\/index.php\/wp-json\/wp\/v2\/pages\/19\/revisions\/1446"}],"wp:attachment":[{"href":"http:\/\/maisondebegon.com\/index.php\/wp-json\/wp\/v2\/media?parent=19"}],"curies":[{"name":"wp","href":"https:\/\/api.w.org\/{rel}","templated":true}]}}