{"id":182,"date":"2016-06-22T11:43:46","date_gmt":"2016-06-22T09:43:46","guid":{"rendered":"http:\/\/maisondebegon.com\/wordpress\/?page_id=182"},"modified":"2019-06-20T16:56:04","modified_gmt":"2019-06-20T14:56:04","slug":"action-culturelle","status":"publish","type":"page","link":"http:\/\/maisondebegon.com\/index.php\/action-culturelle\/","title":{"rendered":"L&rsquo;Action Sociale et Culturelle"},"content":{"rendered":"<div class=\"mp-row-fluid motopress-row mpce-dsbl-margin-left mpce-dsbl-margin-right\">\n<div class=\"mp-span12 motopress-clmn  mpce-dsbl-margin-left mpce-dsbl-margin-right\">\n<div class=\"motopress-text-obj\">\n<h2 style=\"color: #5a5a5a; text-align: center;\"><span style=\"color: #ff6600; font-size: 24px;\">Nous organisons divers \u00e9v\u00e8nements et rencontres<\/span><\/h2>\n<h2 style=\"color: #5a5a5a; text-align: center;\"><span style=\"color: #ff6600; font-size: 24px;\">toute l&rsquo;ann\u00e9e, afin de favoriser la mixit\u00e9 et le partage.<\/span><\/h2>\n<\/div>\n<\/div>\n<\/div>\n<div class=\"mp-row-fluid motopress-row mpce-dsbl-margin-left mpce-dsbl-margin-right\">\n<div class=\"mp-span12 motopress-clmn  mpce-dsbl-margin-left mpce-dsbl-margin-right motopress-margin-top-10 motopress-margin-bottom-10\">\n<div class=\"motopress-text-obj\">\n<p style=\"text-align: center;\"><span style=\"font-size: 16px;\"><strong>Notre projet consiste \u00e0 am\u00e9liorer le lien entre la culture et les diff\u00e9rents publics, consid\u00e9rant que la culture favorise le \u00ab\u00a0vivre ensemble\u00a0\u00bb, les liens sociaux, la rupture de l\u2019isolement, et l\u2019\u00e9panouissement de l\u2019individu. La culture permet, notamment aupr\u00e8s de la jeunesse, la construction de son projet personnel et professionnel, et ainsi la projection de soi vers l\u2019avenir.<\/strong><\/span><\/p>\n<\/div>\n<\/div>\n<\/div>\n<div class=\"mp-row-fluid motopress-row mpce-dsbl-margin-left mpce-dsbl-margin-right\">\n<div class=\"mp-span12 motopress-clmn  mpce-dsbl-margin-left mpce-dsbl-margin-right\">\n<div class=\"mp-row-fluid motopress-row mpce-dsbl-margin-left mpce-dsbl-margin-right\">\n<div class=\"mp-span12 motopress-clmn mpce-dsbl-margin-left mpce-dsbl-margin-right\">\n<div class=\"motopress-image-obj motopress-text-align-center\"><img decoding=\"async\" src=\"http:\/\/maisondebegon.com\/wp-content\/uploads\/2016\/06\/Action-Culturelle-Header.jpg\" title=\"Action Culturelle\" alt=\"Chaque mois la Maison de B\u00e9gon organise de nombreuses actions culturelles \u00e0 Blois pour favoriser le \"vivre ensemble\" et les rencontres sociales et culturelles\" class=\"motopress-image-obj-basic mpce-dsbl-margin-left mpce-dsbl-margin-right mpce-dsbl-margin-top mpce-dsbl-margin-bottom\" \/><\/div>\n<\/div>\n<\/div>\n<div class=\"mp-row-fluid motopress-row mpce-dsbl-margin-left mpce-dsbl-margin-right\">\n<div class=\"mp-span12 motopress-clmn mpce-dsbl-margin-left mpce-dsbl-margin-right\">\n<div class=\"motopress-text-obj\">\n<h2><span style=\"color: #ff6600; font-size: 24px;\">Espace des initiatives artistiques et culturelles<\/span><\/h2>\n<\/div>\n<\/div>\n<\/div>\n<\/div>\n<\/div>\n<div class=\"mp-row-fluid motopress-row mpce-dsbl-margin-left mpce-dsbl-margin-right\">\n<div class=\"mp-span12 motopress-clmn  mpce-dsbl-margin-left mpce-dsbl-margin-right\">\n<div class=\"motopress-text-obj\">\n<p style=\"text-align: justify;\">L\u2019enjeu central est de favoriser l\u2019acc\u00e8s \u00e0 la maison de B\u00e9gon des habitants du territoire, ainsi que la multiplicite\u0301 des pratiques, en \u00e9tant a\u0300 l\u2019e\u0301coute des initiatives des habitants, associations et acteurs, de nouvelles formes d\u2019expressions et d\u2019initiatives, &#8230; en cherchant la\u0300 aussi a\u0300 faire se rencontrer et \u00e9changer des acteurs porteurs de pratiques et d\u2019exp\u00e9riences varie\u0301es, en cr\u00e9ant de nouveaux liens.<\/p>\n<p style=\"text-align: justify;\">Il s\u2019agit clairement d\u2019encourager toutes les pratiques culturelles, qu\u2019elles soient reconnues, en \u00e9mergence ou minoritaires, professionnelles ou amateurs<\/p>\n<ul>\n<li style=\"text-align: justify;\">En facilitant l\u2019acc\u00e8s des jeunes et habitants des quartiers prioritaires \u00e0 l\u2019offre culturelle Blaisoise, dans toutes les disciplines et en d\u00e9veloppant une m\u00e9diation culturelle en lien avec nos partenaires,<\/li>\n<li style=\"text-align: justify;\">En d\u00e9veloppant et accompagnant les projets li\u00e9s \u00e0 l\u2019\u00e9ducation artistique, les pratiques culturelles et les pratiques artistiques en amateur (\u00e9coles\u2026)<\/li>\n<li style=\"text-align: justify;\">En reconnaissant, qualifiant et valorisant les pratiques artistiques et culturelles des jeunes et habitants du territoire, de la ville de Blois,<\/li>\n<li>En soutenant et valorisant les dynamiques culturelles et artistiques des habitants, acteurs du territoire et de la ville de Blois.<\/li>\n<\/ul>\n<\/div>\n<\/div>\n<\/div>\n<div class=\"mp-row-fluid motopress-row mpce-dsbl-margin-left mpce-dsbl-margin-right\">\n<div class=\"mp-span12 motopress-clmn  mpce-dsbl-margin-left mpce-dsbl-margin-right\">\n<div class=\"mp-row-fluid motopress-row mpce-dsbl-margin-left mpce-dsbl-margin-right\">\n<div class=\"mp-span12 motopress-clmn mpce-dsbl-margin-left mpce-dsbl-margin-right\">\n<div class=\"motopress-text-obj\">\n<h2><span style=\"color: #ff6600; font-size: 24px;\">Un centre de ressources artistiques et culturelles<\/span><\/h2>\n<\/div>\n<\/div>\n<\/div>\n<div class=\"mp-row-fluid motopress-row mpce-dsbl-margin-left mpce-dsbl-margin-right\">\n<div class=\"mp-span12 motopress-clmn mpce-dsbl-margin-left mpce-dsbl-margin-right\">\n<div class=\"motopress-text-obj\">\n<ul>\n<li style=\"text-align: justify;\">Accueillir et accompagner les \u00e9coles (primaire, coll\u00e8ges), dans la construction de projets artistiques et culturels, la formation des \u00e9l\u00e8ves,<\/li>\n<li style=\"text-align: justify;\">Mettre en lien les artistes et les \u00e9coles<\/li>\n<li style=\"text-align: justify;\">Impulser la construction de projets entre artistes, compagnies et \u00e9coles<\/li>\n<li style=\"text-align: justify;\">Acc\u00e9l\u00e9rer et structurer les accueils et les accompagnements artistiques dans la Maison de B\u00e9gon (PEAC).<\/li>\n<\/ul>\n<p style=\"text-align: justify;\">L\u2019usage des locaux, d\u2019une sc\u00e8ne, du mat\u00e9riel pour des r\u00e9p\u00e9titions, pour des cr\u00e9ations, l\u2019accompagnement de l\u2019\u00e9quipe dans le cadre du montage de projets, l\u2019accompagnement \u00e0 la sc\u00e8ne pour les artistes locaux.<\/p>\n<p style=\"text-align: justify;\">Chaque ann\u00e9e, un, voire deux projets de r\u00e9sidence de cr\u00e9ation et de m\u00e9diation pourraient \u00eatres d\u00e9velopp\u00e9s dans le lieu, se d\u00e9roulant sur une ou plusieurs p\u00e9riodes, elles permettront d\u2019engager des \u00e9changes forts entre les artistes, compagnies et le territoire, via des actions sp\u00e9cifiques et des rencontres.<\/p>\n<\/div>\n<\/div>\n<\/div>\n<\/div>\n<\/div>\n<div class=\"mp-row-fluid motopress-row mpce-dsbl-margin-left mpce-dsbl-margin-right\">\n<div class=\"mp-span12 motopress-clmn  mpce-dsbl-margin-left mpce-dsbl-margin-right\">\n<div class=\"motopress-text-obj\">\n<h2><span style=\"color: #ff6600; font-size: 24px;\">Le conseil culturel\u00a0<\/span><\/h2>\n<\/div>\n<\/div>\n<\/div>\n<div class=\"mp-row-fluid motopress-row mpce-dsbl-margin-left mpce-dsbl-margin-right\">\n<div class=\"mp-span12 motopress-clmn  mpce-dsbl-margin-left mpce-dsbl-margin-right\">\n<div class=\"motopress-text-obj\">\n<p style=\"text-align: justify;\">Il s\u2019agit de la mobilisation des acteurs culturels des quartiers nord, afin de f\u00e9d\u00e9rer les op\u00e9rateurs et les \u00e9nergies culturelles du territoire, professionnels, b\u00e9n\u00e9voles, habitants, pour encourager la concertation entre les acteurs culturels et politiques, pour impulser une dynamique de travail en r\u00e9seau.<\/p>\n<p style=\"text-align: justify;\">Cette d\u00e9marche aspire \u00e0 d\u00e9finir un horizon commun aux quartiers nord, \u00e0 travers la coop\u00e9ration de tous les acteurs, pour un d\u00e9veloppement culturel structurant et concert\u00e9 en vue d\u2019une meilleure efficacit\u00e9 territoriale.<\/p>\n<p style=\"text-align: justify;\">Le r\u00e9seau des acteurs culturels des quartiers nord pourra\u00eet offrir une r\u00e9ponse au besoin de rencontre entre les acteurs. Il constituerait un espace d\u2019\u00e9change permettant de construire progressivement une place plus centrale pour la culture sur le territoire, m\u00eame si celui-ci \u00e9volue.<\/p>\n<\/div>\n<\/div>\n<\/div>\n","protected":false},"excerpt":{"rendered":"","protected":false},"author":1,"featured_media":0,"parent":0,"menu_order":0,"comment_status":"closed","ping_status":"closed","template":"","meta":{"_uag_custom_page_level_css":"","_wp_convertkit_post_meta":{"form":"-1","landing_page":"0","tag":"0","restrict_content":"0"},"jetpack_post_was_ever_published":false,"footnotes":""},"class_list":["post-182","page","type-page","status-publish","czr-hentry"],"uagb_featured_image_src":{"full":false,"thumbnail":false,"medium":false,"medium_large":false,"large":false,"1536x1536":false,"2048x2048":false,"depicter-thumbnail":false,"tc-grid-full":false,"tc-grid":false,"tc-thumb":false,"slider-full":false,"slider":false,"sendpress-max":false},"uagb_author_info":{"display_name":"Maison de B\u00e9gon","author_link":"http:\/\/maisondebegon.com\/author\/maisonb\/"},"uagb_comment_info":0,"uagb_excerpt":null,"jetpack_sharing_enabled":true,"_links":{"self":[{"href":"http:\/\/maisondebegon.com\/index.php\/wp-json\/wp\/v2\/pages\/182","targetHints":{"allow":["GET"]}}],"collection":[{"href":"http:\/\/maisondebegon.com\/index.php\/wp-json\/wp\/v2\/pages"}],"about":[{"href":"http:\/\/maisondebegon.com\/index.php\/wp-json\/wp\/v2\/types\/page"}],"author":[{"embeddable":true,"href":"http:\/\/maisondebegon.com\/index.php\/wp-json\/wp\/v2\/users\/1"}],"replies":[{"embeddable":true,"href":"http:\/\/maisondebegon.com\/index.php\/wp-json\/wp\/v2\/comments?post=182"}],"version-history":[{"count":20,"href":"http:\/\/maisondebegon.com\/index.php\/wp-json\/wp\/v2\/pages\/182\/revisions"}],"predecessor-version":[{"id":4918,"href":"http:\/\/maisondebegon.com\/index.php\/wp-json\/wp\/v2\/pages\/182\/revisions\/4918"}],"wp:attachment":[{"href":"http:\/\/maisondebegon.com\/index.php\/wp-json\/wp\/v2\/media?parent=182"}],"curies":[{"name":"wp","href":"https:\/\/api.w.org\/{rel}","templated":true}]}}