{"id":1558,"date":"2016-11-07T11:07:00","date_gmt":"2016-11-07T10:07:00","guid":{"rendered":"http:\/\/maisondebegon.com\/wordpress\/?page_id=1558"},"modified":"2019-06-20T16:35:04","modified_gmt":"2019-06-20T14:35:04","slug":"projet-de-programmation","status":"publish","type":"page","link":"http:\/\/maisondebegon.com\/index.php\/projet-de-programmation\/","title":{"rendered":"Le Projet de la Programmation"},"content":{"rendered":"<div class=\"mp-row-fluid motopress-row mpce-dsbl-margin-left mpce-dsbl-margin-right\">\n<div class=\"mp-span12 motopress-clmn  mpce-dsbl-margin-left mpce-dsbl-margin-right motopress-margin-bottom-10\">\n<div class=\"motopress-text-obj\">\n<h3 style=\"text-align: center;\"><span style=\"color: #e20707;\"><strong>C\u00e9l\u00e9brer la \u00ab\u00a0Culture du Monde\u00a0\u00bb et le \u00ab\u00a0Monde des Cultures\u00a0\u00bb !<br \/>\n<\/strong><\/span><\/h3>\n<\/div>\n<\/div>\n<\/div>\n<div class=\"mp-row-fluid motopress-row mpce-dsbl-margin-left mpce-dsbl-margin-right\">\n<div class=\"mp-span6 motopress-clmn  mpce-dsbl-margin-left mpce-dsbl-margin-right\">\n<div class=\"motopress-text-obj\">\n<p style=\"text-align: justify;\">La programmation de la Maison de B\u00e9gon a pour finalit\u00e9 de faire d\u00e9couvrir la richesse culturelle d&rsquo;un artiste, d&rsquo;un groupe ou d&rsquo;une compagnie \u00e0 travers leur humanit\u00e9, leur savoir, leur technique, bref leur art et leur coeur. Le monde fourmille de richesses et de fusions que nous souhaitons mettre en avant, que ce soit gr\u00e2ce \u00e0 des artistes locaux, nationaux ou internationaux.<\/p>\n<p>&nbsp;<\/p>\n<\/div>\n<\/div>\n<div class=\"mp-span6 motopress-clmn  mpce-dsbl-margin-left mpce-dsbl-margin-right\">\n<div class=\"motopress-text-obj\">\n<p style=\"text-align: justify;\">Retrouvez\u00a0Hassan Mirghani, programmateur, s\u2019attache avant tout au propos de l\u2019artiste, qu\u2019il soit chant\u00e9, dans\u00e9, mim\u00e9 ou mis en musique. Chaque ann\u00e9e, plus de douze spectacles sont organis\u00e9s sans compter les coproductions, dans un souci d\u2019harmonie et de d\u00e9couverte artistique, de d\u00e9passement des fronti\u00e8res, en cherchant \u00e0 se rapprocher les uns des autres et \u00e0 \u00e9changer avec des gens du monde entier.<\/p>\n<\/div>\n<\/div>\n<\/div>\n<div class=\"mp-row-fluid motopress-row mpce-dsbl-margin-left mpce-dsbl-margin-right\">\n<div class=\"mp-span12 motopress-clmn  mpce-dsbl-margin-left mpce-dsbl-margin-right\">\n<div class=\"motopress-button-obj\"><a href=\"http:\/\/maisondebegon.com\/index.php\/programmation-2018\/\" target=\"_self\" class=\"motopress-btn motopress-btn-size-middle motopress-btn-rounded motopress-btn-icon-indent-small motopress-btn-color-warm motopress-btn-full-width\"><i class=\"fa fa-music motopress-btn-icon-align-left\"><\/i>D\u00e9couvrez la programmation 2019 !<\/a><\/div>\n<\/div>\n<\/div>\n<div class=\"mp-row-fluid motopress-row mpce-dsbl-margin-left mpce-dsbl-margin-right\">\n<div class=\"mp-span12 motopress-clmn  mpce-dsbl-margin-left mpce-dsbl-margin-right motopress-margin-top-10 motopress-margin-bottom-10\">\n<div class=\"motopress-text-obj\">\n<p style=\"text-align: center;\">Retrouvez ci-dessous tous les artistes programm\u00e9s depuis 2008 !<\/p>\n<\/div>\n<\/div>\n<\/div>\n<div class=\"mp-row-fluid motopress-row mpce-dsbl-margin-left mpce-dsbl-margin-right\">\n<div class=\"mp-span12 motopress-clmn  mpce-dsbl-margin-left mpce-dsbl-margin-right\">\n<div class=\"motopress-image-obj motopress-text-align-left\"><img decoding=\"async\" src=\"http:\/\/maisondebegon.com\/wp-content\/uploads\/2016\/11\/Programmation-Spectacles-2015-2016.jpg\" title=\"Mix&#039; Terres - Programmation 2015-2016\" alt=\"La Maison de B\u00e9gon est aussi une salle de spectacle\" class=\"motopress-image-obj-basic mpce-dsbl-margin-left mpce-dsbl-margin-right mpce-dsbl-margin-top mpce-dsbl-margin-bottom\" \/><\/div>\n<\/div>\n<\/div>\n<div class=\"mp-row-fluid motopress-row mpce-dsbl-margin-left mpce-dsbl-margin-right\">\n<div class=\"mp-span12 motopress-clmn  mpce-dsbl-margin-left mpce-dsbl-margin-right\">\n<div class=\"mp-row-fluid motopress-row mpce-dsbl-margin-left mpce-dsbl-margin-right\">\n<div class=\"mp-span6 motopress-clmn mpce-dsbl-margin-left mpce-dsbl-margin-right\">\n<div class=\"motopress-accordion-obj motopress-accordion motopress-accordion-light\" id=\"69f610f95cf4c\">\n<div class=\"motopress-accordion-item\">\n<h3>Programmation 2016<\/h3>\n<div>\n<p style=\"text-align: justify;\">\u00ab\u00a0Cartographie de l\u2019Humain\u00a0\u00bb (exposition de S\u00e9verine Vaillabt &#8211; 11 au 29\/01) &#8211; \u00ab\u00a0Je me Sens Bien\u00a0\u00bb de la Cie 6<sup>\u00e8me<\/sup> Dimension (danses urbaines &#8211; 16\/01) &#8211; \u00ab\u00a0Sidewalk Stories\u00a0\u00bb de Charles Lane (film \/ com\u00e9die dramatique en partenariat avec Cin\u00e9Fil &#8211; 17\/01) &#8211; \u00c9ric McFadden (blues rock\u00a0&#8211; en partenariat avec l\u2019Association Roxette &#8211; 30\/01)<\/p>\n<p style=\"text-align: justify;\">6<sup>\u00e8me<\/sup> Rencontre (rencontre interculturelle &#8211; 06\/02) &#8211; \u00ab\u00a0Je Vous Laisse ma Carte \u00bb d\u2019Hassan (one-man show &#8211; 26\/02)<\/p>\n<p style=\"text-align: justify;\">Jehro (pop soul \/ musique du monde &#8211; 04\/03) &#8211; Puppa L\u00ebk S\u00e8n (reggae &#8211; 18\/03) &#8211; N3rdistan (\u00e9lectro orientale \/ po\u00e9sie &#8211; 25\/03)<\/p>\n<p style=\"text-align: justify;\">\u00ab\u00a0Les Fourberies de N\u00e9rine\u00a0\u00bb par la Ben Cie (th\u00e9\u00e2tre scolaire &#8211; 21\/04) &#8211; \u00ab\u00a0Pss Pss\u00a0\u00bb de la Compagnia Baccal\u00e0 (th\u00e9\u00e2tre clownesque &#8211; 22\/04)<\/p>\n<p style=\"text-align: justify;\">Hacktivation (exposition du laboratoire num\u00e9rique &#8211; 09 et 10\/06)<\/p>\n<\/div>\n<\/div>\n<p class=\"motopress-hide-script\"><script type=\"text\/javascript\">\n                jQuery(document).ready(function($) {\n                    var mpAccordion = $(\".motopress-accordion-obj#69f610f95cf4c\");\n                    if (mpAccordion.data(\"uiAccordion\")) {\n                        mpAccordion.accordion(\"destroy\");\n                    }\n                    mpAccordion.accordion({\n                        active: false,\n                        collapsible: true,\n                        header: \"> div > h3\",\n                        heightStyle: \"content\"\n                    });\n                });\n                <\/script><\/p>\n<\/div>\n<\/div>\n<div class=\"mp-span6 motopress-clmn mpce-dsbl-margin-left mpce-dsbl-margin-right\">\n<div class=\"motopress-accordion-obj motopress-accordion motopress-accordion-light\" id=\"69f610f95cff7\">\n<div class=\"motopress-accordion-item\">\n<h3>Programmation 2015<\/h3>\n<div>\n<p style=\"text-align: justify;\">Soir\u00e9e de Solidarit\u00e9 aux R\u00e9fugi\u00e9s (en partenariat avec l\u2019Association Roxette &#8211; 07\/11) &#8211; Ester Rada (\u00e9thio-jazz \/ funk \/ soul \/ R\u2019n\u2019B \u2013 13\/11) &#8211; Kuku (soul afro-am\u00e9ricaine &#8211; 21\/11)<\/p>\n<p style=\"text-align: justify;\">Le Bal des Vari\u00e9tistes (en partenariat avec la Fondation du Doute &#8211; 04\/12) &#8211; \u00ab Enfants de L\u2019Anthropoc\u00e8ne \u00bb (documentaire en partenariat avec Cin\u00e9Fil &#8211; 06\/12) &#8211; \u00ab Femmes de Couleurs \u00bb de Siama Orosemane (one-woman show &#8211; 18\/12)<\/p>\n<\/div>\n<\/div>\n<p class=\"motopress-hide-script\"><script type=\"text\/javascript\">\n                jQuery(document).ready(function($) {\n                    var mpAccordion = $(\".motopress-accordion-obj#69f610f95cff7\");\n                    if (mpAccordion.data(\"uiAccordion\")) {\n                        mpAccordion.accordion(\"destroy\");\n                    }\n                    mpAccordion.accordion({\n                        active: false,\n                        collapsible: true,\n                        header: \"> div > h3\",\n                        heightStyle: \"content\"\n                    });\n                });\n                <\/script><\/p>\n<\/div>\n<\/div>\n<\/div>\n<\/div>\n<\/div>\n<div class=\"mp-row-fluid motopress-row mpce-dsbl-margin-left mpce-dsbl-margin-right\">\n<div class=\"mp-span12 motopress-clmn  mpce-dsbl-margin-left mpce-dsbl-margin-right\">\n<div class=\"motopress-image-obj motopress-text-align-left\"><img decoding=\"async\" src=\"http:\/\/maisondebegon.com\/wp-content\/uploads\/2016\/11\/Programmation-2013.jpg\" title=\"Mix&#039; Terres - Programmation 2013\" alt=\"La programmation de la Maison de B\u00e9gon cherche \u00e0 vous \u00e9mouvoir, vous faire d\u00e9couvrir, et vous rassembler autour d'un moment musical particulier et sympathique\" class=\"motopress-image-obj-basic mpce-dsbl-margin-left mpce-dsbl-margin-right mpce-dsbl-margin-top mpce-dsbl-margin-bottom\" \/><\/div>\n<\/div>\n<\/div>\n<div class=\"mp-row-fluid motopress-row mpce-dsbl-margin-left mpce-dsbl-margin-right\">\n<div class=\"mp-span6 motopress-clmn  mpce-dsbl-margin-left mpce-dsbl-margin-right\">\n<div class=\"motopress-accordion-obj motopress-accordion motopress-accordion-light\" id=\"69f610f95d4bd\">\n<div class=\"motopress-accordion-item\">\n<h3>Programmation 2014<\/h3>\n<div>\n<p style=\"text-align: justify;\">Natalia Doco (pop argentine &#8211; 09\/10) &#8211; Mood (pop exp\u00e9rimentale &#8211; 24\/10)<\/p>\n<p style=\"text-align: justify;\">\u00ab\u00a0Vers Toi, Terre Promise\u00a0\u00bb du Th\u00e9\u00e2tre de l\u2019\u00c9pi (trag\u00e9die dentaire de Jean-Claude Grumberg &#8211; 15 et 16\/11) &#8211; Banned From Utopia + Masterclass (musique de Frank Zappa &#8211; 29\/11) &#8211; Zappy Birthday Mister Frank + Banned From Utopia (30\/11)<\/p>\n<p style=\"text-align: justify;\">Shaolin Temple Defenders (soul \/ funk &#8211; 05\/12) &#8211; \u00ab\u00a0Alegria\u00a0\u00bb de la Cie Flamenkitas + bal espagnol (danse flamenco &#8211; 19\/12)<\/p>\n<\/div>\n<\/div>\n<p class=\"motopress-hide-script\"><script type=\"text\/javascript\">\n                jQuery(document).ready(function($) {\n                    var mpAccordion = $(\".motopress-accordion-obj#69f610f95d4bd\");\n                    if (mpAccordion.data(\"uiAccordion\")) {\n                        mpAccordion.accordion(\"destroy\");\n                    }\n                    mpAccordion.accordion({\n                        active: false,\n                        collapsible: true,\n                        header: \"> div > h3\",\n                        heightStyle: \"content\"\n                    });\n                });\n                <\/script><\/p>\n<\/div>\n<\/div>\n<div class=\"mp-span6 motopress-clmn  mpce-dsbl-margin-left mpce-dsbl-margin-right\">\n<div class=\"motopress-accordion-obj motopress-accordion motopress-accordion-light\" id=\"69f610f95d4fd\">\n<div class=\"motopress-accordion-item\">\n<h3>Programmation 2013<\/h3>\n<div>\n<p style=\"text-align: justify;\">Ras Daniel Ray &amp; Tu Shung Peng + 1<sup>\u00e8re<\/sup> partie (musique reggae &#8211; 25\/01)<\/p>\n<p style=\"text-align: justify;\">\u00ab\u00a0L\u2019Enfant Roi\u00a0\u00bb de la Cie Balle Rouge (op\u00e9ra d\u2019objets &#8211; 08\/02)<\/p>\n<p style=\"text-align: justify;\">Chet Nuneta + 1<sup>\u00e8re<\/sup> partie (polyphonies d\u2019ailleurs &#8211; 08\/03) &#8211; Christine Salem + 1<sup>\u00e8re<\/sup> partie (musique maloya &#8211; 29\/03)<\/p>\n<\/div>\n<\/div>\n<p class=\"motopress-hide-script\"><script type=\"text\/javascript\">\n                jQuery(document).ready(function($) {\n                    var mpAccordion = $(\".motopress-accordion-obj#69f610f95d4fd\");\n                    if (mpAccordion.data(\"uiAccordion\")) {\n                        mpAccordion.accordion(\"destroy\");\n                    }\n                    mpAccordion.accordion({\n                        active: false,\n                        collapsible: true,\n                        header: \"> div > h3\",\n                        heightStyle: \"content\"\n                    });\n                });\n                <\/script><\/p>\n<\/div>\n<\/div>\n<\/div>\n<div class=\"mp-row-fluid motopress-row mpce-dsbl-margin-left mpce-dsbl-margin-right\">\n<div class=\"mp-span12 motopress-clmn  mpce-dsbl-margin-left mpce-dsbl-margin-right\">\n<div class=\"motopress-image-obj motopress-text-align-left\"><img decoding=\"async\" src=\"http:\/\/maisondebegon.com\/wp-content\/uploads\/2016\/11\/Programmation-2011-2012.jpg\" title=\"Mix&#039; Terres - Programmation 2011-2012\" alt=\"La Maison de B\u00e9gon s'attache autant \u00e0 promouvoir les groupes locaux qu'internationnaux\" class=\"motopress-image-obj-basic mpce-dsbl-margin-left mpce-dsbl-margin-right mpce-dsbl-margin-top mpce-dsbl-margin-bottom\" \/><\/div>\n<\/div>\n<\/div>\n<div class=\"mp-row-fluid motopress-row mpce-dsbl-margin-left mpce-dsbl-margin-right\">\n<div class=\"mp-span6 motopress-clmn  mpce-dsbl-margin-left mpce-dsbl-margin-right\">\n<div class=\"motopress-accordion-obj motopress-accordion motopress-accordion-light\" id=\"69f610f95d94f\">\n<div class=\"motopress-accordion-item\">\n<h3>Programmation 2012<\/h3>\n<div>\n<p style=\"text-align: justify;\">Flavia Coehlo + Alee (bossamuffin &amp; chanson &#8211; 13\/01) &#8211; Ornette + 1<sup>\u00e8re<\/sup> partie (musique pop &#8211; 27\/01)<\/p>\n<p style=\"text-align: justify;\">\u00ab Buno \u00bb de la Cie Auruspice Circus (circus comique &#8211; 03\/02)<\/p>\n<p style=\"text-align: justify;\">Ablaye Thiossane + Souleiman Barry (musique afro-cubaine &#8211; 17\/02)<\/p>\n<p style=\"text-align: justify;\">Jazz on the Park \u00bb de la Cie Figure2Style (danse hip-hop &#8211; 16\/03) &#8211; Charles Pasi (musique soul blues &#8211; 30\/03)<\/p>\n<p style=\"text-align: justify;\">M\u00e9lissmell + S\u00e8ve Duo (chanson &#8211; 06\/04) &#8211; \u00ab Flamenco Y Purpo \u00bb de la Cie Flamenco Vivo Luis de la Carrasca (danse flamenco &#8211; 21\/04)<\/p>\n<p style=\"text-align: justify;\">Soir\u00e9e Saka Voix (performance improvisation &#8211; 04\/06)<\/p>\n<\/div>\n<\/div>\n<p class=\"motopress-hide-script\"><script type=\"text\/javascript\">\n                jQuery(document).ready(function($) {\n                    var mpAccordion = $(\".motopress-accordion-obj#69f610f95d94f\");\n                    if (mpAccordion.data(\"uiAccordion\")) {\n                        mpAccordion.accordion(\"destroy\");\n                    }\n                    mpAccordion.accordion({\n                        active: false,\n                        collapsible: true,\n                        header: \"> div > h3\",\n                        heightStyle: \"content\"\n                    });\n                });\n                <\/script><\/p>\n<\/div>\n<\/div>\n<div class=\"mp-span6 motopress-clmn  mpce-dsbl-margin-left mpce-dsbl-margin-right\">\n<div class=\"motopress-accordion-obj motopress-accordion motopress-accordion-light\" id=\"69f610f95d99f\">\n<div class=\"motopress-accordion-item\">\n<h3>Programmation 2011<\/h3>\n<div>\n<p style=\"text-align: justify;\">Macir\u00e9 Sylla (musique world &#8211; 01\/10) &#8211; Ben Mazu\u00e9 + Random Recipe (chanson soul hip-hop &#8211; 21\/10)<\/p>\n<p style=\"text-align: justify;\">\u00ab\u00a0Pour un Oui ou pour un Non\u00a0\u00bb &amp; \u00ab\u00a0Les Pr\u00e9cieuses Ridicules\u00a0\u00bb par le Th\u00e9\u00e2tre de l\u2019\u00c9pi (th\u00e9\u00e2tre &#8211; 04 &amp; 05\/11) &#8211; \u00ab\u00a0Espoir d\u2019Eau\u00a0\u00bb d\u2019Alain Girodet (th\u00e9\u00e2tre &#8211; 17\/11) &#8211; \u00c9ric McFadden + Delta (en coproduction avec l\u2019Association Roxette &#8211; blues rock &#8211; 25\/11)<\/p>\n<p style=\"text-align: justify;\">Wilko Johnson + Chillidogs (en coproduction avec l\u2019Association Roxette &#8211; pub rock &#8211; 03\/12) &#8211; Ateliers de Cr\u00e9ation (tous styles &#8211; 16\/12)<\/p>\n<\/div>\n<\/div>\n<p class=\"motopress-hide-script\"><script type=\"text\/javascript\">\n                jQuery(document).ready(function($) {\n                    var mpAccordion = $(\".motopress-accordion-obj#69f610f95d99f\");\n                    if (mpAccordion.data(\"uiAccordion\")) {\n                        mpAccordion.accordion(\"destroy\");\n                    }\n                    mpAccordion.accordion({\n                        active: false,\n                        collapsible: true,\n                        header: \"> div > h3\",\n                        heightStyle: \"content\"\n                    });\n                });\n                <\/script><\/p>\n<\/div>\n<\/div>\n<\/div>\n<div class=\"mp-row-fluid motopress-row mpce-dsbl-margin-left mpce-dsbl-margin-right\">\n<div class=\"mp-span12 motopress-clmn  mpce-dsbl-margin-left mpce-dsbl-margin-right\">\n<div class=\"motopress-image-obj motopress-text-align-left\"><img decoding=\"async\" src=\"http:\/\/maisondebegon.com\/wp-content\/uploads\/2016\/11\/Programmation-2010.jpg\" title=\"Mix&#039; Terres - Programmation 2010\" alt=\"La Maison de B\u00e9gon est \u00e9galament un tremplin pour les jeunes talents\" class=\"motopress-image-obj-basic mpce-dsbl-margin-left mpce-dsbl-margin-right mpce-dsbl-margin-top mpce-dsbl-margin-bottom\" \/><\/div>\n<\/div>\n<\/div>\n<div class=\"mp-row-fluid motopress-row mpce-dsbl-margin-left mpce-dsbl-margin-right\">\n<div class=\"mp-span6 motopress-clmn  mpce-dsbl-margin-left mpce-dsbl-margin-right\">\n<div class=\"motopress-accordion-obj motopress-accordion motopress-accordion-light\" id=\"69f610f95de04\">\n<div class=\"motopress-accordion-item\">\n<h3>Programmation 2010<\/h3>\n<div>\n<p style=\"text-align: justify;\">Karimouche (chanson fran\u00e7aise \/ hip-hop &#8211; 15\/01) &#8211; Le Kawa des Arts (Kawa des Cultures Urbaines &#8211; 23\/01) &#8211; Naosol &amp; The Waxx Blend (musique folk rock &#8211; 29\/01)<\/p>\n<p style=\"text-align: justify;\">Amazing Kateb (musique fusion world &#8211; 19\/02) &#8211; \u00ab Noun \u00bb de la Cie Tellurgie (danse orientale contemporaine &#8211; 27\/02)<\/p>\n<p style=\"text-align: justify;\">The Riots (musique reggae &#8211; 13\/03) &#8211; \u00ab A Block ! \u00bb de Thomas Ngijol (one-man show &#8211; 19 &amp; 20\/03)<\/p>\n<p style=\"text-align: justify;\">MXCie (musique berry \/ balkans &#8211; 10\/04) &#8211; Melissa Laveaux (musique soul folk &#8211; 23\/04) &#8211; \u00ab Twins \u00bb de la Cie du Voile D\u00e9chir\u00e9 (danse hip-hop &#8211; 30\/04)<\/p>\n<p style=\"text-align: justify;\">Watcha Clan (musique \u00e9lectro world &#8211; 07\/05)<\/p>\n<p style=\"text-align: justify;\">Kaddy Diarra (musique griot \/ afro beat &#8211; 11\/06)<\/p>\n<p style=\"text-align: justify;\">Kacques Trupin &amp; le Quatuor \u00e0 Cordes (musique tango &#8211; 10\/09)<\/p>\n<\/div>\n<\/div>\n<p class=\"motopress-hide-script\"><script type=\"text\/javascript\">\n                jQuery(document).ready(function($) {\n                    var mpAccordion = $(\".motopress-accordion-obj#69f610f95de04\");\n                    if (mpAccordion.data(\"uiAccordion\")) {\n                        mpAccordion.accordion(\"destroy\");\n                    }\n                    mpAccordion.accordion({\n                        active: false,\n                        collapsible: true,\n                        header: \"> div > h3\",\n                        heightStyle: \"content\"\n                    });\n                });\n                <\/script><\/p>\n<\/div>\n<\/div>\n<div class=\"mp-span6 motopress-clmn  mpce-dsbl-margin-left mpce-dsbl-margin-right\">\n<div class=\"motopress-accordion-obj motopress-accordion motopress-accordion-light\" id=\"69f610f95de46\">\n<div class=\"motopress-accordion-item\">\n<h3>Programmation 2009<\/h3>\n<div>\n<p style=\"text-align: justify;\">Tables de Discussion en Espagnol &amp; Italien + Bal \u00c0 Lire (spectacle &#8211; 08\/01) &#8211; Pictionnary de toutes les Langues\u2026 ou Presque (soir\u00e9e jeux &#8211; 15\/01) &#8211; Tables de Discussion en Arm\u00e9nien &amp; Esp\u00e9ranto + Huit Ans Autour du Monde (conf\u00e9rence \/ d\u00e9bat &#8211; 22\/01) &#8211; Pliss\u00e9 Soleil (spectacle de danse afro contemporaine &#8211; 23\/01) &#8211; Tables de Discussion en Indi &amp; Anglais + Initiation \u00e0 la Calligraphie en Indi &amp; Gujarati (29\/01) &#8211; Sophia Aram (one-woman show &#8211; 30\/01)<\/p>\n<p style=\"text-align: justify;\">Tables de Discussion en Fran\u00e7ais &amp; Occitan + L\u2019Occitan, une Langue pour Aujourd\u2019hui et Demain (conf\u00e9rence \/ d\u00e9bat &#8211; 05\/02) &#8211; Sandra N\u2019Kake (musique soul &#8211; 06\/02) &#8211; Tables de Discussion en Arabe &amp; Anglais + Le Retour \u00e0 Bagdad (lecture en Fran\u00e7ais &amp; Arabe &#8211; 12\/02) &#8211; Belote, Tarot\u2026 Toutes les Cartes\u2026 ou Presque (soir\u00e9e jeux &#8211; 19\/01) &#8211; Davy Sicard (musique maloya kabos\u00e9 &#8211; 20\/02) &#8211; \u00ab\u00a0Tais-Toi Loup\u00a0!\u00a0\u00bb (spectacle pour enfants parl\u00e9 et sign\u00e9 &#8211; 26\/02)<\/p>\n<p style=\"text-align: justify;\">Tables de Discussion en Italien &amp; Li Ngala + Lisapo\u00a0: Contes &amp; Musiques venus d\u2019Afrique (lecture &#8211; 05\/03) &#8211; Tables de Discussion en Arabe &amp; Espagnol + l\u2019Histoire de l\u2019\u00c9criture (conf\u00e9rence \/ d\u00e9bat &#8211; 12\/03) &#8211; So Kalmery (musique &#8211; 13\/03) &#8211; Kezako International\u2026 ou Presque (soir\u00e9e jeux &#8211; 19\/03) &#8211; Tables de Discussion en Arm\u00e9nien &amp; Anglais + musiques &amp; chants Arm\u00e9niens (19\/03) &#8211; Pad Brapaud Moujika (musique urban tzigan &#8211; 27\/03)<\/p>\n<p style=\"text-align: justify;\">Tables de Discussion en Hindi &amp; Esp\u00e9ranto + Parler Plusieurs Langues en Famille (conf\u00e9rence \/ d\u00e9bat &#8211; 02\/04) &#8211; Deng Deng\u00a0! (danse hip-hop contemporaine &#8211; 03\/04) &#8211; Tables de Discussion en Fran\u00e7ais &amp; Arabe + Initiation \u00e0 la Calligraphie Arabe &amp; Latine (09\/04) &#8211; Match\u2019 D\u2019Impro (th\u00e9\u00e2tre &#8211; 11\/04) &#8211; Tous les Pokers\u2026 ou Presque (soir\u00e9e jeux &#8211; 16\/04) &#8211; Improcession (musique \/ danse \/ th\u00e9\u00e2tre &#8211; 17\/04) &#8211; Gaspard &amp; Florette (spectacle de marionnette en Anglais &#8211; 23\/04) &#8211; Natyanjali (danse indienne &#8211; 25\/04) &#8211; Tables de Discussion en Langue des Signes &amp; Espagnol + D\u00e9couverte &amp; Initiation \u00e0 la Signographie (30\/04)<\/p>\n<p style=\"text-align: justify;\">Tables de Discussion en Turc &amp; Anglais + Concert Billingue en Turc &amp; Anglais (07\/05) &#8211; \u00ab\u00a0R\u00e9 R\u00e9 Percussions\u00a0\u00bb du Groz\u2019Orchestre des Wanted (musique percussions &#8211; 07, 08 et 10\/05) &#8211; Scrable dans toutes les Langues\u2026 ou Presque (soir\u00e9e jeux &#8211; 14\/05) &#8211; El Galfa (musique rock de la casbah &#8211; 15\/05)<\/p>\n<p style=\"text-align: justify;\">Tables de Discussion en Fran\u00e7ais &amp; Espagnol + Slam Session (04\/06) &#8211; Tables de Discussion en Esp\u00e9ranto &amp; Italien + Cl\u00f4ture de la Saison en Lecture Multilingue (11\/06) &#8211; \u00ab\u00a0Jeu Coop\u00e8re\u00a0\u00bb \u00e0 toutes les Personnes\u2026 TOUTES\u00a0! (soir\u00e9e jeux &#8211; 18\/06)<\/p>\n<\/div>\n<\/div>\n<p class=\"motopress-hide-script\"><script type=\"text\/javascript\">\n                jQuery(document).ready(function($) {\n                    var mpAccordion = $(\".motopress-accordion-obj#69f610f95de46\");\n                    if (mpAccordion.data(\"uiAccordion\")) {\n                        mpAccordion.accordion(\"destroy\");\n                    }\n                    mpAccordion.accordion({\n                        active: false,\n                        collapsible: true,\n                        header: \"> div > h3\",\n                        heightStyle: \"content\"\n                    });\n                });\n                <\/script><\/p>\n<\/div>\n<\/div>\n<\/div>\n<div class=\"mp-row-fluid motopress-row mpce-dsbl-margin-left mpce-dsbl-margin-right\">\n<div class=\"mp-span12 motopress-clmn  mpce-dsbl-margin-left mpce-dsbl-margin-right\">\n<div class=\"motopress-image-obj motopress-text-align-left\"><img decoding=\"async\" src=\"http:\/\/maisondebegon.com\/wp-content\/uploads\/2016\/11\/Programmation-2009.jpg\" title=\"Mix&#039; Terres - Programmation 2009\" alt=\"La Maison de B\u00e9gon programme des artistes de tous les horizons\" class=\"motopress-image-obj-basic mpce-dsbl-margin-left mpce-dsbl-margin-right mpce-dsbl-margin-top mpce-dsbl-margin-bottom\" \/><\/div>\n<\/div>\n<\/div>\n","protected":false},"excerpt":{"rendered":"","protected":false},"author":1,"featured_media":0,"parent":0,"menu_order":0,"comment_status":"closed","ping_status":"closed","template":"","meta":{"_uag_custom_page_level_css":"","_wp_convertkit_post_meta":{"form":"-1","landing_page":"0","tag":"0","restrict_content":"0"},"jetpack_post_was_ever_published":false,"footnotes":""},"class_list":["post-1558","page","type-page","status-publish","czr-hentry"],"uagb_featured_image_src":{"full":false,"thumbnail":false,"medium":false,"medium_large":false,"large":false,"1536x1536":false,"2048x2048":false,"depicter-thumbnail":false,"tc-grid-full":false,"tc-grid":false,"tc-thumb":false,"slider-full":false,"slider":false,"sendpress-max":false},"uagb_author_info":{"display_name":"Maison de B\u00e9gon","author_link":"http:\/\/maisondebegon.com\/author\/maisonb\/"},"uagb_comment_info":0,"uagb_excerpt":null,"jetpack_sharing_enabled":true,"_links":{"self":[{"href":"http:\/\/maisondebegon.com\/index.php\/wp-json\/wp\/v2\/pages\/1558","targetHints":{"allow":["GET"]}}],"collection":[{"href":"http:\/\/maisondebegon.com\/index.php\/wp-json\/wp\/v2\/pages"}],"about":[{"href":"http:\/\/maisondebegon.com\/index.php\/wp-json\/wp\/v2\/types\/page"}],"author":[{"embeddable":true,"href":"http:\/\/maisondebegon.com\/index.php\/wp-json\/wp\/v2\/users\/1"}],"replies":[{"embeddable":true,"href":"http:\/\/maisondebegon.com\/index.php\/wp-json\/wp\/v2\/comments?post=1558"}],"version-history":[{"count":20,"href":"http:\/\/maisondebegon.com\/index.php\/wp-json\/wp\/v2\/pages\/1558\/revisions"}],"predecessor-version":[{"id":4760,"href":"http:\/\/maisondebegon.com\/index.php\/wp-json\/wp\/v2\/pages\/1558\/revisions\/4760"}],"wp:attachment":[{"href":"http:\/\/maisondebegon.com\/index.php\/wp-json\/wp\/v2\/media?parent=1558"}],"curies":[{"name":"wp","href":"https:\/\/api.w.org\/{rel}","templated":true}]}}