{"id":1397,"date":"2016-10-28T10:26:55","date_gmt":"2016-10-28T08:26:55","guid":{"rendered":"http:\/\/maisondebegon.com\/wordpress\/?page_id=1397"},"modified":"2022-05-10T17:12:54","modified_gmt":"2022-05-10T15:12:54","slug":"le-projet-wanted","status":"publish","type":"page","link":"http:\/\/maisondebegon.com\/index.php\/le-projet-wanted\/","title":{"rendered":"Le Projet Wanted"},"content":{"rendered":"<div class=\"mp-row-fluid motopress-row mpce-dsbl-margin-left mpce-dsbl-margin-right\">\n<div class=\"mp-span12 motopress-clmn  mpce-dsbl-margin-left mpce-dsbl-margin-right\">\n<div class=\"motopress-image-obj motopress-text-align-left\"><a href=\"http:\/\/maisondebegon.com\/index.php\/wanted-metamorphoses\/\" target=\"_self\"><img decoding=\"async\" src=\"http:\/\/maisondebegon.com\/wp-content\/uploads\/2016\/06\/WANTED-2022-1920x1080.jpg\" title=\"WANTED 2022-1920x1080\" alt=\"WANTED 2022-1920x1080\" class=\"motopress-image-obj-basic mpce-dsbl-margin-left mpce-dsbl-margin-right mpce-dsbl-margin-top mpce-dsbl-margin-bottom\" \/><\/a><\/div>\n<\/div>\n<\/div>\n<div class=\"mp-row-fluid motopress-row mpce-dsbl-margin-left mpce-dsbl-margin-right\">\n<div class=\"mp-span12 motopress-clmn  mpce-dsbl-margin-left mpce-dsbl-margin-right motopress-margin-bottom-10\">\n<div class=\"motopress-text-obj\">\n<h3 style=\"text-align: center;\"><span style=\"color: #e10707;\"><strong>Un projet collectif humain et artistique autour des percussions<\/strong><\/span><\/h3>\n<\/div>\n<\/div>\n<\/div>\n<div class=\"mp-row-fluid motopress-row mpce-dsbl-margin-left mpce-dsbl-margin-right\">\n<div class=\"mp-span2 motopress-clmn  mpce-dsbl-margin-left mpce-dsbl-margin-right  motopress-space\" style=\"min-height: 270px;\">\n<div class=\"motopress-space-obj mpce-dsbl-background-image-type mpce-dsbl-background-image mpce-dsbl-background-gradient mpce-dsbl-background-position mpce-dsbl-background-position-x mpce-dsbl-background-position-y mpce-dsbl-background-repeat mpce-dsbl-background-size mpce-dsbl-background-attachment mpce-dsbl-margin-left mpce-dsbl-margin-right mpce-dsbl-background-color mpce-dsbl-border-top-width mpce-dsbl-border-bottom-width mpce-dsbl-border-left-width mpce-dsbl-border-right-width mpce-dsbl-border-top-left-radius mpce-dsbl-border-top-right-radius mpce-dsbl-border-bottom-left-radius mpce-dsbl-border-bottom-right-radius mpce-dsbl-border-style mpce-dsbl-border-color mpce-dsbl-padding-left mpce-dsbl-padding-right mpce-dsbl-margin-top mpce-dsbl-margin-bottom mpce-dsbl-color\">\n<div><\/div>\n<\/div>\n<\/div>\n<div class=\"mp-span10 motopress-clmn  mpce-dsbl-margin-left mpce-dsbl-margin-right\">\n<div class=\"mp-row-fluid motopress-row mpce-dsbl-margin-left mpce-dsbl-margin-right\">\n<div class=\"mp-span12 motopress-clmn mpce-dsbl-margin-left mpce-dsbl-margin-right  motopress-space\">\n<div class=\"motopress-space-obj mpce-dsbl-background-image-type mpce-dsbl-background-image mpce-dsbl-background-gradient mpce-dsbl-background-position mpce-dsbl-background-position-x mpce-dsbl-background-position-y mpce-dsbl-background-repeat mpce-dsbl-background-size mpce-dsbl-background-attachment mpce-dsbl-margin-left mpce-dsbl-margin-right mpce-dsbl-background-color mpce-dsbl-border-top-width mpce-dsbl-border-bottom-width mpce-dsbl-border-left-width mpce-dsbl-border-right-width mpce-dsbl-border-top-left-radius mpce-dsbl-border-top-right-radius mpce-dsbl-border-bottom-left-radius mpce-dsbl-border-bottom-right-radius mpce-dsbl-border-style mpce-dsbl-border-color mpce-dsbl-padding-left mpce-dsbl-padding-right mpce-dsbl-margin-top mpce-dsbl-margin-bottom mpce-dsbl-color\">\n<div><\/div>\n<\/div>\n<\/div>\n<\/div>\n<div class=\"mp-row-fluid motopress-row mpce-dsbl-margin-left mpce-dsbl-margin-right\">\n<div class=\"mp-span9 motopress-clmn mpce-dsbl-margin-left mpce-dsbl-margin-right\">\n<div class=\"motopress-video-obj\"><iframe src=\"\/\/www.youtube.com\/embed\/SOlIJHSbEZ4?wmode=opaque\" class=\" mpce-dsbl-margin-left mpce-dsbl-margin-right mpce-dsbl-margin-top mpce-dsbl-margin-bottom\" frameborder=\"0\" webkitallowfullscreen mozallowfullscreen allowfullscreen><\/iframe><\/div>\n<\/div>\n<div class=\"mp-span3 motopress-clmn mpce-dsbl-margin-left mpce-dsbl-margin-right  motopress-empty mp-hidden-phone\">\n<\/div>\n<\/div>\n<\/div>\n<\/div>\n<div class=\"mp-row-fluid motopress-row mpce-dsbl-margin-left mpce-dsbl-margin-right\">\n<div class=\"mp-span12 motopress-clmn  mpce-dsbl-margin-left mpce-dsbl-margin-right  motopress-space\">\n<div class=\"motopress-space-obj mpce-dsbl-background-image-type mpce-dsbl-background-image mpce-dsbl-background-gradient mpce-dsbl-background-position mpce-dsbl-background-position-x mpce-dsbl-background-position-y mpce-dsbl-background-repeat mpce-dsbl-background-size mpce-dsbl-background-attachment mpce-dsbl-margin-left mpce-dsbl-margin-right mpce-dsbl-background-color mpce-dsbl-border-top-width mpce-dsbl-border-bottom-width mpce-dsbl-border-left-width mpce-dsbl-border-right-width mpce-dsbl-border-top-left-radius mpce-dsbl-border-top-right-radius mpce-dsbl-border-bottom-left-radius mpce-dsbl-border-bottom-right-radius mpce-dsbl-border-style mpce-dsbl-border-color mpce-dsbl-padding-left mpce-dsbl-padding-right mpce-dsbl-margin-top mpce-dsbl-margin-bottom mpce-dsbl-color\">\n<div><\/div>\n<\/div>\n<\/div>\n<\/div>\n<div class=\"mp-row-fluid motopress-row mpce-dsbl-margin-left mpce-dsbl-margin-right\">\n<div class=\"mp-span12 motopress-clmn  mpce-dsbl-margin-left mpce-dsbl-margin-right motopress-margin-top-10 motopress-margin-bottom-10\">\n<div class=\"motopress-text-obj\">\n<p style=\"text-align: justify;\"><span style=\"font-size: 16px;\">Le projet Wanted est une aventure cr\u00e9\u00e9e par la Maison de B\u00e9gon en 2003.<\/span><\/p>\n<p style=\"text-align: justify;\"><span style=\"font-size: 16px;\">Il est n\u00e9 de la volont\u00e9 de construire\u00a0<strong>un projet collectif<\/strong>\u00a0autour d\u2019une pratique musicale,\u00a0<strong>les percussions, ouvert \u00e0 toutes et \u00e0 tous,<\/strong> sans condition, permettant \u00e0 la fois une aventure artistique, des \u00e9changes des participants de milieux socio-professionnels, culturels, ethniques et g\u00e9ographiques diff\u00e9rents.<\/span><\/p>\n<p style=\"text-align: justify;\"><span style=\"font-size: 16px;\">L\u2019objectif final \u00e9tant de produire chaque cr\u00e9ation musicale sur sc\u00e8ne r\u00e9unissant entre 100 et 150 personnes.<\/span><\/p>\n<p style=\"text-align: justify;\"><span style=\"font-size: 16px;\">Wanted offre \u00e0 tou(te)s, hommes, femmes, enfants, familles, ami(e)s, percussionnistes ou pas, curieux, d\u00e9butants, initi\u00e9s, disponibles, motiv\u00e9s, avec ou sans instruments, la possibilit\u00e9 de participer \u00e0 ce projet, \u00e0 cette cr\u00e9ation et d\u2019y \u00e9voluer.<\/span><\/p>\n<p style=\"text-align: justify;\"><span style=\"font-size: 16px;\">De part son accessibilit\u00e9, son ouverture, le projet permet\u00a0<strong>le rassemblement, la rencontre de personnes de cultures diff\u00e9rentes, un brassage multi-g\u00e9n\u00e9rationnel, social\u00a0<\/strong>\u00e0 travers la musique et plus particuli\u00e8rement la percussion sous toutes ses formes, un \u00e9change de savoir entre les musiciens professionnels et amateurs.<\/span><\/p>\n<p style=\"text-align: justify;\"><span style=\"font-size: 16px;\">Les \u00ab\u00a0wanted\u00a0\u00bb \u00e9coutent, regardent, jouent, fabriquent pour apporter leur touche \u00e0 la cr\u00e9ation.\u00a0<strong>Chacun trouve sa place \u00e0 l\u2019int\u00e9rieur de ce grand groupe<\/strong>\u00a0et dans la composition musicale pour exister et faire vivre l\u2019ensemble\u00a0!<\/span><\/p>\n<p style=\"text-align: justify;\"><span style=\"font-size: 16px;\">Depuis 2003, c\u2019est plus de 850 personnes qui ont particip\u00e9 aux 6 cr\u00e9ations musicales, aux saveurs du Maghreb, d\u2019Afrique, d\u2019Asie, d\u2019Am\u00e9rique et plus de 13 000 spectateurs qui ont pu assister aux repr\u00e9sentations\u00a0!<\/span><\/p>\n<p style=\"text-align: justify;\"><span style=\"font-size: 16px;\">Apr\u00e8s avoir pr\u00e9sent\u00e9 \u00ab\u00a0Racines\u00b2\u00a0\u00bb dans la salle du Jeu de Paume de Blois en avril 2018 devant 2000 personnes, puis \u00ab\u00a0Le printemps des oiseaux\u00a0\u00bb sur le festival Mix&rsquo;Terres en 2019 devant 1200 spectateurs,\u00a0<strong>les Wanted se retrouvent pour une nouvelle aventure.<\/strong>\u00a0<\/span><\/p>\n<p style=\"text-align: justify;\"><span style=\"font-size: 16px;\">Cette nouvelle aventure, c&rsquo;est un d\u00e9fi ! C\u2019est\u00a0<strong>une nouvelle cr\u00e9ation<\/strong>\u00a0sur\u00a0une saison\u00a0pour\u00a0<strong>une\u00a0premi\u00e8re repr\u00e9sentation est pr\u00e9vue en juin 2022.<\/strong><\/span><\/p>\n<h4 style=\"text-align: center;\"><span style=\"color: #c5171a;\">Si vous voulez, vous aussi faire partie de l\u2019aventure, nous vous donnons rendez-vous tous les mardis soirs \u00e0 19h \u00e0 la Maison de B\u00e9gon pour d\u00e9couvrir le projet et peut-\u00eatre vous lancer !<\/span><\/h4>\n<\/div>\n<\/div>\n<\/div>\n<div class=\"mp-row-fluid motopress-row mpce-dsbl-margin-left mpce-dsbl-margin-right\">\n<div class=\"mp-span12 motopress-clmn  mpce-dsbl-margin-left mpce-dsbl-margin-right  motopress-space\">\n<div class=\"motopress-space-obj mpce-dsbl-background-image-type mpce-dsbl-background-image mpce-dsbl-background-gradient mpce-dsbl-background-position mpce-dsbl-background-position-x mpce-dsbl-background-position-y mpce-dsbl-background-repeat mpce-dsbl-background-size mpce-dsbl-background-attachment mpce-dsbl-margin-left mpce-dsbl-margin-right mpce-dsbl-background-color mpce-dsbl-border-top-width mpce-dsbl-border-bottom-width mpce-dsbl-border-left-width mpce-dsbl-border-right-width mpce-dsbl-border-top-left-radius mpce-dsbl-border-top-right-radius mpce-dsbl-border-bottom-left-radius mpce-dsbl-border-bottom-right-radius mpce-dsbl-border-style mpce-dsbl-border-color mpce-dsbl-padding-left mpce-dsbl-padding-right mpce-dsbl-margin-top mpce-dsbl-margin-bottom mpce-dsbl-color\">\n<div><\/div>\n<\/div>\n<\/div>\n<\/div>\n<div class=\"mp-row-fluid motopress-row mpce-dsbl-margin-left mpce-dsbl-margin-right\">\n<div class=\"mp-span12 motopress-clmn  mpce-dsbl-margin-left mpce-dsbl-margin-right motopress-margin-top-10\">\n<div class=\"motopress-text-obj\">\n<h3 style=\"text-align: center;\"><span style=\"color: #ff6600;\">Le d\u00e9fi est grand mais nous comptons sur votre soutien !<\/span><\/h3>\n<\/div>\n<\/div>\n<\/div>\n<div class=\"mp-row-fluid motopress-row mpce-dsbl-margin-left mpce-dsbl-margin-right\">\n<div class=\"mp-span12 motopress-clmn  mpce-dsbl-margin-left mpce-dsbl-margin-right\">\n<div class=\"motopress-image-obj motopress-text-align-center\"><img decoding=\"async\" src=\"http:\/\/maisondebegon.com\/wp-content\/uploads\/2018\/07\/WANTED-21042018_100-1024x662.jpg\" title=\"WANTED 21042018_100\" alt=\"WANTED 21042018_100\" class=\"motopress-image-obj-basic mpce-dsbl-margin-left mpce-dsbl-margin-right mpce-dsbl-margin-top mpce-dsbl-margin-bottom\" \/><\/div>\n<\/div>\n<\/div>\n","protected":false},"excerpt":{"rendered":"","protected":false},"author":1,"featured_media":0,"parent":0,"menu_order":0,"comment_status":"closed","ping_status":"closed","template":"","meta":{"_uag_custom_page_level_css":"","jetpack_post_was_ever_published":false,"footnotes":""},"class_list":["post-1397","page","type-page","status-publish","czr-hentry"],"uagb_featured_image_src":{"full":false,"thumbnail":false,"medium":false,"medium_large":false,"large":false,"1536x1536":false,"2048x2048":false,"depicter-thumbnail":false,"tc-grid-full":false,"tc-grid":false,"tc-thumb":false,"slider-full":false,"slider":false,"sendpress-max":false},"uagb_author_info":{"display_name":"Maison de B\u00e9gon","author_link":"http:\/\/maisondebegon.com\/author\/maisonb\/"},"uagb_comment_info":0,"uagb_excerpt":null,"jetpack_sharing_enabled":true,"jetpack_shortlink":"https:\/\/wp.me\/P7DqpT-mx","_links":{"self":[{"href":"http:\/\/maisondebegon.com\/index.php\/wp-json\/wp\/v2\/pages\/1397","targetHints":{"allow":["GET"]}}],"collection":[{"href":"http:\/\/maisondebegon.com\/index.php\/wp-json\/wp\/v2\/pages"}],"about":[{"href":"http:\/\/maisondebegon.com\/index.php\/wp-json\/wp\/v2\/types\/page"}],"author":[{"embeddable":true,"href":"http:\/\/maisondebegon.com\/index.php\/wp-json\/wp\/v2\/users\/1"}],"replies":[{"embeddable":true,"href":"http:\/\/maisondebegon.com\/index.php\/wp-json\/wp\/v2\/comments?post=1397"}],"version-history":[{"count":31,"href":"http:\/\/maisondebegon.com\/index.php\/wp-json\/wp\/v2\/pages\/1397\/revisions"}],"predecessor-version":[{"id":7614,"href":"http:\/\/maisondebegon.com\/index.php\/wp-json\/wp\/v2\/pages\/1397\/revisions\/7614"}],"wp:attachment":[{"href":"http:\/\/maisondebegon.com\/index.php\/wp-json\/wp\/v2\/media?parent=1397"}],"curies":[{"name":"wp","href":"https:\/\/api.w.org\/{rel}","templated":true}]}}