{"id":1349,"date":"2016-10-26T15:05:35","date_gmt":"2016-10-26T13:05:35","guid":{"rendered":"http:\/\/maisondebegon.com\/wordpress\/?page_id=1349"},"modified":"2019-04-29T19:43:59","modified_gmt":"2019-04-29T17:43:59","slug":"infos-pratiques","status":"publish","type":"page","link":"http:\/\/maisondebegon.com\/index.php\/infos-pratiques\/","title":{"rendered":"Maison de B\u00e9gon : Infos Pratiques"},"content":{"rendered":"<div class=\"mp-row-fluid motopress-row mpce-dsbl-margin-left mpce-dsbl-margin-right\">\n<div class=\"mp-span12 motopress-clmn  mpce-dsbl-margin-left mpce-dsbl-margin-right motopress-margin-bottom-10\">\n<div class=\"motopress-text-obj\">\n<h3 style=\"text-align: center;\"><span style=\"color: #e10707;\"><strong><span style=\"font-size: 24px;\">Adh\u00e9sion<\/span><\/strong><\/span><\/h3>\n<\/div>\n<\/div>\n<\/div>\n<div class=\"mp-row-fluid motopress-row mpce-dsbl-margin-left mpce-dsbl-margin-right\">\n<div class=\"mp-span6 motopress-clmn  mpce-dsbl-margin-left mpce-dsbl-margin-right\">\n<div class=\"motopress-text-obj\">\n<p class=\"paragraphstyle3\" style=\"margin: 0cm 0cm 0.0001pt; text-align: justify;\">Il est n\u00e9cessaire d\u2019\u00eatre adh\u00e9rent \u00e0 la Maison de B\u00e9gon pour s\u2019inscrire aux pratiques artistiques et cours de langue.<\/p>\n<p class=\"paragraphstyle3\" style=\"margin: 0cm 0cm 0.0001pt; text-align: justify;\">L\u2019adh\u00e9sion est valable du 1<span class=\"style2\"><sup>er<\/sup> <\/span>septembre de chaque ann\u00e9e jusqu\u2019au 31 ao\u00fbt de l\u2019ann\u00e9e suivante.<\/p>\n<ul>\n<li>Adh\u00e9sion familiale\u00a0: 15\u20ac<\/li>\n<li>Adh\u00e9sion moins de 25 ans individuelle\u00a0: 10\u20ac<\/li>\n<li>Adh\u00e9sion association\u00a0: 50\u20ac<\/li>\n<\/ul>\n<\/div>\n<\/div>\n<div class=\"mp-span6 motopress-clmn  mpce-dsbl-margin-left mpce-dsbl-margin-right\">\n<div class=\"motopress-text-obj\">\n<p style=\"text-align: justify;\"><span class=\"style1\"><span style=\"font-family: Abel; mso-bidi-font-family: 'Times New Roman';\"><span style=\"text-align: center; background-color: inherit; font-family: 'Josefin Sans';\">Cr\u00e9\u00e9e dans les ann\u00e9es 70 Avec l&rsquo;adh\u00e9sion vous b\u00e9n\u00e9ficiez du tarif r\u00e9duit sur les spectacles.<\/span><\/span><\/span><\/p>\n<p style=\"text-align: justify;\">L\u2019adh\u00e9sion vous permet \u00e9galement de participer \u00e0 la vie de l\u2019association en assistant \u00e0 l\u2019assembl\u00e9e G\u00e9n\u00e9rale, devenir ou \u00e9lire les membres du Conseil d\u2019administration.<\/p>\n<p style=\"text-align: justify;\">Pour devenir adh\u00e9rent, contactez\u00a0Majlinda : 02-54-43-35-36 ou <a href=\"mailto:accueil@maisondebegon.com\">accueil@maisondebegon.com<\/a><\/p>\n<\/div>\n<\/div>\n<\/div>\n<div class=\"mp-row-fluid motopress-row mpce-dsbl-margin-left mpce-dsbl-margin-right\">\n<div class=\"mp-span12 motopress-clmn  mpce-dsbl-margin-left mpce-dsbl-margin-right motopress-margin-top-10 motopress-margin-bottom-10\">\n<div class=\"motopress-image-obj motopress-text-align-left\"><img decoding=\"async\" src=\"http:\/\/maisondebegon.com\/wp-content\/uploads\/2016\/06\/Maison-de-Be\u0301gon-Header.jpg\" title=\"Maison de B\u00e9gon\" alt=\"Bienvenue sur le site de la Maison de B\u00e9gon, Culture du Monde, Monde des Cultures\" class=\"motopress-image-obj-basic mpce-dsbl-margin-left mpce-dsbl-margin-right mpce-dsbl-margin-top mpce-dsbl-margin-bottom\" \/><\/div>\n<\/div>\n<\/div>\n<div class=\"mp-row-fluid motopress-row mpce-dsbl-margin-left mpce-dsbl-margin-right\">\n<div class=\"mp-span6 motopress-clmn  mpce-dsbl-margin-left mpce-dsbl-margin-right motopress-margin-top-10 motopress-margin-bottom-10\">\n<div class=\"motopress-text-obj\">\n<h3 style=\"text-align: center;\"><span style=\"color: #e10707;\">Tarif des spectacles<\/span><\/h3>\n<\/div>\n<\/div>\n<div class=\"mp-span6 motopress-clmn  mpce-dsbl-margin-left mpce-dsbl-margin-right\">\n<div class=\"motopress-text-obj\">\n<h3 style=\"text-align: center;\"><span style=\"color: #e10707;\"><strong>R\u00e9seau billetterie<\/strong><\/span><\/h3>\n<\/div>\n<\/div>\n<\/div>\n<div class=\"mp-row-fluid motopress-row mpce-dsbl-margin-left mpce-dsbl-margin-right\">\n<div class=\"mp-span6 motopress-clmn  mpce-dsbl-margin-left mpce-dsbl-margin-right\">\n<div class=\"motopress-text-obj\">\n<p class=\"paragraphstyle3\" style=\"margin: 0cm; margin-bottom: .0001pt;\">Tarif r\u00e9duit :<\/p>\n<p class=\"paragraphstyle3\" style=\"margin: 0cm; margin-bottom: .0001pt;\">Adh\u00e9rents de la Maison de B\u00e9gon<\/p>\n<p class=\"paragraphstyle3\" style=\"margin: 0cm; margin-bottom: .0001pt;\">Pass Ville de Blois<\/p>\n<p class=\"paragraphstyle3\" style=\"margin: 0cm; margin-bottom: .0001pt;\">6\/17 ans<\/p>\n<p class=\"paragraphstyle3\" style=\"margin: 0cm; margin-bottom: .0001pt;\">\u00c9tudiants<\/p>\n<p class=\"paragraphstyle3\" style=\"margin: 0cm; margin-bottom: .0001pt;\">Ch\u00f4meurs<\/p>\n<p class=\"paragraphstyle3\" style=\"margin: 0cm; margin-bottom: .0001pt;\">RSA<\/p>\n<p class=\"paragraphstyle3\" style=\"margin: 0cm; margin-bottom: .0001pt;\">Gratuit pour les moins 6 ans.<\/p>\n<p class=\"paragraphstyle3\" style=\"margin: 0cm; margin-bottom: .0001pt;\">Billetterie est \u00e0 retirer sur place du lundi au vendredi aux heures d\u2019ouverture de la Maison de B\u00e9gon.<\/p>\n<p class=\"paragraphstyle3\" style=\"margin: 0cm; margin-bottom: .0001pt;\">Les ch\u00e9quiers CLARC et les passeports Temps libre de la CAF sont accept\u00e9s.<\/p>\n<p class=\"paragraphstyle3\" style=\"margin: 0cm; margin-bottom: .0001pt;\">Modes de paiements accept\u00e9s : Ch\u00e8ques, esp\u00e8ces et carte bancaire.<\/p>\n<\/div>\n<\/div>\n<div class=\"mp-span6 motopress-clmn  mpce-dsbl-margin-left mpce-dsbl-margin-right\">\n<div class=\"motopress-text-obj\">\n<p><span style=\"font-family: Abel; font-size: 15px;\"><span style=\"text-align: justify; background-color: inherit; font-family: 'Josefin Sans';\">Il est n\u00e9cessaire<\/span><\/span><\/p>\n<p>Acheter vos billets sur les r\u00e9seaux\u00a0:<\/p>\n<p>FNAC, Carrefour, Magasins U, G\u00e9ant, Intermarch\u00e9, Strator, Devlyx : 0 892 68 36 22 (0,34\u20ac\/min), <a title=\"http:\/\/www.fnac.com\" href=\"http:\/\/www.fnac.com\" target=\"_blank\" rel=\"noopener\"><span style=\"color: windowtext; text-decoration: none;\">www.fnac.com<\/span><\/a> \/ <a title=\"http:\/\/www.carrefour.fr\" href=\"http:\/\/www.carrefour.fr\" target=\"_blank\" rel=\"noopener\"><span style=\"color: windowtext; text-decoration: none;\">www.carrefour.fr<\/span><\/a> \/ <span style=\"color: windowtext; text-decoration: none;\"><a title=\"http:\/\/www.francebillet.com\" href=\"http:\/\/www.francebillet.com\" target=\"_blank\" rel=\"noopener\">www.francebillet.com<\/a><\/span><\/p>\n<p>Ticketmater\u00a0: Auchan, E.Leclerc, Cultura, Cora, Furet du Nord\u00a0: <a title=\"http:\/\/www.ticketnet.fr\" href=\"http:\/\/www.ticketnet.fr\" target=\"_blank\" rel=\"noopener\"><span style=\"color: windowtext; text-decoration: none;\">www.ticketmaster.fr<\/span><\/a>, R\u00e9servation t\u00e9l\u00e9phonique\u00a0: 0 892 390 100 (0,34 \u20ac\/min).<\/p>\n<p><a title=\"http:\/\/www.moxity.com\" href=\"http:\/\/www.moxity.com\" target=\"_blank\" rel=\"noopener\"><span style=\"color: windowtext; text-decoration: none;\">www.moxity.com<\/span><\/a> (e-ticket)<\/p>\n<p><a title=\"http:\/\/www.yuticket.com\" href=\"http:\/\/www.yuticket.com\" target=\"_blank\" rel=\"noopener\"><span style=\"color: windowtext; text-decoration: none;\">www.yuticket.com<\/span><\/a> (e-ticket)<\/p>\n<p>Info\u00a0: les billets achet\u00e9s sur le r\u00e9seau sont au tarif normal et font l\u2019objet d\u2019une majoration.<\/p>\n<p>Ouverture des portes 30min avant l&rsquo;heure du spectacle.<\/p>\n<\/div>\n<\/div>\n<\/div>\n","protected":false},"excerpt":{"rendered":"","protected":false},"author":1,"featured_media":0,"parent":0,"menu_order":0,"comment_status":"closed","ping_status":"closed","template":"","meta":{"_uag_custom_page_level_css":"","_wp_convertkit_post_meta":{"form":"-1","landing_page":"0","tag":"0","restrict_content":"0"},"footnotes":""},"class_list":["post-1349","page","type-page","status-publish","czr-hentry"],"uagb_featured_image_src":{"full":false,"thumbnail":false,"medium":false,"medium_large":false,"large":false,"1536x1536":false,"2048x2048":false,"depicter-thumbnail":false,"tc-grid-full":false,"tc-grid":false,"tc-thumb":false,"slider-full":false,"slider":false,"sendpress-max":false},"uagb_author_info":{"display_name":"Maison de B\u00e9gon","author_link":"http:\/\/maisondebegon.com\/author\/maisonb\/"},"uagb_comment_info":0,"uagb_excerpt":null,"jetpack_sharing_enabled":true,"_links":{"self":[{"href":"http:\/\/maisondebegon.com\/index.php\/wp-json\/wp\/v2\/pages\/1349","targetHints":{"allow":["GET"]}}],"collection":[{"href":"http:\/\/maisondebegon.com\/index.php\/wp-json\/wp\/v2\/pages"}],"about":[{"href":"http:\/\/maisondebegon.com\/index.php\/wp-json\/wp\/v2\/types\/page"}],"author":[{"embeddable":true,"href":"http:\/\/maisondebegon.com\/index.php\/wp-json\/wp\/v2\/users\/1"}],"replies":[{"embeddable":true,"href":"http:\/\/maisondebegon.com\/index.php\/wp-json\/wp\/v2\/comments?post=1349"}],"version-history":[{"count":15,"href":"http:\/\/maisondebegon.com\/index.php\/wp-json\/wp\/v2\/pages\/1349\/revisions"}],"predecessor-version":[{"id":2132,"href":"http:\/\/maisondebegon.com\/index.php\/wp-json\/wp\/v2\/pages\/1349\/revisions\/2132"}],"wp:attachment":[{"href":"http:\/\/maisondebegon.com\/index.php\/wp-json\/wp\/v2\/media?parent=1349"}],"curies":[{"name":"wp","href":"https:\/\/api.w.org\/{rel}","templated":true}]}}