{"id":1079,"date":"2016-10-21T09:30:45","date_gmt":"2016-10-21T08:30:45","guid":{"rendered":"http:\/\/maisondebegon.com\/wordpress\/?page_id=1079"},"modified":"2025-07-10T15:05:32","modified_gmt":"2025-07-10T13:05:32","slug":"stages","status":"publish","type":"page","link":"http:\/\/maisondebegon.com\/index.php\/stages\/","title":{"rendered":"Ateliers de danse contemporaine"},"content":{"rendered":"<div class=\"mp-row-fluid motopress-row mpce-dsbl-margin-left mpce-dsbl-margin-right\">\n<div class=\"mp-span12 motopress-clmn  mpce-dsbl-margin-left mpce-dsbl-margin-right  motopress-space\">\n<div class=\"motopress-space-obj mpce-dsbl-background-image-type mpce-dsbl-background-image mpce-dsbl-background-gradient mpce-dsbl-background-position mpce-dsbl-background-position-x mpce-dsbl-background-position-y mpce-dsbl-background-repeat mpce-dsbl-background-size mpce-dsbl-background-attachment mpce-dsbl-margin-left mpce-dsbl-margin-right mpce-dsbl-background-color mpce-dsbl-border-top-width mpce-dsbl-border-bottom-width mpce-dsbl-border-left-width mpce-dsbl-border-right-width mpce-dsbl-border-top-left-radius mpce-dsbl-border-top-right-radius mpce-dsbl-border-bottom-left-radius mpce-dsbl-border-bottom-right-radius mpce-dsbl-border-style mpce-dsbl-border-color mpce-dsbl-padding-left mpce-dsbl-padding-right mpce-dsbl-margin-top mpce-dsbl-margin-bottom mpce-dsbl-color\">\n<div><\/div>\n<\/div>\n<\/div>\n<\/div>\n<div class=\"mp-row-fluid motopress-row mpce-dsbl-margin-left mpce-dsbl-margin-right\">\n<div class=\"mp-span12 motopress-clmn  mpce-dsbl-margin-left mpce-dsbl-margin-right\">\n<div class=\"motopress-text-obj\">\n<h3 style=\"text-align: left;\"><span style=\"color: #ff6600;\"><span style=\"font-weight: bold;\">Ateliers de Danse Contemporaine<\/span><\/span><\/h3>\n<\/div>\n<\/div>\n<\/div>\n<div class=\"mp-row-fluid motopress-row mpce-dsbl-margin-left mpce-dsbl-margin-right\">\n<div class=\"mp-span12 motopress-clmn  mpce-dsbl-margin-left mpce-dsbl-margin-right\">\n<div class=\"motopress-text-obj\">\n<p><span style=\"color: #ff0000; font-size: 18px;\">La M\u00e9canique du Bonheur<\/span> propose des ateliers de danse contemporaine pour danser \u00e0 50, 60, 70, 80 ans\u2026<\/p>\n<p>&nbsp;<\/p>\n<p><span style=\"font-size: 18px;\">&gt; L\u2019atelier A<\/span> \u2013 Pour celles et ceux qui ont d\u00e9j\u00e0 une exp\u00e9rience ou qui souhaite approfondir leurs acquis tant en technique qu\u2019en improvisation.<\/p>\n<p><span style=\"font-size: 18px;\">&gt; L\u2019atelier\u00a0B<\/span> \u2013 Pour celles et ceux qui n\u2019ont pas encore ou peu pratiqu\u00e9 la danse contemporaine et l\u2019improvisation.<\/p>\n<p>&nbsp;<\/p>\n<p><span style=\"font-size: 18px;\">&gt; Dates :<\/span><\/p>\n<p><span style=\"font-size: 18px;\">4 et 5 Octobre, 8 et 9 Novembre, 6 et 7 D\u00e9cembre 2025,<\/span><\/p>\n<p><span style=\"font-size: 18px;\">10 et 11 Janvier, 7 et 8 F\u00e9vrier, 7 et 8 Mars, 11 et 12 Avril, 13 et 14 Juin 2026.<\/span><\/p>\n<p>&nbsp;<\/p>\n<p><span style=\"font-size: 18px;\">&gt; Horaires :\u00a0<\/span><\/p>\n<p><span style=\"font-size: 18px;\">Le samedi de 14h \u00e0 18h<\/span><\/p>\n<p><span style=\"font-size: 18px;\">Le dimanche de 11h \u00e0 13h et de 14h \u00e0 16h, sauf Dimanche 11 Janvier de 13h \u00e0 18h.<\/span><\/p>\n<p>&nbsp;<\/p>\n<p><span style=\"font-size: 18px;\">&gt; Tarif :\u00a0<\/span><\/p>\n<p><span style=\"font-size: 18px;\">60\u20ac le week-end<\/span><\/p>\n<p><span style=\"font-size: 18px;\">Possibilit\u00e9 d\u2019assister \u00e0 une seule journ\u00e9e d\u2019atelier seulement le samedi : 35 \u20ac<\/span><\/p>\n<p>&nbsp;<\/p>\n<p><span style=\"color: #ff6600; font-size: 18px;\"><strong>&gt; Premier atelier d\u00e9couverte :\u00a0<\/strong><\/span><\/p>\n<p><span style=\"color: #333333;\"><span style=\"color: #5a5a5a;\">20\u20ac \u2013 peu importe le week-end et sans adh\u00e9sion.<\/span><\/span><\/p>\n<p>&nbsp;<\/p>\n<p style=\"text-align: center;\"><span style=\"font-size: 16px;\"><em><span style=\"color: #333333;\"><span style=\"color: #5a5a5a;\">Une adh\u00e9sion suppl\u00e9mentaire de 5\u20ac sera \u00e0 r\u00e9gler \u00e0 l\u2019association La M\u00e9canique du Bonheur<\/span><\/span><\/em><\/span><\/p>\n<p style=\"text-align: center;\"><span style=\"font-size: 16px;\"><em><span style=\"color: #333333;\"><span style=\"color: #5a5a5a;\">Inscription \u00e0 la Maison de B\u00e9gon dont l\u2019adh\u00e9sion est obligatoire.<\/span><\/span><\/em><\/span><\/p>\n<p style=\"text-align: center;\"><span style=\"font-size: 16px;\"><em><span style=\"color: #333333;\"><span style=\"color: #5a5a5a;\">Informations sur <a class=\"broken_link\" href=\"http:\/\/www.lamecaniquedubonheur.fr\/\" rel=\"nofollow noopener\" target=\"_blank\">lamecaniquedubonheur.fr<\/a><\/span><\/span><\/em><\/span><\/p>\n<p style=\"text-align: center;\"><span style=\"font-size: 16px;\"><em><span style=\"color: #333333;\"><span style=\"color: #5a5a5a;\">Ou par mail\u00a0lamecaniquedubonheur@gmail.com<\/span><\/span><\/em><\/span><\/p>\n<\/div>\n<\/div>\n<\/div>\n","protected":false},"excerpt":{"rendered":"","protected":false},"author":1,"featured_media":0,"parent":0,"menu_order":0,"comment_status":"closed","ping_status":"closed","template":"","meta":{"_uag_custom_page_level_css":"","_wp_convertkit_post_meta":{"form":"-1","landing_page":"0","tag":"0","restrict_content":"0"},"jetpack_post_was_ever_published":false,"footnotes":""},"class_list":["post-1079","page","type-page","status-publish","czr-hentry"],"uagb_featured_image_src":{"full":false,"thumbnail":false,"medium":false,"medium_large":false,"large":false,"1536x1536":false,"2048x2048":false,"depicter-thumbnail":false,"tc-grid-full":false,"tc-grid":false,"tc-thumb":false,"slider-full":false,"slider":false,"sendpress-max":false},"uagb_author_info":{"display_name":"Maison de B\u00e9gon","author_link":"http:\/\/maisondebegon.com\/author\/maisonb\/"},"uagb_comment_info":0,"uagb_excerpt":null,"jetpack_sharing_enabled":true,"_links":{"self":[{"href":"http:\/\/maisondebegon.com\/index.php\/wp-json\/wp\/v2\/pages\/1079","targetHints":{"allow":["GET"]}}],"collection":[{"href":"http:\/\/maisondebegon.com\/index.php\/wp-json\/wp\/v2\/pages"}],"about":[{"href":"http:\/\/maisondebegon.com\/index.php\/wp-json\/wp\/v2\/types\/page"}],"author":[{"embeddable":true,"href":"http:\/\/maisondebegon.com\/index.php\/wp-json\/wp\/v2\/users\/1"}],"replies":[{"embeddable":true,"href":"http:\/\/maisondebegon.com\/index.php\/wp-json\/wp\/v2\/comments?post=1079"}],"version-history":[{"count":40,"href":"http:\/\/maisondebegon.com\/index.php\/wp-json\/wp\/v2\/pages\/1079\/revisions"}],"predecessor-version":[{"id":10208,"href":"http:\/\/maisondebegon.com\/index.php\/wp-json\/wp\/v2\/pages\/1079\/revisions\/10208"}],"wp:attachment":[{"href":"http:\/\/maisondebegon.com\/index.php\/wp-json\/wp\/v2\/media?parent=1079"}],"curies":[{"name":"wp","href":"https:\/\/api.w.org\/{rel}","templated":true}]}}